{"id":141561,"date":"2020-06-23T21:48:28","date_gmt":"2020-06-23T19:48:28","guid":{"rendered":"https:\/\/www.flexofficeagency.com\/virtual-office-rental\/"},"modified":"2025-01-29T18:48:22","modified_gmt":"2025-01-29T17:48:22","slug":"virtuella-kontor","status":"publish","type":"page","link":"https:\/\/www.flexofficeagency.com\/sv\/virtuella-kontor\/","title":{"rendered":"Virtuella Kontor"},"content":{"rendered":"<div class=\"wpb-content-wrapper\"><p>[vc_section dhsv_show_get_in_touch=&#8221;1&#8243;][vc_row][vc_column width=&#8221;11\/12&#8243;][vc_empty_space][vc_column_text]<\/p>\n<p class=\"h2\" style=\"text-align: left;\"><span style=\"font-weight: bold;\">Ditt Virtuella Kontor \u2013 litet pris, stor effekt<\/span><\/p>\n<p>F\u00f6r en br\u00e5kdel av kostnaden f\u00f6r att hyra fysiska lokaler ger ett virtuellt kontor ditt f\u00f6retag en omedelbar kontorsadress, en konsekvent n\u00e4rvaro n\u00e4r du inte \u00e4r tillg\u00e4nglig och tillg\u00e5ng till ett komplett utbud av kontorsfaciliteter och st\u00f6dtj\u00e4nster.<\/p>\n<p>Oavsett om ditt f\u00f6retag precis har startat, om du beh\u00f6ver etablera en n\u00e4rvaro p\u00e5 en annan plats eller om dina anst\u00e4llda arbetar p\u00e5 distans, ger ett virtuellt kontor dig alla de f\u00f6rdelar som ett annars dyrt traditionellt kontor ger dig, till ett betydligt l\u00e4gre pris.<\/p>\n<p><strong><span style=\"color: #677f70;\">H\u00e4r \u00e4r 5 s\u00e4tt p\u00e5 vilka ditt f\u00f6retag kan dra nytta av ett virtuellt kontor:<\/span><\/strong>[\/vc_column_text][vc_column_text]<\/p>\n<ul>\n<li>Omedelbar tillg\u00e4nglighet<\/li>\n<li>Prestigefyllda platser runt om i v\u00e4rlden<\/li>\n<li>Administrativt st\u00f6d<\/li>\n<li>Tillg\u00e5ng till konferensrum<\/li>\n<li>Privata kontor och coworking-byr\u00e5er p\u00e5 beg\u00e4ran<\/li>\n<\/ul>\n<p>[\/vc_column_text][vc_empty_space dhsv_emptyspace=&#8221;m-top-lg&#8221;][\/vc_column][vc_column width=&#8221;1\/12&#8243;][\/vc_column][\/vc_row][\/vc_section][vc_section][vc_row][vc_column][dhsv_vc_icon_blocks image_align=&#8221;center&#8221; blocks=&#8221;%5B%7B%22type%22%3A%22image%22%2C%22icon%22%3A%2210k%22%2C%22image%22%3A%22271601%22%2C%22title%22%3A%22F%C3%B6rstklassiga%20globala%20platser%22%2C%22text%22%3A%22F%C3%B6rstklassiga%20aff%C3%A4rsadresser%20utan%20kostnaden%20f%C3%B6r%20ett%20kontorsutrymme%22%2C%22bgcolor%22%3A%22secondary_10%22%7D%2C%7B%22type%22%3A%22image%22%2C%22icon%22%3A%2210k%22%2C%22image%22%3A%22271673%22%2C%22title%22%3A%22Professionellt%20st%C3%B6d%22%2C%22text%22%3A%22Mycket%20erfaren%20administrativ%20personal%20som%20representerar%20ditt%20f%C3%B6retag.%22%2C%22bgcolor%22%3A%22secondary_10%22%7D%2C%7B%22type%22%3A%22image%22%2C%22icon%22%3A%2210k%22%2C%22image%22%3A%22271532%22%2C%22title%22%3A%22M%C3%B6tesrum%20och%20lounger%22%2C%22text%22%3A%22Vackert%20designade%20konferens-%20och%20evenemangslokaler%20utrustade%20med%20den%20senaste%20tekniken.%22%2C%22bgcolor%22%3A%22secondary_10%22%7D%5D&#8221;][\/vc_column][\/vc_row][\/vc_section][vc_section][vc_row][vc_column width=&#8221;2\/3&#8243;][dhsv_vc_quote text=&#8221;En virtuell f\u00f6retagsadress ger dina kunder intrycket att du alltid \u00e4r tillg\u00e4nglig \u00e4ven n\u00e4r du \u00e4r p\u00e5 spr\u00e5ng.&#8221;][vc_empty_space][vc_empty_space dhsv_emptyspace=&#8221;m-top-md&#8221;][vc_column_text]<\/p>\n<h2>Adresser som s\u00e4tter ditt f\u00f6retag p\u00e5 kartan<\/h2>\n<p>Du beh\u00f6ver inte ha din verksamhet i ett livligt h\u00f6ghus i innerstaden f\u00f6r att kunna dra nytta av en h\u00f6gklassig f\u00f6retagsadress. Virtuella kontor finns i alla st\u00f6rre st\u00e4der runt om i v\u00e4rlden och \u00e4r ett prisv\u00e4rt s\u00e4tt att placera ditt f\u00f6retag i s\u00e4llskap med n\u00e5gra av de st\u00f6rsta globala f\u00f6retagen.<\/p>\n<p>En virtuell f\u00f6retagsadress erbjuder stabilitet och ger dina kunder intrycket att du alltid \u00e4r tillg\u00e4nglig \u00e4ven n\u00e4r du \u00e4r p\u00e5 spr\u00e5ng. Dina samtal besvaras alltid av en v\u00e4nlig r\u00f6st, inte av en r\u00f6stbrevl\u00e5da, och du kan till och med ordna f\u00f6retagsskyltar i byggnaden f\u00f6r att garantera maximal autenticitet.<\/p>\n<p>Med virtuella kontor kan du ocks\u00e5 ta dina m\u00f6ten och kundm\u00f6ten till n\u00e4sta niv\u00e5 av professionalism, med elegant utformade och professionellt betj\u00e4nade konferensrum och aff\u00e4rslounger. Dessa kan bokas med kort varsel per timme, dag eller vecka via din s\u00e4rskilda kontaktperson p\u00e5 f\u00f6retagscentret.<\/p>\n<p>L\u00e4mna ditt s\u00f6kande i h\u00e4nderna p\u00e5 FlexOfficeAgency experter p\u00e5 f\u00f6retagscenter s\u00e5 hj\u00e4lper vi dig inte bara att v\u00e4lja den perfekta platsen, utan ocks\u00e5 en leverant\u00f6r av virtuella kontor som kan st\u00f6dja din dagliga verksamhet som om de vore en del av ditt team. Och tack vare v\u00e5ra utm\u00e4rkta relationer med kontorscenteroperat\u00f6rer runt om i v\u00e4rlden ser vi ocks\u00e5 till att du f\u00e5r det b\u00e4sta erbjudandet.[\/vc_column_text][\/vc_column][vc_column width=&#8221;1\/3&#8243;][dhsv_vc_image_quote image=&#8221;83570&#8243; quote_color=&#8221;primary&#8221; quote=&#8221;Du beh\u00f6ver inte ha din verksamhet i ett livligt h\u00f6ghus i innerstaden f\u00f6r att kunna dra nytta av en h\u00f6gklassig aff\u00e4rsadress.&#8221;][\/vc_column][\/vc_row][\/vc_section][vc_section full_width=&#8221;stretch_row&#8221; dhsv_background_color=&#8221;bg_shadow&#8221;][vc_row][vc_column][vc_column_text]<\/p>\n<p class=\"h3 semibold\">F\u00f6rdelarna och alternativen med ett Virtuellt Kontor<\/p>\n<p>[\/vc_column_text][dhsv_vc_icon_slider slides=&#8221;%5B%7B%22type%22%3A%22image%22%2C%22icon%22%3A%22speed%22%2C%22image%22%3A%22271378%22%2C%22title%22%3A%22Omedelbar%20start%22%7D%2C%7B%22type%22%3A%22image%22%2C%22icon%22%3A%22expand%22%2C%22image%22%3A%22271246%22%2C%22title%22%3A%22Flexibla%20avtalsl%C3%A4ngder%22%7D%2C%7B%22type%22%3A%22image%22%2C%22icon%22%3A%2210k%22%2C%22image%22%3A%22271663%22%2C%22title%22%3A%22Registrering%20av%20f%C3%B6retag%22%7D%2C%7B%22type%22%3A%22image%22%2C%22icon%22%3A%22meeting_room%22%2C%22image%22%3A%22271532%22%2C%22title%22%3A%22Konferensrum%22%7D%2C%7B%22type%22%3A%22image%22%2C%22icon%22%3A%22headset_mic%22%2C%22image%22%3A%22271673%22%2C%22title%22%3A%22Svarstj%C3%A4nst%22%7D%2C%7B%22type%22%3A%22image%22%2C%22icon%22%3A%22local_post_office%22%2C%22image%22%3A%22271678%22%2C%22title%22%3A%22Posthantering%22%7D%2C%7B%22type%22%3A%22image%22%2C%22icon%22%3A%22person_pin_circle%22%2C%22image%22%3A%22271683%22%2C%22title%22%3A%22Administrativt%20st%C3%B6d%22%7D%2C%7B%22type%22%3A%22image%22%2C%22icon%22%3A%2210k%22%2C%22image%22%3A%22271688%22%2C%22title%22%3A%22F%C3%B6retagets%20skyltning%22%7D%2C%7B%22type%22%3A%22image%22%2C%22icon%22%3A%2210k%22%2C%22image%22%3A%22271241%22%2C%22title%22%3A%22Bemannad%20reception%22%7D%2C%7B%22type%22%3A%22image%22%2C%22icon%22%3A%2210k%22%2C%22image%22%3A%22271668%22%2C%22title%22%3A%22Aff%C3%A4rslounger%22%7D%2C%7B%22type%22%3A%22image%22%2C%22icon%22%3A%2210k%22%2C%22image%22%3A%22271653%22%2C%22title%22%3A%22F%C3%B6rstklassiga%20platser%22%7D%5D&#8221;][\/vc_column][\/vc_row][\/vc_section][vc_section][vc_row][vc_column width=&#8221;2\/3&#8243;][vc_empty_space][vc_column_text]<\/p>\n<h2>Arbeta var som helst i v\u00e4rlden<\/h2>\n<p>Med en utbredd anv\u00e4ndning av mobila enheter, n\u00e4stan obegr\u00e4nsad tillg\u00e5ng till internet och ett v\u00e4xande behov av att balansera arbete och privatliv finns det m\u00e5nga sk\u00e4l att undvika den monotona vardagspendlingen i utbyte mot ett virtuellt kontor eller en f\u00f6retagsadress. Spara p\u00e5 hyran, spara tid och pengar p\u00e5 att resa till ett kontor varje dag och till och med spara p\u00e5 personalkostnader genom att utnyttja de professionella st\u00f6dtj\u00e4nster som erbjuds.<\/p>\n<p>Ett virtuellt kontor ger dig som arbetsgivare flexibiliteten att anst\u00e4lla den b\u00e4sta personen f\u00f6r jobbet, oavsett var han eller hon \u00e4r baserad. Du och din personal kan undvika resekostnader och l\u00e5nga pendlingsstr\u00e4ckor, njuta av flexibla arbetsalternativ och \u00e5terskapa en balans mellan arbete och privatliv som i sin tur kan \u00f6ka kreativiteten, lojaliteten och produktiviteten.<\/p>\n<p>Det b\u00e4sta av allt \u00e4r att n\u00e4r du beh\u00f6ver samla ditt team f\u00f6r att tr\u00e4ffas och samarbeta kan du inte bara hyra m\u00f6tesrum och eventutrymmen f\u00f6r workshops, utan ocks\u00e5 coworking-bord eller kontor per dag, eller hur l\u00e4nge du \u00e4n beh\u00f6ver en arbetsplats.[\/vc_column_text][vc_empty_space dhsv_emptyspace=&#8221;m-top-md&#8221;][\/vc_column][vc_column width=&#8221;1\/3&#8243;][vc_empty_space dhsv_emptyspace=&#8221;m-top-md&#8221;][dhsv_vc_media image=&#8221;126700&#8243;][vc_empty_space][\/vc_column][\/vc_row][\/vc_section][vc_section full_width=&#8221;stretch_row&#8221; dhsv_background_color=&#8221;bg_primary-gradient&#8221;][vc_row][vc_column][dhsv_vc_template_element template_id=&#8221;141263&#8243;][\/vc_column][\/vc_row][\/vc_section][vc_section][vc_row][vc_column width=&#8221;2\/3&#8243;][vc_empty_space][vc_column_text]<\/p>\n<h2>Choosing the right address is now easier<\/h2>\n<p>Why spend hours scrolling through the endless online virtual office listings when you can send one enquiry and get an overview of all the relevant options?<\/p>\n<p>Not only will you save time searching, but you\u2019ll save money too! At FlexOfficeAgency our experienced flex office consultants have access to the best prices because they are constantly in touch with virtual office providers around the world.<\/p>\n<p>We will help you negotiate an offer and ensure that the setup of your business address is quick and hassle-free.<\/p>\n<p><span style=\"color: #677f70;\"><strong>How a virtual business address can benefit your business:<\/strong><\/span>[\/vc_column_text][vc_column_text]<\/p>\n<ul>\n<li>You get to enjoy working flexibly whilst offering your clients a consistent presence.<\/li>\n<li>Remote teams have a fixed base where they can meet if and when required.<\/li>\n<li>Coworking desks &amp; private day offices can be rented on-demand.<\/li>\n<li>Professional support services take the administrative burden off your shoulders.<\/li>\n<li>Your business cards will boast a first-class company address.<\/li>\n<\/ul>\n<p>[\/vc_column_text][vc_empty_space dhsv_emptyspace=&#8221;m-top-md&#8221;][vc_column_text]<strong>FlexOfficeAgency erbjuder det snabbaste och enklaste s\u00e4ttet att hitta den b\u00e4sta platsen och det b\u00e4sta priset f\u00f6r uthyrning av ett virtuellt kontor. Anslut dig till oss idag f\u00f6r att f\u00e5 en \u00f6versikt \u00f6ver alla alternativ i din inkorg.<\/strong>[\/vc_column_text][\/vc_column][vc_column width=&#8221;1\/3&#8243;][vc_empty_space][dhsv_vc_image_quote image=&#8221;84368&#8243; quote_align=&#8221;align-left&#8221; quote=&#8221;Vi ser till att det g\u00e5r snabbt och smidigt att skapa din f\u00f6retagsadress.&#8221;][vc_empty_space][\/vc_column][\/vc_row][\/vc_section][vc_row][vc_column][dhsv_vc_template_element template_id=&#8221;140495&#8243;][\/vc_column][\/vc_row]<\/p>\n<\/div>","protected":false},"excerpt":{"rendered":"<p>[vc_section dhsv_show_get_in_touch=&#8221;1&#8243;][vc_row][vc_column width=&#8221;11\/12&#8243;][vc_empty_space][vc_column_text] Ditt Virtuella Kontor \u2013 litet pris, stor effekt F\u00f6r en br\u00e5kdel av kostnaden f\u00f6r att hyra fysiska lokaler ger ett virtuellt kontor ditt f\u00f6retag en omedelbar kontorsadress, en konsekvent n\u00e4rvaro n\u00e4r du inte \u00e4r tillg\u00e4nglig och tillg\u00e5ng till ett komplett utbud av kontorsfaciliteter och st\u00f6dtj\u00e4nster. Oavsett om ditt f\u00f6retag precis har startat, &hellip; <a href=\"https:\/\/www.flexofficeagency.com\/sv\/virtuella-kontor\/\">Continued<\/a><\/p>\n","protected":false},"author":4,"featured_media":268573,"parent":0,"menu_order":0,"comment_status":"closed","ping_status":"closed","template":"","meta":{"_acf_changed":false,"footnotes":""},"class_list":["post-141561","page","type-page","status-publish","has-post-thumbnail","hentry"],"acf":[],"_links":{"self":[{"href":"https:\/\/www.flexofficeagency.com\/sv\/wp-json\/wp\/v2\/pages\/141561","targetHints":{"allow":["GET"]}}],"collection":[{"href":"https:\/\/www.flexofficeagency.com\/sv\/wp-json\/wp\/v2\/pages"}],"about":[{"href":"https:\/\/www.flexofficeagency.com\/sv\/wp-json\/wp\/v2\/types\/page"}],"author":[{"embeddable":true,"href":"https:\/\/www.flexofficeagency.com\/sv\/wp-json\/wp\/v2\/users\/4"}],"replies":[{"embeddable":true,"href":"https:\/\/www.flexofficeagency.com\/sv\/wp-json\/wp\/v2\/comments?post=141561"}],"version-history":[{"count":0,"href":"https:\/\/www.flexofficeagency.com\/sv\/wp-json\/wp\/v2\/pages\/141561\/revisions"}],"wp:featuredmedia":[{"embeddable":true,"href":"https:\/\/www.flexofficeagency.com\/sv\/wp-json\/wp\/v2\/media\/268573"}],"wp:attachment":[{"href":"https:\/\/www.flexofficeagency.com\/sv\/wp-json\/wp\/v2\/media?parent=141561"}],"curies":[{"name":"wp","href":"https:\/\/api.w.org\/{rel}","templated":true}]}}