{"id":141517,"date":"2020-05-06T17:58:29","date_gmt":"2020-05-06T15:58:29","guid":{"rendered":"https:\/\/www.flexofficeagency.com\/rent-a-coworking-space\/"},"modified":"2025-01-29T17:14:01","modified_gmt":"2025-01-29T16:14:01","slug":"hyr-ett-coworking-utrymme","status":"publish","type":"page","link":"https:\/\/www.flexofficeagency.com\/sv\/hyr-ett-coworking-utrymme\/","title":{"rendered":"Hyr ett Coworking-Utrymme"},"content":{"rendered":"<div class=\"wpb-content-wrapper\"><p>[vc_section][vc_row][vc_column][dhsv_vc_icon_blocks image_align=&#8221;center&#8221; blocks=&#8221;%5B%7B%22type%22%3A%22image%22%2C%22icon%22%3A%2210k%22%2C%22image%22%3A%22271455%22%2C%22title%22%3A%22100%20%25%20provisionsfri%22%2C%22text%22%3A%22FlexOfficeAgency%20erbjuder%20snabb%20service%20som%20inte%20kostar%20dig%20ett%20%C3%B6re.%22%2C%22bgcolor%22%3A%22secondary_10%22%7D%2C%7B%22type%22%3A%22image%22%2C%22icon%22%3A%2210k%22%2C%22image%22%3A%22271450%22%2C%22title%22%3A%22Insiktsfullt%20expertst%C3%B6d%22%2C%22text%22%3A%22V%C3%A5ra%20experter%20hj%C3%A4lper%20dig%20hela%20v%C3%A4gen%20och%20stannar%20vid%20din%20sida%20%C3%A4ven%20efter%20att%20du%20har%20flyttat%20in.%22%2C%22bgcolor%22%3A%22secondary_10%22%7D%2C%7B%22type%22%3A%22image%22%2C%22icon%22%3A%2210k%22%2C%22image%22%3A%22271462%22%2C%22title%22%3A%22Anpassad%20arbetsyta%22%2C%22text%22%3A%22Vi%20skr%C3%A4ddarsyr%20en%20flexibel%20kontorsl%C3%B6sning%20som%20passar%20ditt%20f%C3%B6retag%20och%20din%20budget.%22%2C%22bgcolor%22%3A%22secondary_10%22%7D%5D&#8221;][\/vc_column][\/vc_row][\/vc_section][vc_section dhsv_no_padding=&#8221;1&#8243;][vc_row][vc_column][vc_column_text]<\/p>\n<h2 class=\"h2\" style=\"text-align: center;\">En inspirerande och flexibel coworking-l\u00f6sning f\u00f6r team av alla storlekar<\/h2>\n<p style=\"text-align: center;\">Vi f\u00f6rst\u00e5r att varje f\u00f6retag har individuella behov av arbetsutrymme, och dessa behov \u00e4r ofta unika f\u00f6r varje team eller till och med f\u00f6r varje anst\u00e4lld. D\u00e4rf\u00f6r v\u00e4nder sig fler och fler f\u00f6retag till flexibla koncept som coworking som en l\u00f6sning f\u00f6r kontorsutrymmen.<\/p>\n<p style=\"text-align: center;\">Med v\u00e5rt stora internationella n\u00e4tverk av partners och v\u00e5r omfattande erfarenhet av uthyrning av flexibla kontorsutrymmen kommer vi inte bara att hitta den perfekta platsen, utan vi hj\u00e4lper dig ocks\u00e5 att skr\u00e4ddarsy en hel coworking-l\u00f6sning som matchar din arbetsstil, dina aff\u00e4rsm\u00e5l och din budget.<\/p>\n<p style=\"text-align: center;\"><strong>FlexOfficeAgency &#8211; det finns inget enklare s\u00e4tt att hitta det perfekta kontoret.<\/strong><\/p>\n<p>[\/vc_column_text][\/vc_column][\/vc_row][\/vc_section][vc_section][vc_row][vc_column width=&#8221;2\/3&#8243;][dhsv_vc_quote text=&#8221;Miljontals m\u00e4nniskor i alla branscher och fr\u00e5n f\u00f6retag av alla storlekar drar nytta av de m\u00e5nga f\u00f6rdelarna med delade arbetsutrymmen.&#8221;][vc_empty_space dhsv_emptyspace=&#8221;m-top-md&#8221;][vc_column_text]<\/p>\n<h2>Hyr kreativa, flexibla coworkingutrymmen var du \u00e4n beh\u00f6ver dem.<\/h2>\n<p>Miljontals m\u00e4nniskor i alla branscher, fr\u00e5n f\u00f6retag av alla storlekar, drar nytta av de m\u00e5nga f\u00f6rdelarna med delade arbetsutrymmen. De best\u00e4mmer sina egna arbetstider, v\u00e4ljer att arbeta tillsammans eller ensamma p\u00e5 sitt privata coworking-kontor och har tillg\u00e5ng till en rad extrafunktioner som fitnessfaciliteter och n\u00e4tverksevenemang i slutet av dagen. Detta s\u00e4tt att arbeta har aldrig varit mer popul\u00e4rt.<\/p>\n<p>Coworking-medlemskap ger dig tillg\u00e5ng till vackert underh\u00e5llna kontor, i en kreativ atmosf\u00e4r, med bra infrastruktur, \u00f6ver hela v\u00e4rlden. Oavsett var du letar efter skrivbord &#8211; oavsett om det \u00e4r i Stockholm, G\u00f6teborg, Malm\u00f6, eller i en global storstad som London, Paris eller New York &#8211; hittar vi en l\u00e4mplig l\u00f6sning f\u00f6r dig.[\/vc_column_text][vc_empty_space][vc_column_text]<\/p>\n<h3><span style=\"color: #677f70;\">Det breda utbudet av alternativ av Coworking-miilj\u00f6er omfattar:<\/span><\/h3>\n<ul>\n<li>Hot desks &amp; fixed desks<\/li>\n<li>Privata kontor<\/li>\n<li>F\u00f6retagssviter<\/li>\n<li>S\u00e4rskilda gemenskapsutrymmen<\/li>\n<li>Coworking-l\u00f6sningar f\u00f6r f\u00f6retag<\/li>\n<\/ul>\n<p>[\/vc_column_text][\/vc_column][vc_column width=&#8221;1\/3&#8243;][dhsv_vc_image_quote image=&#8221;83350&#8243; quote_color=&#8221;primary&#8221; quote=&#8221;Njut av vackert underh\u00e5llna kontor \u00f6ver hela v\u00e4rlden.&#8221;][\/vc_column][\/vc_row][\/vc_section][vc_section full_width=&#8221;stretch_row&#8221; dhsv_background_color=&#8221;bg_shadow&#8221;][vc_row icon_align=&#8221;left&#8221; text_align=&#8221;left&#8221; slides=&#8221;%5B%7B%22type%22%3A%22font%22%2C%22icon%22%3A%22star_border%22%2C%22title%22%3A%22State-of-the-art%20equipment%22%7D%2C%7B%22type%22%3A%22font%22%2C%22icon%22%3A%22fullscreen%22%2C%22title%22%3A%22Expand%20or%20downsize%22%7D%2C%7B%22type%22%3A%22font%22%2C%22icon%22%3A%22speed%22%2C%22title%22%3A%22Immediate%20occupancy%22%7D%2C%7B%22type%22%3A%22font%22%2C%22icon%22%3A%22expand%22%2C%22title%22%3A%22Flexible%20contract%20lengths%22%7D%2C%7B%22type%22%3A%22font%22%2C%22icon%22%3A%22money_off%22%2C%22title%22%3A%22No%20upfront%20costs%22%7D%2C%7B%22type%22%3A%22font%22%2C%22icon%22%3A%22meeting_room%22%2C%22title%22%3A%22Access%20to%20conference%20rooms%22%7D%2C%7B%22type%22%3A%22font%22%2C%22icon%22%3A%22local_post_office%22%2C%22title%22%3A%22Mail%20handling%22%7D%2C%7B%22type%22%3A%22font%22%2C%22icon%22%3A%22phonelink%22%2C%22title%22%3A%22Phone%20%26%20network%20connections%22%7D%2C%7B%22type%22%3A%22font%22%2C%22icon%22%3A%22invert_colors%22%2C%22title%22%3A%22Daily%20cleaning%22%7D%2C%7B%22type%22%3A%22font%22%2C%22icon%22%3A%22headset_mic%22%2C%22title%22%3A%22Answering%20service%22%7D%2C%7B%22type%22%3A%22font%22%2C%22icon%22%3A%22access_time%22%2C%22title%22%3A%2224-hour%20office%20access%22%7D%2C%7B%22type%22%3A%22font%22%2C%22icon%22%3A%22person_pin_circle%22%2C%22title%22%3A%22Onsite%20support%20staff%22%7D%5D&#8221;][vc_column][vc_column_text]<\/p>\n<p class=\"h3 semibold\">Varf\u00f6r miljontals f\u00f6retag v\u00e4rlden \u00f6ver v\u00e4ljer Coworking<\/p>\n<p>[\/vc_column_text][\/vc_column][\/vc_row][vc_row][vc_column][dhsv_vc_icon_slider slides=&#8221;%5B%7B%22type%22%3A%22image%22%2C%22icon%22%3A%22star_border%22%2C%22image%22%3A%22271388%22%2C%22title%22%3A%22Toppmodern%20utrustning%22%7D%2C%7B%22type%22%3A%22image%22%2C%22icon%22%3A%22fullscreen%22%2C%22image%22%3A%22271266%22%2C%22title%22%3A%22Expandera%20eller%20minska%22%7D%2C%7B%22type%22%3A%22image%22%2C%22icon%22%3A%22speed%22%2C%22image%22%3A%22271251%22%2C%22title%22%3A%22Omedelbar%20inflyttning%22%7D%2C%7B%22type%22%3A%22image%22%2C%22icon%22%3A%22expand%22%2C%22image%22%3A%22271246%22%2C%22title%22%3A%22Flexibla%20avtalsl%C3%A4ngder%22%7D%2C%7B%22type%22%3A%22image%22%2C%22icon%22%3A%22meeting_room%22%2C%22image%22%3A%22271532%22%2C%22title%22%3A%22Tillg%C3%A5ng%20till%20konferensrum%22%7D%2C%7B%22type%22%3A%22image%22%2C%22icon%22%3A%22local_post_office%22%2C%22image%22%3A%22271236%22%2C%22title%22%3A%22Hantering%20av%20post%22%7D%2C%7B%22type%22%3A%22image%22%2C%22icon%22%3A%22phonelink%22%2C%22image%22%3A%22271261%22%2C%22title%22%3A%22Telefon-%20och%20n%C3%A4tverksanslutningar%22%7D%2C%7B%22type%22%3A%22image%22%2C%22icon%22%3A%22invert_colors%22%2C%22image%22%3A%22271256%22%2C%22title%22%3A%22Daglig%20reng%C3%B6ring%22%7D%2C%7B%22type%22%3A%22image%22%2C%22icon%22%3A%22headset_mic%22%2C%22image%22%3A%22271241%22%2C%22title%22%3A%22Svarstj%C3%A4nst%22%7D%2C%7B%22type%22%3A%22image%22%2C%22icon%22%3A%22access_time%22%2C%22image%22%3A%22271395%22%2C%22title%22%3A%22Tillg%C3%A5ng%20till%20kontoret%20dygnet%20runt%22%7D%2C%7B%22type%22%3A%22image%22%2C%22icon%22%3A%22person_pin_circle%22%2C%22image%22%3A%22271522%22%2C%22title%22%3A%22St%C3%B6dpersonal%20p%C3%A5%20plats%22%7D%5D&#8221;][\/vc_column][\/vc_row][\/vc_section][vc_section][vc_row][vc_column width=&#8221;2\/3&#8243;][vc_empty_space][vc_column_text]<\/p>\n<h2>Coworking: mer \u00e4n &#8221;bara&#8221; delade Kontorsutrymmen<\/h2>\n<p>Grundl\u00e4ggande f\u00f6r\u00e4ndringar i v\u00e5rt s\u00e4tt att arbeta och g\u00f6ra aff\u00e4rer inneb\u00e4r att kontoret, som vi tidigare k\u00e4nde till det, en plats d\u00e4r man kan arbeta, nu spelar en mycket viktigare roll i ett f\u00f6retags strategi. Det kan fungera som ett verktyg f\u00f6r att locka till sig talanger, st\u00e4rka f\u00f6retagets image och \u00f6ka produktiviteten.<\/p>\n<p>Det \u00e4r d\u00e4rf\u00f6r coworking inte l\u00e4ngre bara anses vara en &#8221;trend&#8221; f\u00f6r frilansare och nystartade f\u00f6retag, utan har blivit en standardkontorsl\u00f6sning f\u00f6r v\u00e4xande sm\u00e5 och medelstora f\u00f6retag och globala f\u00f6retag som vill dra nytta av den dynamiska arbetsmilj\u00f6 som coworking space erbjuder.<\/p>\n<p>Faktum \u00e4r att termen &#8221;coworking&#8221; i sig sj\u00e4lv har utvecklats fr\u00e5n att tidigare ha varit f\u00f6rknippad med \u00f6ppna och avslappnade arbetsytor till att nu omfatta en bredare f\u00f6rest\u00e4llning om vad den moderna arbetsplatsen b\u00f6r erbjuda.<\/p>\n<p>Med s\u00e5 m\u00e5nga olika designkoncept, bekv\u00e4mligheter och platser runt om i v\u00e4rlden kan det vara sv\u00e5rt att veta vilken coworking-milj\u00f6 som passar b\u00e4st f\u00f6r ditt f\u00f6retag. P\u00e5 FlexOfficeAgency g\u00f6r vi det dock till v\u00e5r uppgift att k\u00e4nna till alla coworking-utrymmen s\u00e5 att du inte beh\u00f6ver gissa.<\/p>\n<p>Oavsett om du vill hyra ett skrivbord f\u00f6r en dag eller ett helt coworking-golv f\u00f6r din personal, kommer FlexOfficeAgency att effektivisera ditt s\u00f6kande \u2013 utan kostnad f\u00f6r dig.[\/vc_column_text][vc_empty_space dhsv_emptyspace=&#8221;m-top-md&#8221;][\/vc_column][vc_column width=&#8221;1\/3&#8243;][vc_empty_space][dhsv_vc_image_quote image=&#8221;83490&#8243; quote_align=&#8221;align-left&#8221; quote=&#8221;Coworking omdefinierar n\u00e4r, var och hur vi arbetar.&#8221;][vc_empty_space][\/vc_column][\/vc_row][\/vc_section][vc_section full_width=&#8221;stretch_row&#8221; dhsv_background_color=&#8221;bg_primary-gradient&#8221;][vc_row][vc_column][dhsv_vc_template_element template_id=&#8221;141263&#8243;][\/vc_column][\/vc_row][\/vc_section][vc_section][vc_row][vc_column width=&#8221;2\/3&#8243;][vc_empty_space][vc_column_text]<\/p>\n<h2>Din guide f\u00f6r att hitta det perfekta Coworking-centret<\/h2>\n<p>Att hitta coworking-arbetsrum \u00f6ver hela v\u00e4rlden kan tyckas vara en skr\u00e4mmande uppgift, men det \u00e4r vad vi brinner f\u00f6r. Vi g\u00f6r det till v\u00e5r uppgift att k\u00e4nna till alla coworking-utrymmen s\u00e5 att du inte beh\u00f6ver gissa.<\/p>\n<p>V\u00e5rt n\u00e4tverk av internationella partnerskap har byggts upp under ett antal \u00e5r, s\u00e5 vi \u00e4r alltid medvetna om ett enormt utbud av delade kontorsutrymmen, \u00f6ver hela v\u00e4rlden, s\u00e5 snart de \u00e4r tillg\u00e4ngliga &#8211; eller tidigare.<\/p>\n<p>FlexOfficeAgency best\u00e5r av ett team av dedikerade experter p\u00e5 flexkontor, som ser till att du f\u00e5r tillg\u00e5ng till exklusiva hyrespriser OCH sk\u00f6ter kontraktsf\u00f6rhandlingarna f\u00f6r din r\u00e4kning &#8211; vilket h\u00e5ller dina kostnader nere och sparar tid. Det b\u00e4sta av allt \u00e4r att v\u00e5rt arbete \u00e4r gratis f\u00f6r dig![\/vc_column_text][vc_empty_space dhsv_emptyspace=&#8221;m-top-md&#8221;][vc_column_text]<\/p>\n<h3><span style=\"color: #677f70;\">Oavsett var du blir Coworking-medlem, kan du dock dra nytta av Shared Space Solutions:<\/span><\/h3>\n<ul>\n<li>Tillg\u00e4ngliga med kort varsel<\/li>\n<li>M\u00f6jlighet att skala upp i den takt som passar dig<\/li>\n<li>Stort urval av globala platser<\/li>\n<li>Fullt m\u00f6blerade<\/li>\n<li>Full flexibilitet: du v\u00e4ljer sj\u00e4lv vilka bekv\u00e4mligheter du beh\u00f6ver<\/li>\n<\/ul>\n<p>[\/vc_column_text][vc_empty_space][\/vc_column][vc_column width=&#8221;1\/3&#8243;][vc_empty_space][dhsv_vc_image_quote image=&#8221;83642&#8243; quote_color=&#8221;primary&#8221; quote=&#8221;Det \u00e4r v\u00e5r uppgift att k\u00e4nna till alla Coworking Spaces s\u00e5 att du inte beh\u00f6ver gissa.&#8221;][vc_empty_space][\/vc_column][\/vc_row][\/vc_section][vc_section full_width=&#8221;stretch_row&#8221;][vc_row][vc_column][dhsv_vc_vertical_slider element_type=&#8221;small&#8221; slides=&#8221;%5B%7B%22type%22%3A%22font%22%2C%22icon%22%3A%22group_add%22%2C%22title%22%3A%22Skalbara%20arbetsutrymmen%22%2C%22headline%22%3A%22Skalbara%20arbetsutrymmen%22%2C%22text%22%3A%22Konstellationen%20av%20dina%20team%20i%20dag%20kan%20se%20annorlunda%20ut%20j%C3%A4mf%C3%B6rt%20med%20n%C3%A4sta%20m%C3%A5nad%20%E2%80%93%20dina%2010%20anst%C3%A4llda%20kan%20v%C3%A4xa%20till%2020%20eller%20vice%20versa.%20Med%20ett%20flexkontorshyresavtal%20kan%20du%20snabbt%20skala%20upp%20eller%20ner%20antalet%20arbetsstationer%20och%20f%C3%A5%20b%C3%A4ttre%20kontroll%20%C3%B6ver%20dina%20omkostnader.%22%2C%22image%22%3A%2267733%22%7D%2C%7B%22type%22%3A%22font%22%2C%22icon%22%3A%22power%22%2C%22title%22%3A%22Plug%20%26%20Play-kontor%22%2C%22headline%22%3A%22Plug%20%26%20Play-kontor%22%2C%22text%22%3A%22Det%20%C3%A4r%20lika%20enkelt%20som%20att%20g%C3%A5%20in%20p%C3%A5%20kontoret%2C%20ansluta%20din%20b%C3%A4rbara%20dator%20eller%20PC%20till%20det%20supersnabba%20WiFi-n%C3%A4tverket%20och%20b%C3%B6rja%20arbeta%20direkt.%20Ingen%20stillest%C3%A5ndstid%2C%20ingen%20f%C3%B6rflyttning%2C%20ingen%20anstr%C3%A4ngning.%22%2C%22image%22%3A%2275042%22%7D%2C%7B%22type%22%3A%22font%22%2C%22icon%22%3A%22fullscreen%22%2C%22title%22%3A%22Flexibla%20hyresvillkor%22%2C%22headline%22%3A%22Flexibla%20hyresvillkor%22%2C%22text%22%3A%22I%20tider%20av%20os%C3%A4kerhet%20har%20f%C3%B6retag%20inte%20r%C3%A5d%20att%20vara%20l%C3%A5sta%20i%20l%C3%A5ngsiktiga%20hyresavtal%20och%20%C3%A5taganden.%20Med%20ett%20flexibelt%20kontorsutrymme%20betalar%20du%20bara%20f%C3%B6r%20det%20du%20verkligen%20beh%C3%B6ver%2C%20s%C3%A5%20l%C3%A4nge%20du%20beh%C3%B6ver%20det.%22%2C%22image%22%3A%2283550%22%7D%2C%7B%22type%22%3A%22font%22%2C%22icon%22%3A%22move_to_inbox%22%2C%22title%22%3A%22G%C3%A5%20direkt%20in%22%2C%22headline%22%3A%22G%C3%A5%20direkt%20in%22%2C%22text%22%3A%22Problemfri%20kontorslokal%20med%20kort%20varsel%20%E2%80%93%20flytta%20in%20inom%2024%20timmar%20och%20b%C3%B6rja%20arbeta%20direkt.%20Vi%20g%C3%B6r%20alla%20arrangemang%20s%C3%A5%20att%20du%20helt%20enkelt%20kan%20skriva%20under%20hyresavtalet%20idag%20och%20flytta%20in%20imorgon!%22%2C%22image%22%3A%2274694%22%7D%5D&#8221;][\/vc_column][\/vc_row][\/vc_section][vc_section][vc_row][vc_column width=&#8221;2\/3&#8243;][vc_empty_space][vc_column_text]<\/p>\n<h2 class=\"h2\">Coworking-l\u00f6sningar som passar din budget<\/h2>\n<p>Det \u00e4r inte l\u00e4tt att ta ditt f\u00f6retag till n\u00e4sta niv\u00e5. Det finns mycket att hantera. Men du beh\u00f6ver inte g\u00f6ra det utan st\u00f6d. V\u00e5rt v\u00e4nliga team finns p\u00e5 plats f\u00f6r att verkligen f\u00f6rst\u00e5 din verksamhet, dina m\u00e5l och, naturligtvis, din budget.<\/p>\n<p>Och eftersom vi \u00e4r fastighetsexperter, s\u00e5 beh\u00f6ver du inte oroa dig f\u00f6r kontraktsf\u00f6rhandlingarna, ser vi till att du f\u00e5r b\u00e4sta m\u00f6jliga pris.<\/p>\n<p>V\u00e5rt globala n\u00e4tverk av coworking-f\u00f6retag garanterar att du hittar det perfekta flexkontorsutrymmet f\u00f6r dig, oavsett var du befinner dig, eller vill vara. Det \u00e4r d\u00e4rf\u00f6r vi \u00e4r din fr\u00e4msta partner inom coworking.[\/vc_column_text][vc_empty_space dhsv_emptyspace=&#8221;m-top-md&#8221;][vc_column_text]<\/p>\n<h4>Oavsett om du \u00e4r frilansare, sm\u00e5f\u00f6retagare eller representant f\u00f6r ett internationellt f\u00f6retag omvandlar vi dina behov till en l\u00f6sning.<\/h4>\n<p>[\/vc_column_text][vc_empty_space][\/vc_column][vc_column width=&#8221;1\/3&#8243;][vc_empty_space][dhsv_vc_media image=&#8221;141540&#8243;][\/vc_column][\/vc_row][\/vc_section][vc_row][vc_column][dhsv_vc_template_element template_id=&#8221;140495&#8243;][\/vc_column][\/vc_row]<\/p>\n<\/div>","protected":false},"excerpt":{"rendered":"<p>[vc_section][vc_row][vc_column][dhsv_vc_icon_blocks image_align=&#8221;center&#8221; blocks=&#8221;%5B%7B%22type%22%3A%22image%22%2C%22icon%22%3A%2210k%22%2C%22image%22%3A%22271455%22%2C%22title%22%3A%22100%20%25%20provisionsfri%22%2C%22text%22%3A%22FlexOfficeAgency%20erbjuder%20snabb%20service%20som%20inte%20kostar%20dig%20ett%20%C3%B6re.%22%2C%22bgcolor%22%3A%22secondary_10%22%7D%2C%7B%22type%22%3A%22image%22%2C%22icon%22%3A%2210k%22%2C%22image%22%3A%22271450%22%2C%22title%22%3A%22Insiktsfullt%20expertst%C3%B6d%22%2C%22text%22%3A%22V%C3%A5ra%20experter%20hj%C3%A4lper%20dig%20hela%20v%C3%A4gen%20och%20stannar%20vid%20din%20sida%20%C3%A4ven%20efter%20att%20du%20har%20flyttat%20in.%22%2C%22bgcolor%22%3A%22secondary_10%22%7D%2C%7B%22type%22%3A%22image%22%2C%22icon%22%3A%2210k%22%2C%22image%22%3A%22271462%22%2C%22title%22%3A%22Anpassad%20arbetsyta%22%2C%22text%22%3A%22Vi%20skr%C3%A4ddarsyr%20en%20flexibel%20kontorsl%C3%B6sning%20som%20passar%20ditt%20f%C3%B6retag%20och%20din%20budget.%22%2C%22bgcolor%22%3A%22secondary_10%22%7D%5D&#8221;][\/vc_column][\/vc_row][\/vc_section][vc_section dhsv_no_padding=&#8221;1&#8243;][vc_row][vc_column][vc_column_text] En inspirerande och flexibel coworking-l\u00f6sning f\u00f6r team av alla storlekar Vi f\u00f6rst\u00e5r att varje f\u00f6retag har individuella behov av arbetsutrymme, och dessa behov \u00e4r ofta unika f\u00f6r varje team eller till och med f\u00f6r varje anst\u00e4lld. D\u00e4rf\u00f6r v\u00e4nder sig fler och fler f\u00f6retag till flexibla koncept som coworking som en l\u00f6sning &hellip; <a href=\"https:\/\/www.flexofficeagency.com\/sv\/hyr-ett-coworking-utrymme\/\">Continued<\/a><\/p>\n","protected":false},"author":4,"featured_media":268418,"parent":0,"menu_order":0,"comment_status":"closed","ping_status":"closed","template":"","meta":{"_acf_changed":false,"footnotes":""},"class_list":["post-141517","page","type-page","status-publish","has-post-thumbnail","hentry"],"acf":[],"_links":{"self":[{"href":"https:\/\/www.flexofficeagency.com\/sv\/wp-json\/wp\/v2\/pages\/141517","targetHints":{"allow":["GET"]}}],"collection":[{"href":"https:\/\/www.flexofficeagency.com\/sv\/wp-json\/wp\/v2\/pages"}],"about":[{"href":"https:\/\/www.flexofficeagency.com\/sv\/wp-json\/wp\/v2\/types\/page"}],"author":[{"embeddable":true,"href":"https:\/\/www.flexofficeagency.com\/sv\/wp-json\/wp\/v2\/users\/4"}],"replies":[{"embeddable":true,"href":"https:\/\/www.flexofficeagency.com\/sv\/wp-json\/wp\/v2\/comments?post=141517"}],"version-history":[{"count":0,"href":"https:\/\/www.flexofficeagency.com\/sv\/wp-json\/wp\/v2\/pages\/141517\/revisions"}],"wp:featuredmedia":[{"embeddable":true,"href":"https:\/\/www.flexofficeagency.com\/sv\/wp-json\/wp\/v2\/media\/268418"}],"wp:attachment":[{"href":"https:\/\/www.flexofficeagency.com\/sv\/wp-json\/wp\/v2\/media?parent=141517"}],"curies":[{"name":"wp","href":"https:\/\/api.w.org\/{rel}","templated":true}]}}