{"id":166218,"date":"2022-09-05T14:18:41","date_gmt":"2022-09-05T12:18:41","guid":{"rendered":"https:\/\/www.flexofficeagency.com\/about-us-2\/"},"modified":"2025-02-03T14:22:31","modified_gmt":"2025-02-03T13:22:31","slug":"over-ons","status":"publish","type":"page","link":"https:\/\/www.flexofficeagency.com\/nl\/over-ons\/","title":{"rendered":"Over ons"},"content":{"rendered":"<div class=\"wpb-content-wrapper\"><p>[vc_section][vc_row][vc_column][vc_empty_space][vc_column_text]<\/p>\n<h2>Onze exclusieve focus<\/h2>\n<p>[\/vc_column_text][vc_empty_space dhsv_emptyspace=&#8221;m-top-md&#8221;][dhsv_vc_icon_blocks image_align=&#8221;center&#8221; text_align=&#8221;center&#8221; blocks=&#8221;%5B%7B%22type%22%3A%22image%22%2C%22icon%22%3A%22share%22%2C%22image%22%3A%22271583%22%2C%22title%22%3A%22Werkplekverhuur%22%2C%22bgcolor%22%3A%22secondary_10%22%7D%2C%7B%22type%22%3A%22image%22%2C%22icon%22%3A%22crop_square%22%2C%22image%22%3A%22272031%22%2C%22title%22%3A%22Locatieverwerving%22%2C%22bgcolor%22%3A%22secondary_10%22%7D%2C%7B%22type%22%3A%22image%22%2C%22icon%22%3A%22share%22%2C%22image%22%3A%22271578%22%2C%22title%22%3A%22Expansiestrategie%22%2C%22bgcolor%22%3A%22secondary_10%22%7D%5D&#8221;][\/vc_column][\/vc_row][\/vc_section][vc_section][vc_row][vc_column width=&#8221;1\/12&#8243;][\/vc_column][vc_column width=&#8221;4\/12&#8243;][vc_row_inner css=&#8221;.vc_custom_1595274107682{margin-bottom: 2rem !important;}&#8221;][vc_column_inner][dhsv_vc_media image=&#8221;85432&#8243;][\/vc_column_inner][\/vc_row_inner][\/vc_column][vc_column width=&#8221;1\/12&#8243;][\/vc_column][vc_column width=&#8221;5\/12&#8243;][vc_column_text]<\/p>\n<h2>We transformeren de Huurmarkt voor Kantoren<\/h2>\n<p>FlexOfficeAgency onderscheidt zich van andere makelaars door zich volledig te specialiseren in oplossingen voor flexibele kantoorruimte.<\/p>\n<p>Sinds 2012 vormt ons professionele team de schakel tussen gebruikers, beheerders en eigenaren van flexkantoren. Dit geeft ons een compleet beeld van de snel veranderende markt voor kantoorruimte, zodat we onze klanten effectief kunnen begeleiden bij alle aspecten van het huren, verhuren en ontwikkelen van flexibele kantoorruimte.<\/p>\n<p>[\/vc_column_text][\/vc_column][vc_column width=&#8221;1\/12&#8243;][\/vc_column][\/vc_row][\/vc_section][vc_section][vc_row][vc_column width=&#8221;1\/12&#8243;][\/vc_column][vc_column width=&#8221;5\/12&#8243;][vc_column_text]<\/p>\n<h2>Wij kijken anders naar Flexibele Werkruimte<\/h2>\n<p>FlexOfficeAgency levert een breed assortiment diensten. We vinden bijvoorbeeld creatieve coworking-ruimtes voor kleine teams, maar we onderhandelen ook namens internationale ondernemingen over honderden flexwerkplekken. Als makelaar helpen we beheerders van flexkantoren en businesscenters aan duizenden vierkante meters commercieel vastgoed en begeleiden we vastgoedeigenaren bij het toevoegen van innovatieve flexconcepten aan hun portfolio\u2019s.<\/p>\n<p>Doordat we langdurige relaties onderhouden, kunnen we niet alleen oplossingen leveren die voldoen aan de huidige wensen van de klant, maar ook anticiperen op toekomstige behoeften. En door creatief te denken en snel te reageren, helpen we onze klanten hun concurrentiepositie te versterken.<\/p>\n<p>[\/vc_column_text][\/vc_column][vc_column width=&#8221;1\/12&#8243;][\/vc_column][vc_column width=&#8221;4\/12&#8243;][vc_row_inner css=&#8221;.vc_custom_1595274114944{margin-bottom: 2rem !important;}&#8221;][vc_column_inner][dhsv_vc_media image=&#8221;85428&#8243;][\/vc_column_inner][\/vc_row_inner][\/vc_column][vc_column width=&#8221;1\/12&#8243;][\/vc_column][\/vc_row][\/vc_section][vc_section full_width=&#8221;stretch_row&#8221; dhsv_background_color=&#8221;bg_shadow&#8221;][vc_row][vc_column][vc_column_text]<\/p>\n<h2>Het team van FlexOfficeAgency<\/h2>\n<p>[\/vc_column_text][\/vc_column][vc_column width=&#8221;1\/4&#8243;][dhsv_vc_image_text_boxes link=&#8221;url:https%3A%2F%2Fwww.linkedin.com%2Fin%2Fwais-wardak-6193b1b6%2F||target:%20_blank|&#8221; image=&#8221;272285&#8243; title=&#8221;Wais Wardak&#8221; subtitle=&#8221;Founder &amp; Managing Director&#8221; text=&#8221;Met zijn jarenlange ervaring in de vastgoedsector ondersteunt Wais Wardak zijn klanten en partners met diepgaande expertise en uitgebreide knowhow in het FlexSpace-segment. Sinds 2014 adviseert hij vastgoedfondsen en -investeerders en projectontwikkelaars met een strategische visie op het gebied van flexibele kantooroplossingen en heeft hij met zijn expertise baanbrekende mijlpalen in de sector gezet. Als oprichter en Managing Director leidt hij de volgende innovatieve stap: Met een full-service agentschap voor FlexOffice-ruimtes biedt hij zijn klanten en partners een beslissend kennisvoordeel en holistische ondersteuning.&#8221;][\/vc_column][vc_column width=&#8221;1\/4&#8243;][dhsv_vc_image_text_boxes link=&#8221;url:https%3A%2F%2Fwww.linkedin.com%2Fin%2Fthomas-schulz-106ba0b3%2F||target:%20_blank|&#8221; image=&#8221;272302&#8243; title=&#8221;Svenja Benzm\u00fcller&#8221; subtitle=&#8221;Director Operations&#8221; text=&#8221;Svenja Benzm\u00fcller is met haar uitgebreide ervaring en duidelijke focus op het verhogen van de effici\u00ebntie en bedrijfsgroei verantwoordelijk voor Operations en Strategy. Als zodanig speelt ze een leidende rol in de holistische ontwikkeling van nieuwe concepten en implementeert ze innovatieve oplossingen als onderdeel van het managementteam. Met haar specialisatie in bedrijfs- en verandermanagement heeft ze met succes bedrijfsprocessen geoptimaliseerd en herstructureringen doorgevoerd in een snelgroeiende branche, waarvan zakenpartners en klanten vandaag de dag profiteren. De voortdurende optimalisatie van operationele structuren en op gegevens gebaseerde beslissingen vormen de basis voor operationele uitmuntendheid.&#8221;][\/vc_column][vc_column width=&#8221;1\/4&#8243;][dhsv_vc_image_text_boxes link=&#8221;url:https%3A%2F%2Fwww.linkedin.com%2Fin%2Fthomas-schulz-106ba0b3%2F||target:%20_blank|&#8221; image=&#8221;272290&#8243; title=&#8221;Richard Gross&#8221; subtitle=&#8221;Director Agency&#8221; text=&#8221;Met meer dan 15 jaar ervaring in de vastgoedsector adviseert Richard Gross wereldwijd middelgrote en beursgenoteerde bedrijven in hun zoektocht naar kantoor- en flexibele werkplekoplossingen op maat. Hij ondersteunt klanten en partners als een expert met een goed begrip van de markt, transparantie en toewijding om altijd de beste oplossing te realiseren. Hij ondersteunt met succes bekende zakelijke klanten die profiteren van zijn sterke wereldwijde netwerk in de flexkantoorbranche. Samen met zijn team van consultants is hij het centrale aanspreekpunt voor potenti\u00eble huurders en aanbieders van flexplekken.&#8221;][\/vc_column][vc_column width=&#8221;1\/4&#8243;][dhsv_vc_image_text_boxes link=&#8221;url:https%3A%2F%2Fwww.linkedin.com%2Fin%2Fthomas-schulz-106ba0b3%2F||target:%20_blank|&#8221; image=&#8221;272295&#8243; title=&#8221;Heidrun Solmsdorff&#8221; subtitle=&#8221;Senior Financial Accountant&#8221; text=&#8221;Heidrun Solmsdorff heeft meer dan 20 jaar ervaring en is verantwoordelijk voor boekhouding en financi\u00ebn. Ze is verantwoordelijk voor de voorbereiding van relevante gegevens die cruciaal zijn voor strategische bedrijfsbeslissingen en ondersteunt zo actief het management en de partners. Als contactpersoon voor financi\u00ebn speelt ze een beslissende rol bij het vormgeven van de bedrijfsstrategie die de groei en verdere ontwikkeling van het bedrijf mogelijk maakt. Met haar diepgaande expertise zorgt ze voor een soepele implementatie van interne processen en is ze een betrouwbaar contactpersoon voor klanten en partners.&#8221;][\/vc_column][\/vc_row][\/vc_section][vc_section][vc_row][vc_column][vc_column_text]<\/p>\n<h2>Ons wereldwijde bereik<\/h2>\n<p>[\/vc_column_text][vc_empty_space][\/vc_column][\/vc_row][vc_row][vc_column width=&#8221;1\/3&#8243;][dhsv_vc_number number=&#8221;8275&#8243; title=&#8221;Gebouwen&#8221; icon=&#8221;place&#8221; image=&#8221;67740&#8243;][\/vc_column][vc_column width=&#8221;1\/3&#8243;][dhsv_vc_number number=&#8221;466&#8243; title=&#8221;Steden&#8221; icon=&#8221;location_city&#8221; image=&#8221;73516&#8243;][\/vc_column][vc_column width=&#8221;1\/3&#8243;][dhsv_vc_number number=&#8221;43&#8243; title=&#8221;Landen&#8221; icon=&#8221;flag&#8221; image=&#8221;73511&#8243;][\/vc_column][\/vc_row][vc_row][vc_column][vc_empty_space dhsv_emptyspace=&#8221;m-top-md&#8221;][\/vc_column][\/vc_row][\/vc_section][vc_section full_width=&#8221;stretch_row&#8221; dhsv_background_color=&#8221;bg_grey-white&#8221;][vc_row][vc_column width=&#8221;1\/12&#8243;][\/vc_column][vc_column width=&#8221;4\/12&#8243;][vc_row_inner css=&#8221;.vc_custom_1595274107682{margin-bottom: 2rem !important;}&#8221;][vc_column_inner][dhsv_vc_media image=&#8221;85466&#8243;][\/vc_column_inner][\/vc_row_inner][\/vc_column][vc_column width=&#8221;1\/12&#8243;][\/vc_column][vc_column width=&#8221;5\/12&#8243;][vc_column_text]<\/p>\n<h2>De voordelen van expertise en ervaring<\/h2>\n<p>Wanneer u FlexOfficeAgency kiest als uw partner voor het zoeken van flexibele kantoorruimte, werkt u samen met ervaren vastgoedspecialisten die de tijd en de moeite nemen om precies te begrijpen wat uw bedrijf nodig heeft.<\/p>\n<p>We brengen uw wensen voor flexibele werkruimte in kaart en vinden vervolgens een oplossing waarmee uw bedrijf effectief en productief kan werken.<\/p>\n<p>Onze expertise is gebaseerd op een solide fundament in kantoorvastgoed, voortkomend uit de jarenlange ervaring van onze oprichters als property consultants bij de makelaarskantoren CBRE en Knight Frank.<\/p>\n<p>Toen zij zich realiseerden dat de veelbelovende markt voor flexkantoren en serviced offices volledig werd genegeerd door traditionele makelaars, besloten ze dit gat in de markt zelf op te vullen.<\/p>\n<p>[\/vc_column_text][vc_empty_space][dhsv_vc_button title=&#8221;Doe mee met ons team!&#8221; link=&#8221;url:https%3A%2F%2Fwww.flexofficeagency.com%2Fcareer%2F|title:Doe%20mee%20met%20ons%20team!|target:_blank&#8221; type=&#8221;secondary&#8221; alignment=&#8221;left&#8221;][\/vc_column][vc_column width=&#8221;1\/12&#8243;][\/vc_column][\/vc_row][\/vc_section][vc_section][vc_row][vc_column][vc_empty_space dhsv_emptyspace=&#8221;m-top-md&#8221;][\/vc_column][\/vc_row][vc_row][vc_column width=&#8221;1\/12&#8243;][\/vc_column][vc_column width=&#8221;4\/12&#8243;][vc_row_inner css=&#8221;.vc_custom_1595274123117{margin-bottom: 2rem !important;}&#8221;][vc_column_inner][dhsv_vc_media image=&#8221;85440&#8243;][\/vc_column_inner][\/vc_row_inner][\/vc_column][vc_column width=&#8221;1\/12&#8243;][\/vc_column][vc_column width=&#8221;5\/12&#8243;][vc_column_text]<\/p>\n<h2>Uw doelen. Onze meerwaarde.<\/h2>\n<p>Kantoorruimte is zoveel m\u00e9\u00e9r dan alleen een plek om te werken. Een uitgekiende kantooromgeving ondersteunt het werkplezier van uw medewerkers en de doelen van uw bedrijf.<\/p>\n<p>De rol van kantoorruimte in de bedrijfsstrategie van een onderneming mag niet worden onderschat. Daarom nemen wij onze rol als adviseurs heel serieus en leveren we niet alleen de benodigde vierkante meters, maar faciliteren we ook de groei van onze klanten met een flexibele en creatieve werkomgeving.<\/p>\n<p>[\/vc_column_text][\/vc_column][vc_column width=&#8221;1\/12&#8243;][\/vc_column][\/vc_row][\/vc_section][vc_section][vc_row][vc_column width=&#8221;1\/12&#8243;][\/vc_column][vc_column width=&#8221;5\/12&#8243;][vc_column_text]<\/p>\n<h2>Waar anderen ophouden, komen wij pas goed op gang<\/h2>\n<p>We zijn trots op onze unieke marktkennis en waardevolle inzichten, die we verkrijgen door te handelen in het belang van alle spelers op de markt voor flexibele kantoorruimte.<\/p>\n<p>Ons doel is helder: we willen het huren en verhuren van kantoorruimte overal ter wereld vereenvoudigen. FlexOfficeAgency heeft wat u nodig hebt. Of u nu op zoek bent naar een flexibele werkplek voor uw team, een nieuw kantoorgebouw om uw businesscenter uit te breiden naar een nieuwe locatie of een nieuw flexconcept om waarde toe te voegen aan uw vastgoedportfolio.<\/p>\n<p>[\/vc_column_text][\/vc_column][vc_column width=&#8221;1\/12&#8243;][\/vc_column][vc_column width=&#8221;4\/12&#8243;][vc_row_inner css=&#8221;.vc_custom_1595274133343{margin-bottom: 2rem !important;}&#8221;][vc_column_inner][dhsv_vc_media image=&#8221;85436&#8243;][\/vc_column_inner][\/vc_row_inner][\/vc_column][vc_column width=&#8221;1\/12&#8243;][\/vc_column][\/vc_row][\/vc_section][vc_row][vc_column][dhsv_vc_template_element template_id=&#8221;66799&#8243;][\/vc_column][\/vc_row]<\/p>\n<\/div>","protected":false},"excerpt":{"rendered":"<p>[vc_section][vc_row][vc_column][vc_empty_space][vc_column_text] Onze exclusieve focus [\/vc_column_text][vc_empty_space dhsv_emptyspace=&#8221;m-top-md&#8221;][dhsv_vc_icon_blocks image_align=&#8221;center&#8221; text_align=&#8221;center&#8221; blocks=&#8221;%5B%7B%22type%22%3A%22image%22%2C%22icon%22%3A%22share%22%2C%22image%22%3A%22271583%22%2C%22title%22%3A%22Werkplekverhuur%22%2C%22bgcolor%22%3A%22secondary_10%22%7D%2C%7B%22type%22%3A%22image%22%2C%22icon%22%3A%22crop_square%22%2C%22image%22%3A%22272031%22%2C%22title%22%3A%22Locatieverwerving%22%2C%22bgcolor%22%3A%22secondary_10%22%7D%2C%7B%22type%22%3A%22image%22%2C%22icon%22%3A%22share%22%2C%22image%22%3A%22271578%22%2C%22title%22%3A%22Expansiestrategie%22%2C%22bgcolor%22%3A%22secondary_10%22%7D%5D&#8221;][\/vc_column][\/vc_row][\/vc_section][vc_section][vc_row][vc_column width=&#8221;1\/12&#8243;][\/vc_column][vc_column width=&#8221;4\/12&#8243;][vc_row_inner css=&#8221;.vc_custom_1595274107682{margin-bottom: 2rem !important;}&#8221;][vc_column_inner][dhsv_vc_media image=&#8221;85432&#8243;][\/vc_column_inner][\/vc_row_inner][\/vc_column][vc_column width=&#8221;1\/12&#8243;][\/vc_column][vc_column width=&#8221;5\/12&#8243;][vc_column_text] We transformeren de Huurmarkt voor Kantoren FlexOfficeAgency onderscheidt zich van andere makelaars door zich volledig te specialiseren in oplossingen voor flexibele kantoorruimte. Sinds 2012 vormt ons professionele team de schakel tussen gebruikers, beheerders en eigenaren van flexkantoren. Dit &hellip; <a href=\"https:\/\/www.flexofficeagency.com\/nl\/over-ons\/\">Continued<\/a><\/p>\n","protected":false},"author":3,"featured_media":272388,"parent":0,"menu_order":0,"comment_status":"closed","ping_status":"closed","template":"","meta":{"_acf_changed":false,"footnotes":""},"class_list":["post-166218","page","type-page","status-publish","has-post-thumbnail","hentry"],"acf":[],"_links":{"self":[{"href":"https:\/\/www.flexofficeagency.com\/nl\/wp-json\/wp\/v2\/pages\/166218","targetHints":{"allow":["GET"]}}],"collection":[{"href":"https:\/\/www.flexofficeagency.com\/nl\/wp-json\/wp\/v2\/pages"}],"about":[{"href":"https:\/\/www.flexofficeagency.com\/nl\/wp-json\/wp\/v2\/types\/page"}],"author":[{"embeddable":true,"href":"https:\/\/www.flexofficeagency.com\/nl\/wp-json\/wp\/v2\/users\/3"}],"replies":[{"embeddable":true,"href":"https:\/\/www.flexofficeagency.com\/nl\/wp-json\/wp\/v2\/comments?post=166218"}],"version-history":[{"count":0,"href":"https:\/\/www.flexofficeagency.com\/nl\/wp-json\/wp\/v2\/pages\/166218\/revisions"}],"wp:featuredmedia":[{"embeddable":true,"href":"https:\/\/www.flexofficeagency.com\/nl\/wp-json\/wp\/v2\/media\/272388"}],"wp:attachment":[{"href":"https:\/\/www.flexofficeagency.com\/nl\/wp-json\/wp\/v2\/media?parent=166218"}],"curies":[{"name":"wp","href":"https:\/\/api.w.org\/{rel}","templated":true}]}}