{"id":86094,"date":"2020-05-06T17:58:29","date_gmt":"2020-05-06T15:58:29","guid":{"rendered":"https:\/\/www.flexofficeagency.com\/rent-a-coworking-space\/"},"modified":"2025-01-29T17:10:43","modified_gmt":"2025-01-29T16:10:43","slug":"location-espace-coworking","status":"publish","type":"page","link":"https:\/\/www.flexofficeagency.com\/fr\/location-espace-coworking\/","title":{"rendered":"Location Espace Coworking"},"content":{"rendered":"<div class=\"wpb-content-wrapper\"><p>[vc_section][vc_row][vc_column][dhsv_vc_icon_blocks image_align=\u00a0\u00bbcenter\u00a0\u00bb blocks=\u00a0\u00bb%5B%7B%22type%22%3A%22image%22%2C%22icon%22%3A%2210k%22%2C%22image%22%3A%22271453%22%2C%22title%22%3A%22100%20%25%20gratuit%22%2C%22text%22%3A%22FlexOfficeAgency%20vous%20offre%20un%20service%20rapide%20et%20r%C3%A9actif%20qui%20ne%20vous%20co%C3%BBtera%20pas%20un%20centime.%22%2C%22bgcolor%22%3A%22secondary_10%22%7D%2C%7B%22type%22%3A%22image%22%2C%22icon%22%3A%2210k%22%2C%22image%22%3A%22271448%22%2C%22title%22%3A%22Soutien%20expert%22%2C%22text%22%3A%22Nos%20experts%20vous%20accompagnent%20%C3%A0%20chaque%20%C3%A9tape%2C%20m%C3%AAme%20une%20fois%20vos%20nouveaux%20bureaux%20investis.%22%2C%22bgcolor%22%3A%22secondary_10%22%7D%2C%7B%22type%22%3A%22image%22%2C%22icon%22%3A%2210k%22%2C%22image%22%3A%22271461%22%2C%22title%22%3A%22Espace%20de%20travail%20personnalis%C3%A9%22%2C%22text%22%3A%22Nous%20vous%20proposons%20une%20solution%20flexible%20et%20sur%20mesure%20pour%20votre%20entreprise%20et%20votre%20budget.%22%2C%22bgcolor%22%3A%22secondary_10%22%7D%5D\u00a0\u00bb][\/vc_column][\/vc_row][\/vc_section][vc_section dhsv_no_padding=\u00a0\u00bb1&Prime;][vc_row][vc_column][vc_column_text]<\/p>\n<h2 class=\"h2\" style=\"text-align: center;\">Des Espaces de Coworking flexibles et stimulants pour toutes les \u00e9quipes<\/h2>\n<p style=\"text-align: center;\">Nous savons que chaque entreprise a des besoins sp\u00e9cifiques en termes d&rsquo;espace de travail, et ces besoins peuvent m\u00eame varier d&rsquo;une \u00e9quipe ou d&rsquo;un employ\u00e9 \u00e0 l&rsquo;autre. C&rsquo;est pourquoi les entreprises sont de plus en plus nombreuses \u00e0 opter pour des concepts flexibles, tels que le coworking, pour offrir \u00e0 leur personnel le cadre de travail id\u00e9al.<\/p>\n<p style=\"text-align: center;\">Avec un vaste r\u00e9seau international de partenaires et une exp\u00e9rience sans pareille en location de bureaux flexibles, nous identifierons l&rsquo;espace de travail qu&rsquo;il vous faut et vous aiderons \u00e0 cr\u00e9er une solution de coworking compl\u00e8te, adapt\u00e9e \u00e0 votre style de travail, vos objectifs commerciaux et votre budget.<\/p>\n<p><strong>Avec le service expert d&rsquo;FlexOfficeAgency, vous trouverez sans difficult\u00e9 l&rsquo;espace de coworking id\u00e9al pr\u00e8s de chez vous, ou partout ailleurs dans le monde.<\/strong>[\/vc_column_text][\/vc_column][\/vc_row][\/vc_section][vc_section][vc_row][vc_column width=\u00a0\u00bb2\/3&Prime;][dhsv_vc_quote text=\u00a0\u00bbDes millions de gens, travaillant pour des entreprises de toute taille, tous secteurs d&rsquo;activit\u00e9s confondus, profitent aujourd&rsquo;hui des nombreux avantages offerts par l&rsquo;espace de travail partag\u00e9.\u00a0\u00bb][vc_empty_space dhsv_emptyspace=\u00a0\u00bbm-top-md\u00a0\u00bb][vc_column_text]<\/p>\n<h2>Louez un Espace de Coworking cr\u00e9atif et flexible, l\u00e0 o\u00f9 vous en avez besoin<\/h2>\n<p>Des millions de gens, travaillant pour des entreprises de toute taille, tous secteurs d&rsquo;activit\u00e9s confondus, profitent aujourd&rsquo;hui des nombreux avantages offerts par l&rsquo;espace de travail partag\u00e9. Ils d\u00e9terminent leurs propres horaires, choisissent de travailler en mode collaboratif ou seuls, dans leur bureau priv\u00e9, et en prime, ils ont acc\u00e8s \u00e0 tout un \u00e9ventail d&rsquo;options comme des salles de fitness ou des \u00e9v\u00e9nements de networking \u00e0 la fin de la journ\u00e9e de travail. Cette fa\u00e7on de travailler est aujourd&rsquo;hui plus populaire que jamais.<\/p>\n<p>L&rsquo;univers du coworking vous permettra d&rsquo;acc\u00e9der \u00e0 des bureaux attrayants et parfaitement entretenus, pour travailler dans une atmosph\u00e8re cr\u00e9ative avec des infrastructures de haute qualit\u00e9, partout dans le monde.[\/vc_column_text][vc_empty_space][vc_column_text]<\/p>\n<h3><span style=\"color: #677f70;\">Les nombreuses options disponibles dans les environnements de Coworking incluent:<\/span><\/h3>\n<ul>\n<li>Les postes de travail tournants<\/li>\n<li>Les postes de travail attitr\u00e9s<\/li>\n<li>Les bureaux privatifs<\/li>\n<li>Les suites ex\u00e9cutives<\/li>\n<li>Des espaces collectifs d\u00e9di\u00e9s<\/li>\n<li>Des solutions de coworking pour grandes entreprises<\/li>\n<\/ul>\n<p>[\/vc_column_text][vc_empty_space][\/vc_column][vc_column width=\u00a0\u00bb1\/3&Prime;][dhsv_vc_image_quote image=\u00a0\u00bb83350&Prime; quote_color=\u00a0\u00bbprimary\u00a0\u00bb quote=\u00a0\u00bbL&rsquo;univers du coworking vous permettra d&rsquo;acc\u00e9der \u00e0 des bureaux attrayants et parfaitement entretenus.\u00a0\u00bb][\/vc_column][\/vc_row][\/vc_section][vc_section full_width=\u00a0\u00bbstretch_row\u00a0\u00bb dhsv_background_color=\u00a0\u00bbbg_shadow\u00a0\u00bb][vc_row icon_align=\u00a0\u00bbleft\u00a0\u00bb text_align=\u00a0\u00bbleft\u00a0\u00bb slides=\u00a0\u00bb%5B%7B%22type%22%3A%22font%22%2C%22icon%22%3A%22star_border%22%2C%22title%22%3A%22State-of-the-art%20equipment%22%7D%2C%7B%22type%22%3A%22font%22%2C%22icon%22%3A%22fullscreen%22%2C%22title%22%3A%22Expand%20or%20downsize%22%7D%2C%7B%22type%22%3A%22font%22%2C%22icon%22%3A%22speed%22%2C%22title%22%3A%22Immediate%20occupancy%22%7D%2C%7B%22type%22%3A%22font%22%2C%22icon%22%3A%22expand%22%2C%22title%22%3A%22Flexible%20contract%20lengths%22%7D%2C%7B%22type%22%3A%22font%22%2C%22icon%22%3A%22money_off%22%2C%22title%22%3A%22No%20upfront%20costs%22%7D%2C%7B%22type%22%3A%22font%22%2C%22icon%22%3A%22meeting_room%22%2C%22title%22%3A%22Access%20to%20conference%20rooms%22%7D%2C%7B%22type%22%3A%22font%22%2C%22icon%22%3A%22local_post_office%22%2C%22title%22%3A%22Mail%20handling%22%7D%2C%7B%22type%22%3A%22font%22%2C%22icon%22%3A%22phonelink%22%2C%22title%22%3A%22Phone%20%26%20network%20connections%22%7D%2C%7B%22type%22%3A%22font%22%2C%22icon%22%3A%22invert_colors%22%2C%22title%22%3A%22Daily%20cleaning%22%7D%2C%7B%22type%22%3A%22font%22%2C%22icon%22%3A%22headset_mic%22%2C%22title%22%3A%22Answering%20service%22%7D%2C%7B%22type%22%3A%22font%22%2C%22icon%22%3A%22access_time%22%2C%22title%22%3A%2224-hour%20office%20access%22%7D%2C%7B%22type%22%3A%22font%22%2C%22icon%22%3A%22person_pin_circle%22%2C%22title%22%3A%22Onsite%20support%20staff%22%7D%5D\u00a0\u00bb][vc_column][vc_column_text]<\/p>\n<p class=\"h3 semibold\">Pourquoi des millions d&rsquo;entreprises du monde entier optent pour le Coworking<\/p>\n<p>[\/vc_column_text][\/vc_column][\/vc_row][vc_row][vc_column][dhsv_vc_icon_slider slides=\u00a0\u00bb%5B%7B%22type%22%3A%22image%22%2C%22icon%22%3A%22fullscreen%22%2C%22image%22%3A%22271265%22%2C%22title%22%3A%22Augmenter%20ou%20r%C3%A9duire%22%7D%2C%7B%22type%22%3A%22image%22%2C%22icon%22%3A%22speed%22%2C%22image%22%3A%22271250%22%2C%22title%22%3A%22Emm%C3%A9nagez%20rapidement%22%7D%2C%7B%22type%22%3A%22image%22%2C%22icon%22%3A%22expand%22%2C%22image%22%3A%22271245%22%2C%22title%22%3A%22Dur%C3%A9e%20de%20contrat%20flexible%22%7D%2C%7B%22type%22%3A%22image%22%2C%22icon%22%3A%22meeting_room%22%2C%22image%22%3A%22271531%22%2C%22title%22%3A%22Utilisation%20des%20salles%20de%20r%C3%A9union%22%7D%2C%7B%22type%22%3A%22image%22%2C%22icon%22%3A%22local_post_office%22%2C%22image%22%3A%22271235%22%2C%22title%22%3A%22Gestion%20du%20courrier%22%7D%2C%7B%22type%22%3A%22image%22%2C%22icon%22%3A%22phonelink%22%2C%22image%22%3A%22271260%22%2C%22title%22%3A%22Connexion%20t%C3%A9l%C3%A9phonique%20et%20Wi-Fi%22%7D%2C%7B%22type%22%3A%22image%22%2C%22icon%22%3A%22invert_colors%22%2C%22image%22%3A%22271255%22%2C%22title%22%3A%22Nettoyage%22%7D%2C%7B%22type%22%3A%22image%22%2C%22icon%22%3A%22headset_mic%22%2C%22image%22%3A%22271240%22%2C%22title%22%3A%22Service%20de%20r%C3%A9ponse%20aux%20appels%22%7D%2C%7B%22type%22%3A%22image%22%2C%22icon%22%3A%22access_time%22%2C%22image%22%3A%22271865%22%2C%22title%22%3A%22Acc%C3%A8s%2024%20heures%22%7D%2C%7B%22type%22%3A%22image%22%2C%22icon%22%3A%22person_pin_circle%22%2C%22image%22%3A%22271521%22%2C%22title%22%3A%22%C3%89quipe%20de%20direction%20sur%20place%22%7D%5D\u00a0\u00bb][\/vc_column][\/vc_row][\/vc_section][vc_section][vc_row][vc_column width=\u00a0\u00bb2\/3&Prime;][vc_empty_space][vc_column_text]<\/p>\n<h2>Coworking : bien plus qu&rsquo;un simple espace de travail partag\u00e9<\/h2>\n<p>La fa\u00e7on dont nous travaillons et dont nous faisons affaires est aujourd&rsquo;hui en profonde mutation : les bureaux d&rsquo;une soci\u00e9t\u00e9, l&rsquo;endroit o\u00f9 les gens venaient simplement travailler, jouent maintenant un r\u00f4le beaucoup plus important dans la strat\u00e9gie de l&rsquo;entreprise. C&rsquo;est un outil multifonction qui peut servir \u00e0 attirer les individus les plus talentueux, \u00e0 consolider l&rsquo;image de marque ou encore \u00e0 booster la productivit\u00e9.<\/p>\n<p>C&rsquo;est pourquoi le coworking n&rsquo;est plus per\u00e7u comme une nouvelle \u00ab tendance \u00bb r\u00e9serv\u00e9e aux auto-entrepreneurs et aux start-ups, mais comme une solution \u00e0 part enti\u00e8re, pris\u00e9e des PME et des multinationales qui souhaitent profiter du cadre de travail dynamique qu&rsquo;offre ce concept.<\/p>\n<p>Le terme \u00ab coworking \u00bb (ou espace de travail partag\u00e9) a lui aussi \u00e9volu\u00e9 : autrefois synonyme d&rsquo;espace de travail en open-plan \u00e0 l&rsquo;atmosph\u00e8re d\u00e9contract\u00e9e, il est aujourd&rsquo;hui utilis\u00e9 pour caract\u00e9riser l&rsquo;espace de travail moderne et ce qu&rsquo;il devrait \u00eatre en mesure d&rsquo;offrir.<\/p>\n<p>Avec un nombre quasi infini de concepts, de designs, d&rsquo;installations et de sites disponibles dans le monde entier, il n&rsquo;est pas toujours facile d&rsquo;identifier le centre de coworking qui conviendra le mieux \u00e0 votre entreprise. Mais comme les espaces de coworking n&rsquo;ont aucun secret pour les experts d&rsquo;FlexOfficeAgency, nous vous fournirons toutes les informations qui vous aideront \u00e0 prendre la bonne d\u00e9cision.<\/p>\n<p><strong>Que vous ayez besoin d&rsquo;un unique bureau pour la journ\u00e9e ou souhaitiez louer un \u00e9tage entier pour votre personnel, FlexOfficeAgency simplifie le processus de recherche pour vous, gratuitement.<\/strong>[\/vc_column_text][vc_empty_space dhsv_emptyspace=\u00a0\u00bbm-top-md\u00a0\u00bb][\/vc_column][vc_column width=\u00a0\u00bb1\/3&Prime;][vc_empty_space][dhsv_vc_image_quote image=\u00a0\u00bb83490&Prime; quote_align=\u00a0\u00bbalign-left\u00a0\u00bb quote=\u00a0\u00bbLes bureaux d&rsquo;une soci\u00e9t\u00e9, l&rsquo;endroit o\u00f9 les gens venaient simplement travailler, jouent maintenant un r\u00f4le beaucoup plus important dans la strat\u00e9gie de l&rsquo;entreprise.\u00a0\u00bb][vc_empty_space][\/vc_column][\/vc_row][\/vc_section][vc_section full_width=\u00a0\u00bbstretch_row\u00a0\u00bb dhsv_background_color=\u00a0\u00bbbg_primary-gradient\u00a0\u00bb][vc_row][vc_column][dhsv_vc_template_element template_id=\u00a0\u00bb63649&Prime;][\/vc_column][\/vc_row][\/vc_section][vc_section][vc_row][vc_column width=\u00a0\u00bb2\/3&Prime;][vc_empty_space][vc_column_text]<\/p>\n<h2>Nous sommes l\u00e0 pour vous aider \u00e0 trouver le Centre de Coworking id\u00e9al<\/h2>\n<p>Trouver des espaces de coworking adapt\u00e9s \u00e0 vos besoins, \u00e0 l&rsquo;international, n&rsquo;est pas toujours t\u00e2che facile, alors confiez-nous votre recherche : c&rsquo;est notre travail et c&rsquo;est aussi notre passion. Comme les espaces de coworking n&rsquo;ont aucun secret pour les experts d&rsquo;FlexOfficeAgency, nous vous fournirons toutes les informations qui vous aideront \u00e0 prendre la bonne d\u00e9cision.<\/p>\n<p>Au fil des ans, nous avons d\u00e9velopp\u00e9 un vaste r\u00e9seau de partenariats internationaux : nous avons acc\u00e8s \u00e0 un portefeuille tr\u00e8s diversifi\u00e9 d&rsquo;espaces de travail partag\u00e9s dans le monde entier, et nous sommes inform\u00e9s d\u00e8s que des bureaux se lib\u00e8rent, ou m\u00eame avant.<\/p>\n<p>L&rsquo;\u00e9quipe d&rsquo;FlexOfficeAgency se compose d&rsquo;experts sp\u00e9cialistes du flex office, qui vous donneront acc\u00e8s aux meilleurs tarifs de location ET se chargeront de toutes les n\u00e9gociations contractuelles en votre nom, vous aidant \u00e0 \u00e9conomiser du temps et de l&rsquo;argent. La cerise sur le g\u00e2teau ? Le service que nous proposons est gratuit pour vous ![\/vc_column_text][vc_empty_space dhsv_emptyspace=\u00a0\u00bbm-top-md\u00a0\u00bb][vc_column_text]<\/p>\n<h3><span style=\"color: #677f70;\">Quels que soient la r\u00e9gion et le Centre de Coworking dont vous deviendrez membre, les avantages des Espaces de Travail partag\u00e9s incluent:<\/span><\/h3>\n<ul>\n<li>Disponibilit\u00e9 \u00e0 courte \u00e9ch\u00e9ance<\/li>\n<li>Possibilit\u00e9 d&rsquo;agrandir, au rythme qui vous convient<\/li>\n<li>Vaste choix de sites dans le monde entier<\/li>\n<li>Enti\u00e8rement meubl\u00e9<\/li>\n<li>Flexibilit\u00e9 totale : choisissez les options dont vous avez besoin<\/li>\n<\/ul>\n<p>[\/vc_column_text][vc_empty_space][\/vc_column][vc_column width=\u00a0\u00bb1\/3&Prime;][vc_empty_space][dhsv_vc_image_quote image=\u00a0\u00bb83642&Prime; quote_color=\u00a0\u00bbprimary\u00a0\u00bb quote=\u00a0\u00bbComme les espaces de coworking n&rsquo;ont aucun secret pour les experts d&rsquo;FlexOfficeAgency, nous vous fournirons toutes les informations qui vous aideront \u00e0 prendre la bonne d\u00e9cision.\u00a0\u00bb][vc_empty_space][\/vc_column][\/vc_row][\/vc_section][vc_section full_width=\u00a0\u00bbstretch_row\u00a0\u00bb][vc_row][vc_column][dhsv_vc_vertical_slider element_type=\u00a0\u00bbsmall\u00a0\u00bb slides=\u00a0\u00bb%5B%7B%22type%22%3A%22font%22%2C%22icon%22%3A%22group_add%22%2C%22title%22%3A%22Superficie%20modulaire%22%2C%22headline%22%3A%22Superficie%20modulaire%22%2C%22text%22%3A%22La%20composition%20de%20vos%20%C3%A9quipes%20peut%20changer%20tr%C3%A8s%20rapidement%20%3A%20vos%20effectifs%20peuvent%20passer%20de%2010%20%C3%A0%2020%20personnes%20en%20l&rsquo;espace%20d&rsquo;un%20mois%2C%20et%20vice-versa.%20Un%20bail%20de%20type%20flex%20office%20vous%20permet%20d&rsquo;augmenter%2C%20ou%20de%20r%C3%A9duire%2C%20le%20nombre%20de%20postes%20de%20travail%20que%20vous%20louez%20tr%C3%A8s%20rapidement%2C%20vous%20aidant%20%C3%A0%20mieux%20contr%C3%B4ler%20vos%20co%C3%BBts%20g%C3%A9n%C3%A9raux.%22%2C%22image%22%3A%2267733%22%7D%2C%7B%22type%22%3A%22font%22%2C%22icon%22%3A%22power%22%2C%22title%22%3A%22Bureaux%20tout%20%C3%A9quip%C3%A9s%22%2C%22headline%22%3A%22Bureaux%20tout%20%C3%A9quip%C3%A9s%22%2C%22text%22%3A%22Entrez%20dans%20votre%20nouveau%20bureau%2C%20connectez%20votre%20ordinateur%20portable%20ou%20PC%20au%20r%C3%A9seau%20Wi-Fi%20ultra%20rapide%2C%20et%20commencez%20%C3%A0%20travailler%20%3A%20simplissime%20!%20Aucune%20interruption%2C%20aucun%20mat%C3%A9riel%20%C3%A0%20d%C3%A9m%C3%A9nager%2C%20aucun%20effort.%22%2C%22image%22%3A%2275042%22%7D%2C%7B%22type%22%3A%22font%22%2C%22icon%22%3A%22fullscreen%22%2C%22title%22%3A%22Bail%20%C3%A0%20clauses%20flexibles%22%2C%22headline%22%3A%22Bail%20%C3%A0%20clauses%20flexibles%22%2C%22text%22%3A%22En%20temps%20d&rsquo;incertitude%2C%20les%20entreprises%20ne%20peuvent%20pas%20prendre%20le%20risque%20de%20signer%20un%20bail%20%C3%A0%20long%20terme.%20Avec%20un%20bureau%20flexible%2C%20vous%20ne%20payez%20que%20pour%20les%20options%20dont%20vous%20avez%20vraiment%20besoin%2C%20aussi%20longtemps%20que%20vous%20avez%20en%20avez%20besoin.%22%2C%22image%22%3A%2283550%22%7D%2C%7B%22type%22%3A%22font%22%2C%22icon%22%3A%22move_to_inbox%22%2C%22title%22%3A%22Move%20straight%20in%22%2C%22headline%22%3A%22Move%20straight%20in%22%2C%22text%22%3A%22Hassle-free%20office%20space%20at%20short%20notice%20-%20move%20in%20within%2024%20hours%20and%20start%20working%20immediately.%20We%20make%20all%20the%20arrangements%20so%20you%20can%20simply%20sign%20the%20lease%20today%20and%20move%20in%20tomorrow!%22%2C%22image%22%3A%2274694%22%7D%5D\u00a0\u00bb][\/vc_column][\/vc_row][\/vc_section][vc_section][vc_row][vc_column width=\u00a0\u00bb2\/3&Prime;][vc_empty_space][vc_column_text]<\/p>\n<h2 class=\"h2\">Des solutions de Coworking pour tous les budgets<\/h2>\n<p>Faire passer une entreprise \u00e0 la vitesse sup\u00e9rieure n&rsquo;est pas t\u00e2che facile. Il y a tellement d&rsquo;aspects \u00e0 g\u00e9rer. Mais vous n&rsquo;\u00eates pas oblig\u00e9 de tout faire tout seul. Notre \u00e9quipe amicale se fera un plaisir de vous aider et prendra le temps de comprendre votre entreprise, vos objectifs et, bien s\u00fbr, votre budget.<\/p>\n<p>Et comme nous sommes experts en immobilier, vous n&rsquo;aurez pas non plus \u00e0 vous soucier des n\u00e9gociations pour votre contrat : nous obtiendrons pour vous le meilleur prix possible.<\/p>\n<p>Gr\u00e2ce \u00e0 notre r\u00e9seau international de soci\u00e9t\u00e9s de coworking, vous \u00eates s\u00fbr de trouver la solution de flex office id\u00e9ale, o\u00f9 que vous vous trouviez ou souhaitiez vous implanter. Nous sommes votre partenaire n\u00b01 pour votre location d&rsquo;espace de coworking.[\/vc_column_text][vc_empty_space dhsv_emptyspace=\u00a0\u00bbm-top-md\u00a0\u00bb][vc_column_text]<\/p>\n<h4>Que vous soyez \u00e0 la t\u00eate d&rsquo;une PME ou repr\u00e9sentant d&rsquo;une grande multinationale, nous trouverons la solution parfaitement adapt\u00e9e \u00e0 vos besoins.<\/h4>\n<p>[\/vc_column_text][vc_empty_space][\/vc_column][vc_column width=\u00a0\u00bb1\/3&Prime;][vc_empty_space][dhsv_vc_image_quote image=\u00a0\u00bb83562&Prime; quote_align=\u00a0\u00bbalign-left\u00a0\u00bb quote=\u00a0\u00bbGr\u00e2ce \u00e0 notre r\u00e9seau international de soci\u00e9t\u00e9s de coworking, vous \u00eates s\u00fbr de trouver la solution de flex office id\u00e9ale\u00a0\u00bb][\/vc_column][\/vc_row][\/vc_section][vc_row][vc_column][dhsv_vc_template_element template_id=\u00a0\u00bb66799&Prime;][\/vc_column][\/vc_row]<\/p>\n<\/div>","protected":false},"excerpt":{"rendered":"<p>[vc_section][vc_row][vc_column][dhsv_vc_icon_blocks image_align=\u00a0\u00bbcenter\u00a0\u00bb blocks=\u00a0\u00bb%5B%7B%22type%22%3A%22image%22%2C%22icon%22%3A%2210k%22%2C%22image%22%3A%22271453%22%2C%22title%22%3A%22100%20%25%20gratuit%22%2C%22text%22%3A%22FlexOfficeAgency%20vous%20offre%20un%20service%20rapide%20et%20r%C3%A9actif%20qui%20ne%20vous%20co%C3%BBtera%20pas%20un%20centime.%22%2C%22bgcolor%22%3A%22secondary_10%22%7D%2C%7B%22type%22%3A%22image%22%2C%22icon%22%3A%2210k%22%2C%22image%22%3A%22271448%22%2C%22title%22%3A%22Soutien%20expert%22%2C%22text%22%3A%22Nos%20experts%20vous%20accompagnent%20%C3%A0%20chaque%20%C3%A9tape%2C%20m%C3%AAme%20une%20fois%20vos%20nouveaux%20bureaux%20investis.%22%2C%22bgcolor%22%3A%22secondary_10%22%7D%2C%7B%22type%22%3A%22image%22%2C%22icon%22%3A%2210k%22%2C%22image%22%3A%22271461%22%2C%22title%22%3A%22Espace%20de%20travail%20personnalis%C3%A9%22%2C%22text%22%3A%22Nous%20vous%20proposons%20une%20solution%20flexible%20et%20sur%20mesure%20pour%20votre%20entreprise%20et%20votre%20budget.%22%2C%22bgcolor%22%3A%22secondary_10%22%7D%5D\u00a0\u00bb][\/vc_column][\/vc_row][\/vc_section][vc_section dhsv_no_padding=\u00a0\u00bb1&Prime;][vc_row][vc_column][vc_column_text] Des Espaces de Coworking flexibles et stimulants pour toutes les \u00e9quipes Nous savons que chaque entreprise a des besoins sp\u00e9cifiques en termes d&rsquo;espace de travail, et ces besoins peuvent m\u00eame varier d&rsquo;une \u00e9quipe ou d&rsquo;un employ\u00e9 \u00e0 l&rsquo;autre. C&rsquo;est pourquoi les entreprises sont de plus en plus nombreuses \u00e0 opter pour &hellip; <a href=\"https:\/\/www.flexofficeagency.com\/fr\/location-espace-coworking\/\">Continued<\/a><\/p>\n","protected":false},"author":4,"featured_media":139370,"parent":0,"menu_order":0,"comment_status":"closed","ping_status":"closed","template":"","meta":{"_acf_changed":false,"footnotes":""},"class_list":["post-86094","page","type-page","status-publish","has-post-thumbnail","hentry"],"acf":[],"_links":{"self":[{"href":"https:\/\/www.flexofficeagency.com\/fr\/wp-json\/wp\/v2\/pages\/86094","targetHints":{"allow":["GET"]}}],"collection":[{"href":"https:\/\/www.flexofficeagency.com\/fr\/wp-json\/wp\/v2\/pages"}],"about":[{"href":"https:\/\/www.flexofficeagency.com\/fr\/wp-json\/wp\/v2\/types\/page"}],"author":[{"embeddable":true,"href":"https:\/\/www.flexofficeagency.com\/fr\/wp-json\/wp\/v2\/users\/4"}],"replies":[{"embeddable":true,"href":"https:\/\/www.flexofficeagency.com\/fr\/wp-json\/wp\/v2\/comments?post=86094"}],"version-history":[{"count":0,"href":"https:\/\/www.flexofficeagency.com\/fr\/wp-json\/wp\/v2\/pages\/86094\/revisions"}],"wp:featuredmedia":[{"embeddable":true,"href":"https:\/\/www.flexofficeagency.com\/fr\/wp-json\/wp\/v2\/media\/139370"}],"wp:attachment":[{"href":"https:\/\/www.flexofficeagency.com\/fr\/wp-json\/wp\/v2\/media?parent=86094"}],"curies":[{"name":"wp","href":"https:\/\/api.w.org\/{rel}","templated":true}]}}