{"id":86090,"date":"2020-05-03T23:10:27","date_gmt":"2020-05-03T21:10:27","guid":{"rendered":"https:\/\/www.flexofficeagency.com\/flexible-office-space-for-rent\/"},"modified":"2025-01-29T16:56:27","modified_gmt":"2025-01-29T15:56:27","slug":"bureaux-a-louer","status":"publish","type":"page","link":"https:\/\/www.flexofficeagency.com\/fr\/bureaux-a-louer\/","title":{"rendered":"Bureaux Flexibles \u00e0 louer"},"content":{"rendered":"<div class=\"wpb-content-wrapper\"><p>[vc_section][vc_row][vc_column][dhsv_vc_icon_blocks image_align=\u00a0\u00bbcenter\u00a0\u00bb blocks=\u00a0\u00bb%5B%7B%22type%22%3A%22image%22%2C%22icon%22%3A%2210k%22%2C%22image%22%3A%22271453%22%2C%22title%22%3A%22100%20%25%20gratuit%22%2C%22text%22%3A%22FlexOfficeAgency%20vous%20offre%20un%20service%20rapide%20et%20r%C3%A9actif%20qui%20ne%20vous%20co%C3%BBtera%20pas%20un%20centime.%22%2C%22bgcolor%22%3A%22secondary_10%22%7D%2C%7B%22type%22%3A%22image%22%2C%22icon%22%3A%2210k%22%2C%22image%22%3A%22271448%22%2C%22title%22%3A%22Soutien%20expert%22%2C%22text%22%3A%22Nos%20experts%20vous%20accompagnent%20%C3%A0%20chaque%20%C3%A9tape%2C%20m%C3%AAme%20une%20fois%20vos%20nouveaux%20bureaux%20investis.%22%2C%22bgcolor%22%3A%22secondary_10%22%7D%2C%7B%22type%22%3A%22image%22%2C%22icon%22%3A%2210k%22%2C%22image%22%3A%22271410%22%2C%22title%22%3A%22Espace%20de%20travail%20personnalis%C3%A9%22%2C%22text%22%3A%22Nous%20vous%20proposons%20une%20solution%20flexible%20et%20sur%20mesure%20pour%20votre%20entreprise%20et%20votre%20budget.%22%2C%22bgcolor%22%3A%22secondary_10%22%7D%5D\u00a0\u00bb][\/vc_column][\/vc_row][\/vc_section][vc_section dhsv_no_padding=\u00a0\u00bb1&Prime;][vc_row][vc_column][vc_column_text]<\/p>\n<h2 class=\"h2\" style=\"text-align: center;\">\u00c9voluez au rythme du march\u00e9 avec les Bureaux Flexibles<\/h2>\n<p style=\"text-align: center;\">En qu\u00eate de la solution flexible id\u00e9ale pour les bureaux de votre entreprise? Nous vous aiderons \u00e0 la trouver.<br \/>\nToute l&rsquo;\u00e9quipe d&rsquo;FlexOfficeAgency se compose d&rsquo;experts en flex office, avec acc\u00e8s \u00e0 un large \u00e9ventail de bureaux \u00e9quip\u00e9s, propos\u00e9s en location dans les villes du monde entier.<\/p>\n<p style=\"text-align: center;\"><strong>Si vous cherchez une solution de location Flex Office sur mesure, FlexOfficeAgency est le seul interlocuteur qu&rsquo;il vous faut.<\/strong><\/p>\n<p>[\/vc_column_text][\/vc_column][\/vc_row][\/vc_section][vc_section][vc_row][vc_column][vc_empty_space][\/vc_column][\/vc_row][vc_row][vc_column width=\u00a0\u00bb2\/3&Prime;][dhsv_vc_quote text=\u00a0\u00bbDans un contexte commercial en constante \u00e9volution, l&rsquo;agilit\u00e9 est la cl\u00e9 du succ\u00e8s.\u00a0\u00bb][vc_empty_space][vc_empty_space dhsv_emptyspace=\u00a0\u00bbm-top-md\u00a0\u00bb][vc_column_text]<\/p>\n<h2>Que sont les Bureaux Flexibles, et quels avantages peuvent-ils vous offrir?<\/h2>\n<p>Dans un contexte commercial en constante \u00e9volution, l&rsquo;agilit\u00e9 est la cl\u00e9 du succ\u00e8s. Trouver des bureaux \u00e0 louer dans un espace flexible, de haute qualit\u00e9, vous donnera une longueur d&rsquo;avance et vous permettra de vous adapter rapidement. Un bail flexible vous laisse libre de d\u00e9velopper et de transformer vos activit\u00e9s \u00e0 votre rythme, et les solutions de bureaux flexibles, qui \u00e9voluent avec votre entreprise, vous permettent de limiter les risques.<\/p>\n<ul>\n<li><strong><span style=\"color: #677f70;\">Emm\u00e9nagez rapidement<br \/>\n<\/span><\/strong>Que vous cherchiez des bureaux temporaires pour faire face \u00e0 une hausse soudaine de la demande, ou que vous ayez besoin de louer des bureaux \u00e9quip\u00e9s pour un projet \u00e0 long terme, les solutions flex office vous permettent d&#8217;emm\u00e9nager rapidement pour commencer le travail sans d\u00e9lai.<\/li>\n<\/ul>\n<ul>\n<li><strong><span style=\"color: #677f70;\">Adoptez une approche plus agile<br \/>\n<\/span><\/strong>Trouvez un espace de travail qui vous aidera \u00e0 r\u00e9agir, \u00e0 vous adapter et \u00e0 vous d\u00e9velopper en fonction des besoins de votre entreprise.<\/li>\n<\/ul>\n<ul>\n<li><strong><span style=\"color: #677f70;\">R\u00e9duisez les risques financiers<br \/>\n<\/span><\/strong>Louer vos bureaux d\u2019un mois sur l\u2019autre pour vous soulage d\u2019un engagement financier important, tandis que les clauses flexibles r\u00e9duisent les risques li\u00e9s \u00e0 vos co\u00fbts fixes.<\/li>\n<\/ul>\n<ul>\n<li><strong><span style=\"color: #677f70;\">Trouvez le quartier id\u00e9al<br \/>\n<\/span><\/strong>Gr\u00e2ce au concept flex office, votre entreprise peut rapidement louer des bureaux au c\u0153ur du quartier des affaires de votre ville, ou \u00e0 tout autre endroit susceptible de servir vos int\u00e9r\u00eats.<\/li>\n<\/ul>\n<ul>\n<li><strong><span style=\"color: #677f70;\">Profitez d&rsquo;un cadre de travail exceptionnel<br \/>\n<\/span><\/strong>Des bureaux au design attrayant et bien pens\u00e9 aident les \u00e9quipes \u00e0 rester motiv\u00e9es au quotidien : le flex office est le moyen id\u00e9al de travailler dans un environnement agr\u00e9able.<\/li>\n<\/ul>\n<p>[\/vc_column_text][vc_empty_space][\/vc_column][vc_column width=\u00a0\u00bb1\/3&Prime;][dhsv_vc_image_quote image=\u00a0\u00bb83602&Prime; quote_color=\u00a0\u00bbprimary\u00a0\u00bb quote=\u00a0\u00bbLes solutions flex office vous permettent d\u2019emm\u00e9nager rapidement pour commencer le travail sans d\u00e9lai.\u00a0\u00bb][\/vc_column][\/vc_row][\/vc_section][vc_section full_width=\u00a0\u00bbstretch_row\u00a0\u00bb dhsv_background_color=\u00a0\u00bbbg_shadow\u00a0\u00bb][vc_row][vc_column][vc_column_text]<\/p>\n<p class=\"h3 semibold\">Les avantages des Bureaux Flexibles<\/p>\n<p>[\/vc_column_text][dhsv_vc_icon_slider slides=\u00a0\u00bb%5B%7B%22type%22%3A%22image%22%2C%22icon%22%3A%22fullscreen%22%2C%22image%22%3A%22271265%22%2C%22title%22%3A%22Augmenter%20ou%20r%C3%A9duire%22%7D%2C%7B%22type%22%3A%22image%22%2C%22icon%22%3A%22speed%22%2C%22image%22%3A%22271250%22%2C%22title%22%3A%22Emm%C3%A9nagez%20rapidement%22%7D%2C%7B%22type%22%3A%22image%22%2C%22icon%22%3A%22expand%22%2C%22image%22%3A%22271245%22%2C%22title%22%3A%22Dur%C3%A9e%20de%20contrat%20flexible%22%7D%2C%7B%22type%22%3A%22image%22%2C%22icon%22%3A%22meeting_room%22%2C%22image%22%3A%22271531%22%2C%22title%22%3A%22Utilisation%20des%20salles%20de%20r%C3%A9union%22%7D%2C%7B%22type%22%3A%22image%22%2C%22icon%22%3A%22local_post_office%22%2C%22image%22%3A%22271356%22%2C%22title%22%3A%22Gestion%20du%20courrier%22%7D%2C%7B%22type%22%3A%22image%22%2C%22icon%22%3A%22phonelink%22%2C%22image%22%3A%22271398%22%2C%22title%22%3A%22Connexion%20t%C3%A9l%C3%A9phonique%20et%20Wi-Fi%22%7D%2C%7B%22type%22%3A%22image%22%2C%22icon%22%3A%22invert_colors%22%2C%22image%22%3A%22271255%22%2C%22title%22%3A%22Nettoyage%22%7D%2C%7B%22type%22%3A%22image%22%2C%22icon%22%3A%22headset_mic%22%2C%22image%22%3A%22271240%22%2C%22title%22%3A%22Service%20de%20r%C3%A9ponse%20aux%20appels%22%7D%2C%7B%22type%22%3A%22image%22%2C%22icon%22%3A%22access_time%22%2C%22image%22%3A%22271865%22%2C%22title%22%3A%22Acc%C3%A8s%2024%20heures%22%7D%2C%7B%22type%22%3A%22image%22%2C%22icon%22%3A%22person_pin_circle%22%2C%22image%22%3A%22271521%22%2C%22title%22%3A%22%C3%89quipe%20de%20direction%20sur%20place%22%7D%5D\u00a0\u00bb][\/vc_column][\/vc_row][\/vc_section][vc_section][vc_row][vc_column width=\u00a0\u00bb2\/3&Prime;][vc_empty_space][vc_column_text]<\/p>\n<h2>Trouvez des Bureaux \u00e0 louer<\/h2>\n<p>FlexOfficeAgency propose bien plus qu&rsquo;une simple liste de bureaux vacants et d&rsquo;espaces de travail \u00e0 louer. Notre \u00e9quipe de consultants prend tout le temps n\u00e9cessaire pour apprendre \u00e0 vous conna\u00eetre et comprendre les besoins de votre entreprise : nos experts vous guideront tout au long du processus qui vous permettra de trouver l&rsquo;espace de travail id\u00e9al.<\/p>\n<p>Que vous cherchiez un petit bureau \u00e0 louer ou un espace collaboratif pour votre \u00e9quipe, nous vous aiderons \u00e0 faire le bon choix. Nous vous accompagnons tout au long de votre projet, en vous fournissant toutes les informations utiles sur le site, les services et les tarifs. Nous n\u00e9gocierons m\u00eame le contrat pour vous et v\u00e9rifierons que vous comprenez tous les d\u00e9tails.<\/p>\n<p>O\u00f9 que vous exerciez, notre \u00e9quipe vous aidera \u00e0 trouver le bureau parfait et vous fournira toute l&rsquo;assistance n\u00e9cessaire pour vous aider \u00e0 prendre la bonne d\u00e9cision.<\/p>\n<p>&nbsp;<\/p>\n<h2>Une multitude de Bureaux attrayants dans les villes du monde entier<\/h2>\n<p>Le monde des affaires \u00e9volue aujourd&rsquo;hui \u00e0 l&rsquo;\u00e9chelle internationale, et nous travaillons en \u00e9troit partenariat avec les op\u00e9rateurs de centres d&rsquo;affaires aux quatre coins du globe pour vous proposer de superbes espaces de travail, aux adresses les plus pris\u00e9es. Vous trouverez des bureaux id\u00e9alement situ\u00e9s dans des centaines de villes et agglom\u00e9rations du monde entier, y compris des bureaux haut de gamme, des espaces de coworking, des bureaux \u00e9quip\u00e9s et enti\u00e8rement g\u00e9r\u00e9s, ou des bureaux tournants.<\/p>\n<p>Contactez nos experts et vous serez bient\u00f4t en mesure de louer l&rsquo;espace de travail id\u00e9al pour votre entreprise. Que le bureau de vos r\u00eaves se situe \u00e0 Amsterdam, Berlin ou Bruxelles, ou que vous pr\u00e9f\u00e9riez explorer les opportunit\u00e9s \u00e0 Duba\u00ef, Zurich ou Vienne, nous vous accompagnerons tout au long du processus, de la s\u00e9lection initiale \u00e0 la n\u00e9gociation du contrat, en passant par les visites sur place. Laissez-nous faire tout le travail pendant que vous consacrez votre \u00e9nergie \u00e0 la croissance de votre entreprise, o\u00f9 que vous soyez dans le monde.[\/vc_column_text][vc_empty_space][\/vc_column][vc_column width=\u00a0\u00bb1\/3&Prime;][vc_empty_space][dhsv_vc_image_quote image=\u00a0\u00bb83662&Prime; quote_align=\u00a0\u00bbalign-left\u00a0\u00bb quote=\u00a0\u00bbNous vous accompagnerons tout au long du processus, de la s\u00e9lection initiale \u00e0 la n\u00e9gociation du contrat, en passant par les visites sur place.\u00a0\u00bb][vc_empty_space][\/vc_column][\/vc_row][\/vc_section][vc_section full_width=\u00a0\u00bbstretch_row\u00a0\u00bb dhsv_background_color=\u00a0\u00bbbg_primary-gradient\u00a0\u00bb][vc_row][vc_column][dhsv_vc_template_element template_id=\u00a0\u00bb63649&Prime;][\/vc_column][\/vc_row][\/vc_section][vc_section][vc_row][vc_column width=\u00a0\u00bb2\/3&Prime;][vc_empty_space][vc_column_text]<\/p>\n<h2>Bureaux \u00e0 louer : des solutions sur mesure<\/h2>\n<p>Lorsque vous travaillez avec nos experts en immobilier commercial, votre entreprise et ses besoins sp\u00e9cifiques sont toujours au c\u0153ur de la solution flexible que nous \u00e9laborons pour vous. Notre \u00e9quipe vous \u00e9coutera attentivement pour comprendre ce que vous attendez de votre environnement de travail, puis utilisera ces informations pour vous proposer un bureau sur mesure.<\/p>\n<p>Quelle que soit la taille de votre entreprise ou votre secteur d&rsquo;activit\u00e9s, nous trouverons la solution flex office qui r\u00e9pondra \u00e0 toutes vos exigences. D&rsquo;un unique bureau \u00e0 une suite compl\u00e8te de bureaux \u00e9quip\u00e9s, avec multiples postes de travail, salles de r\u00e9union et services g\u00e9r\u00e9s, nous vous proposerons un espace de travail pens\u00e9 pour contribuer \u00e0 la croissance de votre business.<\/p>\n<p>Vous avez besoin de vous implanter en plein quartier des affaires ? Pas de probl\u00e8me. Il vous faut des bureaux \u00e0 proximit\u00e9 de la gare, ou \u00e0 quelques minutes \u00e0 pied des principaux lieux de networking professionnel de la ville ? C&rsquo;est comme si c&rsquo;\u00e9tait fait.[\/vc_column_text][vc_empty_space dhsv_emptyspace=\u00a0\u00bbm-top-md\u00a0\u00bb][vc_column_text]<\/p>\n<h4><span style=\"color: #677f70;\">Les avantages de nos solutions Flex Office pour votre entreprise:<\/span><\/h4>\n<ul>\n<li>Travaillez de la mani\u00e8re qui convient le mieux \u00e0 votre entreprise.<\/li>\n<li>Attirez et retenez les employ\u00e9s les plus talentueux.<\/li>\n<li>Transformez vos bureaux en espace de travail attrayant et stimulant.<\/li>\n<li>Adaptez-vous rapidement pour \u00e9voluer avec les besoins de votre entreprise.<\/li>\n<li>Besoin d&rsquo;une superficie plus grande ou plus petite ? Changez en toute facilit\u00e9!<\/li>\n<\/ul>\n<p>[\/vc_column_text][vc_empty_space][\/vc_column][vc_column width=\u00a0\u00bb1\/3&Prime;][vc_empty_space][dhsv_vc_image_quote image=\u00a0\u00bb83598&Prime; quote_color=\u00a0\u00bbprimary\u00a0\u00bb quote=\u00a0\u00bbQuelle que soit la taille de votre entreprise ou votre secteur d&rsquo;activit\u00e9s, nous trouverons la solution flex office qui r\u00e9pondra \u00e0 toutes vos exigences.\u00a0\u00bb][vc_empty_space][\/vc_column][\/vc_row][\/vc_section][vc_section full_width=\u00a0\u00bbstretch_row\u00a0\u00bb][vc_row][vc_column][dhsv_vc_vertical_slider element_type=\u00a0\u00bbsmall\u00a0\u00bb slides=\u00a0\u00bb%5B%7B%22type%22%3A%22font%22%2C%22icon%22%3A%22group_add%22%2C%22title%22%3A%22Superficie%20modulaire%22%2C%22headline%22%3A%22Superficie%20modulaire%22%2C%22text%22%3A%22La%20composition%20de%20vos%20%C3%A9quipes%20peut%20changer%20tr%C3%A8s%20rapidement%20%3A%20vos%20effectifs%20peuvent%20passer%20de%2010%20%C3%A0%2020%20personnes%20en%20l&rsquo;espace%20d&rsquo;un%20mois%2C%20et%20vice-versa.%20Un%20bail%20de%20type%20flex%20office%20vous%20permet%20d&rsquo;augmenter%2C%20ou%20de%20r%C3%A9duire%2C%20le%20nombre%20de%20postes%20de%20travail%20que%20vous%20louez%20tr%C3%A8s%20rapidement%2C%20vous%20aidant%20%C3%A0%20mieux%20contr%C3%B4ler%20vos%20co%C3%BBts%20g%C3%A9n%C3%A9raux.%22%2C%22image%22%3A%2267733%22%7D%2C%7B%22type%22%3A%22font%22%2C%22icon%22%3A%22power%22%2C%22title%22%3A%22Bureaux%20tout%20%C3%A9quip%C3%A9s%22%2C%22headline%22%3A%22Bureaux%20tout%20%C3%A9quip%C3%A9s%22%2C%22text%22%3A%22Entrez%20dans%20votre%20nouveau%20bureau%2C%20connectez%20votre%20ordinateur%20portable%20ou%20PC%20au%20r%C3%A9seau%20Wi-Fi%20ultra%20rapide%2C%20et%20commencez%20%C3%A0%20travailler%20%3A%20simplissime%20!%20Aucune%20interruption%2C%20aucun%20mat%C3%A9riel%20%C3%A0%20d%C3%A9m%C3%A9nager%2C%20aucun%20effort.%22%2C%22image%22%3A%2275042%22%7D%2C%7B%22type%22%3A%22font%22%2C%22icon%22%3A%22fullscreen%22%2C%22title%22%3A%22Bail%20%C3%A0%20clauses%20flexibles%22%2C%22headline%22%3A%22Bail%20%C3%A0%20clauses%20flexibles%22%2C%22text%22%3A%22En%20temps%20d&rsquo;incertitude%2C%20les%20entreprises%20ne%20peuvent%20pas%20prendre%20le%20risque%20de%20signer%20un%20bail%20%C3%A0%20long%20terme.%20Avec%20un%20bureau%20flexible%2C%20vous%20ne%20payez%20que%20pour%20les%20options%20dont%20vous%20avez%20vraiment%20besoin%2C%20aussi%20longtemps%20que%20vous%20avez%20en%20avez%20besoin.%22%2C%22image%22%3A%2283550%22%7D%2C%7B%22type%22%3A%22font%22%2C%22icon%22%3A%22move_to_inbox%22%2C%22title%22%3A%22Emm%C3%A9nagez%20imm%C3%A9diatement%22%2C%22headline%22%3A%22Emm%C3%A9nagez%20imm%C3%A9diatement%22%2C%22text%22%3A%22Un%20bureau%20pr%C3%AAt%20%C3%A0%20vous%20accueillir%20sans%20d%C3%A9lai%20%3F%20C&rsquo;est%20possible%20!%20Emm%C3%A9nagez%20en%2024%20heures%20et%20remettez-vous%20au%20travail%20sans%20attendre.%20Nous%20nous%20chargeons%20de%20tous%20les%20d%C3%A9tails%20pratiques%20%3A%20signez%20simplement%20le%20bail%20aujourd&rsquo;hui%20et%20emm%C3%A9nagez%20demain!%22%2C%22image%22%3A%2274694%22%7D%5D\u00a0\u00bb][\/vc_column][\/vc_row][\/vc_section][vc_section][vc_row][vc_column width=\u00a0\u00bb2\/3&Prime;][vc_empty_space][vc_column_text]<\/p>\n<h2 class=\"h2\">Louez vos Bureaux \u00e0 un prix abordable<\/h2>\n<p>Avec l&rsquo;aide de nos experts immobiliers, la recherche de nouveaux bureaux n&rsquo;est plus un processus compliqu\u00e9.<\/p>\n<p>FlexOfficeAgency est votre partenaire n\u00b01 pour les solutions de flex office : nous prenons le temps de comprendre vos besoins et d&rsquo;identifier les bureaux de grand standing qui r\u00e9pondront \u00e0 tous vos crit\u00e8res, \u00e0 l&rsquo;endroit souhait\u00e9. Et parce que nous n\u00e9gocions le contrat de location pour vous, vous profiterez d&rsquo;un espace de travail de qualit\u00e9 sup\u00e9rieure, au meilleur prix possible.[\/vc_column_text][vc_empty_space dhsv_emptyspace=\u00a0\u00bbm-top-md\u00a0\u00bb][vc_column_text]<\/p>\n<h4><span style=\"color: #677f70;\">N&rsquo;oubliez pas, avec FlexOfficeAgency, vous profiterez de:<\/span><\/h4>\n<ul>\n<li>Un service GRATUIT, rapide et r\u00e9actif<\/li>\n<li>L&rsquo;aide d&rsquo;experts pour trouver des bureaux de qualit\u00e9<\/li>\n<li>Un soutien continu, \u00e0 chaque \u00e9tape du processus<\/li>\n<li>La prise en charge des n\u00e9gociations de votre contrat<\/li>\n<li>La location \u00e0 des prix comp\u00e9titifs<\/li>\n<li>Des bureaux de haute qualit\u00e9, r\u00e9pondant \u00e0 tous les besoins de votre entreprise<\/li>\n<\/ul>\n<p>&nbsp;<\/p>\n<h4><\/h4>\n<h4>Contactez-nous d\u00e8s aujourd&rsquo;hui et ensemble, nous trouverons le bureau dont vous avez toujours r\u00eav\u00e9!<\/h4>\n<p>[\/vc_column_text][\/vc_column][vc_column width=\u00a0\u00bb1\/3&Prime;][vc_empty_space][dhsv_vc_image_quote image=\u00a0\u00bb83610&Prime; quote_align=\u00a0\u00bbalign-left\u00a0\u00bb quote=\u00a0\u00bbAvec l&rsquo;aide de nos experts immobiliers, la recherche de nouveaux bureaux n&rsquo;est plus un processus compliqu\u00e9.\u00a0\u00bb][\/vc_column][\/vc_row][\/vc_section][vc_row][vc_column][dhsv_vc_template_element template_id=\u00a0\u00bb66799&Prime;][\/vc_column][\/vc_row]<\/p>\n<\/div>","protected":false},"excerpt":{"rendered":"<p>[vc_section][vc_row][vc_column][dhsv_vc_icon_blocks image_align=\u00a0\u00bbcenter\u00a0\u00bb blocks=\u00a0\u00bb%5B%7B%22type%22%3A%22image%22%2C%22icon%22%3A%2210k%22%2C%22image%22%3A%22271453%22%2C%22title%22%3A%22100%20%25%20gratuit%22%2C%22text%22%3A%22FlexOfficeAgency%20vous%20offre%20un%20service%20rapide%20et%20r%C3%A9actif%20qui%20ne%20vous%20co%C3%BBtera%20pas%20un%20centime.%22%2C%22bgcolor%22%3A%22secondary_10%22%7D%2C%7B%22type%22%3A%22image%22%2C%22icon%22%3A%2210k%22%2C%22image%22%3A%22271448%22%2C%22title%22%3A%22Soutien%20expert%22%2C%22text%22%3A%22Nos%20experts%20vous%20accompagnent%20%C3%A0%20chaque%20%C3%A9tape%2C%20m%C3%AAme%20une%20fois%20vos%20nouveaux%20bureaux%20investis.%22%2C%22bgcolor%22%3A%22secondary_10%22%7D%2C%7B%22type%22%3A%22image%22%2C%22icon%22%3A%2210k%22%2C%22image%22%3A%22271410%22%2C%22title%22%3A%22Espace%20de%20travail%20personnalis%C3%A9%22%2C%22text%22%3A%22Nous%20vous%20proposons%20une%20solution%20flexible%20et%20sur%20mesure%20pour%20votre%20entreprise%20et%20votre%20budget.%22%2C%22bgcolor%22%3A%22secondary_10%22%7D%5D\u00a0\u00bb][\/vc_column][\/vc_row][\/vc_section][vc_section dhsv_no_padding=\u00a0\u00bb1&Prime;][vc_row][vc_column][vc_column_text] \u00c9voluez au rythme du march\u00e9 avec les Bureaux Flexibles En qu\u00eate de la solution flexible id\u00e9ale pour les bureaux de votre entreprise? Nous vous aiderons \u00e0 la trouver. Toute l&rsquo;\u00e9quipe d&rsquo;FlexOfficeAgency se compose d&rsquo;experts en flex office, avec acc\u00e8s \u00e0 un large \u00e9ventail de bureaux \u00e9quip\u00e9s, propos\u00e9s en location dans les &hellip; <a href=\"https:\/\/www.flexofficeagency.com\/fr\/bureaux-a-louer\/\">Continued<\/a><\/p>\n","protected":false},"author":4,"featured_media":139366,"parent":0,"menu_order":0,"comment_status":"closed","ping_status":"closed","template":"","meta":{"_acf_changed":false,"footnotes":""},"class_list":["post-86090","page","type-page","status-publish","has-post-thumbnail","hentry"],"acf":[],"_links":{"self":[{"href":"https:\/\/www.flexofficeagency.com\/fr\/wp-json\/wp\/v2\/pages\/86090","targetHints":{"allow":["GET"]}}],"collection":[{"href":"https:\/\/www.flexofficeagency.com\/fr\/wp-json\/wp\/v2\/pages"}],"about":[{"href":"https:\/\/www.flexofficeagency.com\/fr\/wp-json\/wp\/v2\/types\/page"}],"author":[{"embeddable":true,"href":"https:\/\/www.flexofficeagency.com\/fr\/wp-json\/wp\/v2\/users\/4"}],"replies":[{"embeddable":true,"href":"https:\/\/www.flexofficeagency.com\/fr\/wp-json\/wp\/v2\/comments?post=86090"}],"version-history":[{"count":0,"href":"https:\/\/www.flexofficeagency.com\/fr\/wp-json\/wp\/v2\/pages\/86090\/revisions"}],"wp:featuredmedia":[{"embeddable":true,"href":"https:\/\/www.flexofficeagency.com\/fr\/wp-json\/wp\/v2\/media\/139366"}],"wp:attachment":[{"href":"https:\/\/www.flexofficeagency.com\/fr\/wp-json\/wp\/v2\/media?parent=86090"}],"curies":[{"name":"wp","href":"https:\/\/api.w.org\/{rel}","templated":true}]}}