{"id":85703,"date":"2020-06-23T21:48:28","date_gmt":"2020-06-23T19:48:28","guid":{"rendered":"https:\/\/www.flexofficeagency.com\/virtual-office-rental\/"},"modified":"2025-01-29T18:44:39","modified_gmt":"2025-01-29T17:44:39","slug":"bureau-virtuel","status":"publish","type":"page","link":"https:\/\/www.flexofficeagency.com\/fr\/bureau-virtuel\/","title":{"rendered":"Bureau Virtuel"},"content":{"rendered":"<div class=\"wpb-content-wrapper\"><p>[vc_section dhsv_show_get_in_touch=\u00a0\u00bb1&Prime;][vc_row][vc_column width=\u00a0\u00bb11\/12&Prime;][vc_empty_space][vc_column_text]<\/p>\n<p class=\"h2\" style=\"text-align: left;\"><strong>Votre Bureau Virtuel: petit prix, fort impact<\/strong><\/p>\n<p style=\"text-align: left;\">Pour une fraction du co\u00fbt associ\u00e9 \u00e0 la location d&rsquo;un bureau physique, le bureau virtuel est une solution qui vous permet d&rsquo;assurer la domiciliation de votre entreprise, avec une pr\u00e9sence constante \u00e0 l&rsquo;adresse physique lorsque vous n&rsquo;\u00eates pas disponible et l&rsquo;acc\u00e8s \u00e0 une suite compl\u00e8te de services et d&rsquo;installations professionnels.<\/p>\n<p>Vous venez de lancer votre entreprise ou avez besoin d&rsquo;asseoir votre pr\u00e9sence dans une nouvelle r\u00e9gion ? Vos employ\u00e9s t\u00e9l\u00e9travaillent ? Quelle que soit votre situation, le bureau virtuel vous offre tous les avantages d&rsquo;un bureau traditionnel, \u00e0 un prix consid\u00e9rablement moins \u00e9lev\u00e9.<\/p>\n<p><strong>Voici 5 avantages dont votre entreprise pourrait b\u00e9n\u00e9ficier gr\u00e2ce \u00e0 un bureau virtuel:<\/strong>[\/vc_column_text][vc_column_text]<\/p>\n<ul>\n<li>Disponibilit\u00e9 imm\u00e9diate<\/li>\n<li>Adresses prestigieuses dans le monde entier<\/li>\n<li>Soutien administratif<\/li>\n<li>Acc\u00e8s aux salles de conf\u00e9rence<\/li>\n<li>Bureaux privatifs et postes de travail en espace coworking \u00e0 la demande<\/li>\n<\/ul>\n<p>[\/vc_column_text][vc_empty_space dhsv_emptyspace=\u00a0\u00bbm-top-lg\u00a0\u00bb][\/vc_column][vc_column width=\u00a0\u00bb1\/12&Prime;][\/vc_column][\/vc_row][\/vc_section][vc_section][vc_row][vc_column][dhsv_vc_icon_blocks image_align=\u00a0\u00bbcenter\u00a0\u00bb blocks=\u00a0\u00bb%5B%7B%22type%22%3A%22image%22%2C%22icon%22%3A%2210k%22%2C%22image%22%3A%22271595%22%2C%22title%22%3A%22Adresses%20prestigieuses%22%2C%22text%22%3A%22Associez%20bureau%20virtuel%20et%20adresse%20prestigieuse%2C%20sans%20payer%20l&rsquo;espace%20au%20sol.%22%2C%22bgcolor%22%3A%22secondary_10%22%7D%2C%7B%22type%22%3A%22image%22%2C%22icon%22%3A%2210k%22%2C%22image%22%3A%22271672%22%2C%22title%22%3A%22Soutien%20professionnel%22%2C%22text%22%3A%22Personnel%20administratif%20hautement%20qualifi%C3%A9%20pour%20repr%C3%A9senter%20votre%20entreprise.%22%2C%22bgcolor%22%3A%22secondary_10%22%7D%2C%7B%22type%22%3A%22image%22%2C%22icon%22%3A%2210k%22%2C%22image%22%3A%22271531%22%2C%22title%22%3A%22Salles%20de%20r%C3%A9union%20et%20salons%22%2C%22text%22%3A%22Salles%20de%20conf%C3%A9rence%20et%20espaces%20%C3%A9v%C3%A9nementiels%20soign%C3%A9s%2C%20dot%C3%A9s%20des%20derni%C3%A8res%20technologies.%22%2C%22bgcolor%22%3A%22secondary_10%22%7D%5D\u00a0\u00bb][\/vc_column][\/vc_row][\/vc_section][vc_section][vc_row][vc_column width=\u00a0\u00bb2\/3&Prime;][dhsv_vc_quote text=\u00a0\u00bbUne adresse professionnelle virtuelle est gage de stabilit\u00e9 et donnera \u00e0 vos clients l&rsquo;impression que vous \u00eates toujours disponible, m\u00eame si vous \u00eates en d\u00e9placement.\u00a0\u00bb][vc_empty_space][vc_empty_space dhsv_emptyspace=\u00a0\u00bbm-top-md\u00a0\u00bb][vc_column_text]<\/p>\n<h2>Choisissez une adresse qui garantira la visibilit\u00e9 de votre entreprise<\/h2>\n<p>Vous n&rsquo;avez pas besoin de travailler dans un gratte-ciel en plein centre-ville pour b\u00e9n\u00e9ficier d&rsquo;une adresse professionnelle prestigieuse. Disponibles dans toutes les grandes villes du monde entier, les bureaux virtuels vous permettent, \u00e0 faible co\u00fbt, d&rsquo;associer le nom de votre entreprise \u00e0 celui des plus grandes multinationales.<\/p>\n<p>Une adresse professionnelle virtuelle est gage de stabilit\u00e9 et donnera \u00e0 vos clients l&rsquo;impression que vous \u00eates toujours disponible, m\u00eame si vous \u00eates en d\u00e9placement. Vos appels t\u00e9l\u00e9phoniques seront pris en charge par un personnel comp\u00e9tent et amical, et non par une bo\u00eete vocale, et vous pourrez m\u00eame ajouter l&rsquo;enseigne de votre entreprise dans le b\u00e2timent pour plus d&rsquo;authenticit\u00e9.<\/p>\n<p>Les bureaux virtuels vous aideront \u00e9galement \u00e0 placer la barre plus haut lors de vos r\u00e9unions et rendez-vous avec les clients, que vous pourrez recevoir dans des salles de conf\u00e9rences et salons d&rsquo;affaires au design \u00e9l\u00e9gant et professionnel. Ces espaces peuvent \u00eatre facilement r\u00e9serv\u00e9s pour une heure, une journ\u00e9e ou une semaine, via le point de contact du centre d&rsquo;affaires.<\/p>\n<p>Confiez votre recherche aux experts d&rsquo;FlexOfficeAgency : nous vous aiderons non seulement \u00e0 trouver l\u2019adresse id\u00e9ale, mais aussi le prestataire de services pour bureau virtuel qui soutiendra les activit\u00e9s quotidiennes de votre entreprise, comme s&rsquo;il faisait partie de votre \u00e9quipe. Et gr\u00e2ce aux excellentes relations que nous entretenons avec les op\u00e9rateurs de centres d&rsquo;affaires du monde entier, vous obtiendrez aussi les meilleurs prix.[\/vc_column_text][\/vc_column][vc_column width=\u00a0\u00bb1\/3&Prime;][dhsv_vc_image_quote image=\u00a0\u00bb83570&Prime; quote_color=\u00a0\u00bbprimary\u00a0\u00bb quote=\u00a0\u00bbVous n&rsquo;avez pas besoin de travailler dans un gratte-ciel en plein centre-ville pour b\u00e9n\u00e9ficier d&rsquo;une adresse professionnelle prestigieuse.\u00a0\u00bb][\/vc_column][\/vc_row][\/vc_section][vc_section full_width=\u00a0\u00bbstretch_row\u00a0\u00bb dhsv_background_color=\u00a0\u00bbbg_shadow\u00a0\u00bb][vc_row][vc_column][vc_column_text]<\/p>\n<p class=\"h3 semibold\">Avantages et options disponibles pour les Bureaux Virtuels<\/p>\n<p>[\/vc_column_text][dhsv_vc_icon_slider slides=\u00a0\u00bb%5B%7B%22type%22%3A%22image%22%2C%22icon%22%3A%22fullscreen%22%2C%22image%22%3A%22271265%22%2C%22title%22%3A%22Augmenter%20ou%20r%C3%A9duire%22%7D%2C%7B%22type%22%3A%22image%22%2C%22icon%22%3A%22speed%22%2C%22image%22%3A%22271376%22%2C%22title%22%3A%22Emm%C3%A9nagez%20rapidement%22%7D%2C%7B%22type%22%3A%22image%22%2C%22icon%22%3A%22expand%22%2C%22image%22%3A%22271245%22%2C%22title%22%3A%22Dur%C3%A9e%20de%20contrat%20flexible%22%7D%2C%7B%22type%22%3A%22image%22%2C%22icon%22%3A%22meeting_room%22%2C%22image%22%3A%22271214%22%2C%22title%22%3A%22Utilisation%20des%20salles%20de%20r%C3%A9union%22%7D%2C%7B%22type%22%3A%22image%22%2C%22icon%22%3A%22local_post_office%22%2C%22image%22%3A%22271235%22%2C%22title%22%3A%22Gestion%20du%20courrier%22%7D%2C%7B%22type%22%3A%22image%22%2C%22icon%22%3A%22phonelink%22%2C%22image%22%3A%22271260%22%2C%22title%22%3A%22Connexion%20t%C3%A9l%C3%A9phonique%20et%20Wi-Fi%22%7D%2C%7B%22type%22%3A%22image%22%2C%22icon%22%3A%22invert_colors%22%2C%22image%22%3A%22271381%22%2C%22title%22%3A%22Nettoyage%22%7D%2C%7B%22type%22%3A%22image%22%2C%22icon%22%3A%22headset_mic%22%2C%22image%22%3A%22271240%22%2C%22title%22%3A%22Service%20de%20r%C3%A9ponse%20aux%20appels%22%7D%2C%7B%22type%22%3A%22image%22%2C%22icon%22%3A%22access_time%22%2C%22image%22%3A%22271865%22%2C%22title%22%3A%22Acc%C3%A8s%2024%20heures%22%7D%2C%7B%22type%22%3A%22image%22%2C%22icon%22%3A%22person_pin_circle%22%2C%22image%22%3A%22271521%22%2C%22title%22%3A%22%C3%89quipe%20de%20direction%20sur%20place%22%7D%5D\u00a0\u00bb][\/vc_column][\/vc_row][\/vc_section][vc_section][vc_row][vc_column width=\u00a0\u00bb2\/3&Prime;][vc_empty_space][vc_column_text]<\/p>\n<h2>Travaillez n\u2019importe o\u00f9 dans le monde<\/h2>\n<p>Avec l&rsquo;utilisation g\u00e9n\u00e9ralis\u00e9e des appareils mobiles, l&rsquo;acc\u00e8s quasi illimit\u00e9 \u00e0 Internet et un besoin croissant de trouver un meilleur \u00e9quilibre vie\/travail, les arguments en faveur du bureau virtuel et de la simple adresse professionnelle ne manquent pas. Et vous \u00e9viterez la monotonie des trajets quotidiens ! Gagnez du temps, \u00e9conomisez sur les frais de loyer et de d\u00e9placement associ\u00e9s \u00e0 un bureau traditionnel, et r\u00e9duisez m\u00eame vos d\u00e9penses en ressources humaines en utilisant les services de soutien professionnels propos\u00e9s.<\/p>\n<p>Si vous \u00eates employeur, un bureau virtuel vous donnera aussi la flexibilit\u00e9 n\u00e9cessaire pour recruter les individus les plus talentueux, o\u00f9 qu&rsquo;ils r\u00e9sident. Vous et votre personnel \u00e9viterez les frais de transport et le temps perdu dans les embouteillages, profiterez d&rsquo;options de travail flexibles et trouverez un meilleur \u00e9quilibre vie\/travail, conditions contribuant toutes \u00e0 la cr\u00e9ativit\u00e9, la loyaut\u00e9 et la productivit\u00e9.<\/p>\n<p>Et si vous souhaitez rassembler votre \u00e9quipe pour discuter et collaborer, vous pourrez non seulement louer des salles de r\u00e9union et des espaces \u00e9v\u00e9nementiels pour vos ateliers, mais aussi des bureaux ou espaces de coworking pour la journ\u00e9e, ou aussi longtemps que vous en aurez besoin.[\/vc_column_text][vc_empty_space dhsv_emptyspace=\u00a0\u00bbm-top-md\u00a0\u00bb][\/vc_column][vc_column width=\u00a0\u00bb1\/3&Prime;][vc_empty_space dhsv_emptyspace=\u00a0\u00bbm-top-md\u00a0\u00bb][dhsv_vc_media image=\u00a0\u00bb126702&Prime;][vc_empty_space][\/vc_column][\/vc_row][\/vc_section][vc_section full_width=\u00a0\u00bbstretch_row\u00a0\u00bb dhsv_background_color=\u00a0\u00bbbg_primary-gradient\u00a0\u00bb][vc_row][vc_column][dhsv_vc_template_element template_id=\u00a0\u00bb63649&Prime;][\/vc_column][\/vc_row][\/vc_section][vc_section][vc_row][vc_column width=\u00a0\u00bb2\/3&Prime;][vc_empty_space][vc_column_text]<\/p>\n<h2>Choisir la bonne adresse n&rsquo;est plus un casse-t\u00eate<\/h2>\n<p>Pourquoi passer des heures \u00e0 parcourir les interminables listings de bureaux virtuels publi\u00e9s en ligne quand il vous suffit de nous envoyer un message pour recevoir une s\u00e9lection experte de toutes les options id\u00e9ales pour votre entreprise ?<\/p>\n<p>Vous ne gagnerez pas seulement un temps pr\u00e9cieux, vous \u00e9conomiserez aussi de l&rsquo;argent ! Les sp\u00e9cialistes en solutions flex office d&rsquo;FlexOfficeAgency ont acc\u00e8s aux meilleurs prix parce qu&rsquo;ils sont en contact permanent avec les fournisseurs de bureaux virtuels du monde entier.<\/p>\n<p>Nous vous aiderons \u00e0 n\u00e9gocier une offre et vous aiderons \u00e0 domicilier votre entreprise \u00e0 votre nouvelle adresse professionnelle rapidement et facilement.<\/p>\n<p><span style=\"color: #677f70;\"><strong>Les avantages d&rsquo;une adresse de bureau virtuel pour votre entreprise:<\/strong><\/span>[\/vc_column_text][vc_column_text]<\/p>\n<ul>\n<li>Travaillez avec une flexibilit\u00e9 sans pareille, tout en offrant \u00e0 vos clients une pr\u00e9sence stable et constante.<\/li>\n<li>Les \u00e9quipes \u00e0 distance disposent d&rsquo;un point de rendez-vous fixe lorsqu&rsquo;elles ont besoin de se r\u00e9unir.<\/li>\n<li>Location de bureaux de coworking et bureaux privatifs \u00e0 la demande.<\/li>\n<li>Services de soutien professionnels pour vous soulager des t\u00e2ches administratives.<\/li>\n<li>Votre carte de visite mentionnera une adresse prestigieuse.<\/li>\n<\/ul>\n<p>[\/vc_column_text][vc_empty_space][vc_column_text]<strong>FlexOfficeAgency vous offre le moyen le plus rapide et le plus simple de trouver la meilleure adresse, au meilleur prix, pour votre bureau virtuel. Contactez-nous d\u00e8s aujourd&rsquo;hui et nous vous pr\u00e9senterons toutes les options par e-mail.<\/strong>[\/vc_column_text][\/vc_column][vc_column width=\u00a0\u00bb1\/3&Prime;][vc_empty_space][dhsv_vc_image_quote image=\u00a0\u00bb84368&Prime; quote_align=\u00a0\u00bbalign-left\u00a0\u00bb quote=\u00a0\u00bbVous ne gagnerez pas seulement un temps pr\u00e9cieux, vous \u00e9conomiserez aussi de l&rsquo;argent!\u00a0\u00bb][vc_empty_space][\/vc_column][\/vc_row][\/vc_section][vc_row][vc_column][dhsv_vc_template_element template_id=\u00a0\u00bb66799&Prime;][\/vc_column][\/vc_row]<\/p>\n<\/div>","protected":false},"excerpt":{"rendered":"<p>[vc_section dhsv_show_get_in_touch=\u00a0\u00bb1&Prime;][vc_row][vc_column width=\u00a0\u00bb11\/12&Prime;][vc_empty_space][vc_column_text] Votre Bureau Virtuel: petit prix, fort impact Pour une fraction du co\u00fbt associ\u00e9 \u00e0 la location d&rsquo;un bureau physique, le bureau virtuel est une solution qui vous permet d&rsquo;assurer la domiciliation de votre entreprise, avec une pr\u00e9sence constante \u00e0 l&rsquo;adresse physique lorsque vous n&rsquo;\u00eates pas disponible et l&rsquo;acc\u00e8s \u00e0 une suite compl\u00e8te &hellip; <a href=\"https:\/\/www.flexofficeagency.com\/fr\/bureau-virtuel\/\">Continued<\/a><\/p>\n","protected":false},"author":4,"featured_media":139378,"parent":0,"menu_order":0,"comment_status":"closed","ping_status":"closed","template":"","meta":{"_acf_changed":false,"footnotes":""},"class_list":["post-85703","page","type-page","status-publish","has-post-thumbnail","hentry"],"acf":[],"_links":{"self":[{"href":"https:\/\/www.flexofficeagency.com\/fr\/wp-json\/wp\/v2\/pages\/85703","targetHints":{"allow":["GET"]}}],"collection":[{"href":"https:\/\/www.flexofficeagency.com\/fr\/wp-json\/wp\/v2\/pages"}],"about":[{"href":"https:\/\/www.flexofficeagency.com\/fr\/wp-json\/wp\/v2\/types\/page"}],"author":[{"embeddable":true,"href":"https:\/\/www.flexofficeagency.com\/fr\/wp-json\/wp\/v2\/users\/4"}],"replies":[{"embeddable":true,"href":"https:\/\/www.flexofficeagency.com\/fr\/wp-json\/wp\/v2\/comments?post=85703"}],"version-history":[{"count":0,"href":"https:\/\/www.flexofficeagency.com\/fr\/wp-json\/wp\/v2\/pages\/85703\/revisions"}],"wp:featuredmedia":[{"embeddable":true,"href":"https:\/\/www.flexofficeagency.com\/fr\/wp-json\/wp\/v2\/media\/139378"}],"wp:attachment":[{"href":"https:\/\/www.flexofficeagency.com\/fr\/wp-json\/wp\/v2\/media?parent=85703"}],"curies":[{"name":"wp","href":"https:\/\/api.w.org\/{rel}","templated":true}]}}