{"id":194368,"date":"2024-03-11T11:54:48","date_gmt":"2024-03-11T10:54:48","guid":{"rendered":"https:\/\/www.flexofficeagency.com\/?page_id=194368"},"modified":"2026-03-24T16:07:59","modified_gmt":"2026-03-24T15:07:59","slug":"mentions-legales","status":"publish","type":"page","link":"https:\/\/www.flexofficeagency.com\/fr\/mentions-legales\/","title":{"rendered":"Mentions l\u00e9gales"},"content":{"rendered":"<div class=\"wpb-content-wrapper\"><p>[vc_section][vc_row][vc_column width=\u00a0\u00bb3\/4&Prime;][vc_separator][vc_column_text]<\/p>\n<p class=\"h4 semibold\">Conform\u00e9ment \u00e0 l&rsquo;article 5 TMG<\/p>\n<p>[\/vc_column_text][vc_row_inner][vc_column_inner width=\u00a0\u00bb1\/4&Prime;][vc_column_text]Adresse:[\/vc_column_text][\/vc_column_inner][vc_column_inner width=\u00a0\u00bb3\/4&Prime;][vc_column_text css=\u00a0\u00bb\u00a0\u00bb]Flex Office Agency GmbH<br \/>\nSenckenberganlage 21<br \/>\n60325 Frankfurt am Main[\/vc_column_text][\/vc_column_inner][\/vc_row_inner][\/vc_column][vc_column width=\u00a0\u00bb1\/4&Prime;][\/vc_column][\/vc_row][vc_row][vc_column width=\u00a0\u00bb3\/4&Prime;][vc_separator][vc_column_text]<\/p>\n<p class=\"h4 semibold\">Informations compl\u00e9mentaires<\/p>\n<p>[\/vc_column_text][vc_row_inner][vc_column_inner width=\u00a0\u00bb1\/4&Prime;][vc_column_text]Contact:[\/vc_column_text][\/vc_column_inner][vc_column_inner width=\u00a0\u00bb3\/4&Prime;][vc_column_text]<i class=\"material-icons\">print<\/i> <a class=\"noicon\" href=\"fax:+49 69 588043199\">+49 69 9999 890 00<\/a><br \/>\n<i class=\"material-icons\">mail<\/i> <a class=\"noicon\" href=\"mailto:france@flexofficeagency.com\">info@flexofficeagency.com<\/a>[\/vc_column_text][\/vc_column_inner][\/vc_row_inner][vc_row_inner][vc_column_inner width=\u00a0\u00bb1\/4&Prime;][vc_column_text]Directeur g\u00e9n\u00e9raux autoris\u00e9s:[\/vc_column_text][\/vc_column_inner][vc_column_inner width=\u00a0\u00bb3\/4&Prime;][vc_column_text css=\u00a0\u00bb\u00a0\u00bb]Wais Wardak, Svenja Benzm\u00fcller[\/vc_column_text][\/vc_column_inner][\/vc_row_inner][vc_row_inner][vc_column_inner width=\u00a0\u00bb1\/4&Prime;][vc_column_text]Enregistrement:[\/vc_column_text][\/vc_column_inner][vc_column_inner width=\u00a0\u00bb3\/4&Prime;][vc_column_text]Lieu d&rsquo;enregistrement : Amtsgericht Frankfurt am Main<br \/>\nNum\u00e9ro d&rsquo;enregistrement :\u00a0 HRB 13666<br \/>\nNum\u00e9ro d&rsquo;identification de la taxe de vente conform\u00e9ment \u00e0 l&rsquo;article 27a de la loi sur la taxe de vente: DE451693972<br \/>\nLicence d&rsquo;exploitation selon le \u00a734c GewO d\u00e9livr\u00e9e par l&rsquo;administration de la ville de Francfort sur le Main<\/p>\n<p>Autorit\u00e9 de surveillance : Ville de Francfort \/ Main Ordnungsamt, Kleyerstrasse 86, 60326 Francfort-sur-le-Main, <a href=\"https:\/\/frankfurt.de\/de-de\/service-und-rathaus\/verwaltung\/aemter-und-institutionen\/ordnungsamt\" target=\"_blank\" rel=\"noopener noreferrer\">Site internet de la Ordnungsamt Frankfurt<\/a>[\/vc_column_text][\/vc_column_inner][\/vc_row_inner][\/vc_column][vc_column width=\u00a0\u00bb1\/4&Prime;][\/vc_column][\/vc_row][\/vc_section]<\/p>\n<\/div>","protected":false},"excerpt":{"rendered":"<p>[vc_section][vc_row][vc_column width=\u00a0\u00bb3\/4&Prime;][vc_separator][vc_column_text] Conform\u00e9ment \u00e0 l&rsquo;article 5 TMG [\/vc_column_text][vc_row_inner][vc_column_inner width=\u00a0\u00bb1\/4&Prime;][vc_column_text]Adresse:[\/vc_column_text][\/vc_column_inner][vc_column_inner width=\u00a0\u00bb3\/4&Prime;][vc_column_text css=\u00a0\u00bb\u00a0\u00bb]Flex Office Agency GmbH Senckenberganlage 21 60325 Frankfurt am Main[\/vc_column_text][\/vc_column_inner][\/vc_row_inner][\/vc_column][vc_column width=\u00a0\u00bb1\/4&Prime;][\/vc_column][\/vc_row][vc_row][vc_column width=\u00a0\u00bb3\/4&Prime;][vc_separator][vc_column_text] Informations compl\u00e9mentaires [\/vc_column_text][vc_row_inner][vc_column_inner width=\u00a0\u00bb1\/4&Prime;][vc_column_text]Contact:[\/vc_column_text][\/vc_column_inner][vc_column_inner width=\u00a0\u00bb3\/4&Prime;][vc_column_text]print +49 69 9999 890 00 mail info@flexofficeagency.com[\/vc_column_text][\/vc_column_inner][\/vc_row_inner][vc_row_inner][vc_column_inner width=\u00a0\u00bb1\/4&Prime;][vc_column_text]Directeur g\u00e9n\u00e9raux autoris\u00e9s:[\/vc_column_text][\/vc_column_inner][vc_column_inner width=\u00a0\u00bb3\/4&Prime;][vc_column_text css=\u00a0\u00bb\u00a0\u00bb]Wais Wardak, Svenja Benzm\u00fcller[\/vc_column_text][\/vc_column_inner][\/vc_row_inner][vc_row_inner][vc_column_inner width=\u00a0\u00bb1\/4&Prime;][vc_column_text]Enregistrement:[\/vc_column_text][\/vc_column_inner][vc_column_inner width=\u00a0\u00bb3\/4&Prime;][vc_column_text]Lieu d&rsquo;enregistrement : Amtsgericht Frankfurt am Main Num\u00e9ro d&rsquo;enregistrement :\u00a0 HRB 13666 &hellip; <a href=\"https:\/\/www.flexofficeagency.com\/fr\/mentions-legales\/\">Continued<\/a><\/p>\n","protected":false},"author":20,"featured_media":272177,"parent":0,"menu_order":0,"comment_status":"closed","ping_status":"closed","template":"","meta":{"_acf_changed":false,"footnotes":""},"class_list":["post-194368","page","type-page","status-publish","has-post-thumbnail","hentry"],"acf":[],"_links":{"self":[{"href":"https:\/\/www.flexofficeagency.com\/fr\/wp-json\/wp\/v2\/pages\/194368","targetHints":{"allow":["GET"]}}],"collection":[{"href":"https:\/\/www.flexofficeagency.com\/fr\/wp-json\/wp\/v2\/pages"}],"about":[{"href":"https:\/\/www.flexofficeagency.com\/fr\/wp-json\/wp\/v2\/types\/page"}],"author":[{"embeddable":true,"href":"https:\/\/www.flexofficeagency.com\/fr\/wp-json\/wp\/v2\/users\/20"}],"replies":[{"embeddable":true,"href":"https:\/\/www.flexofficeagency.com\/fr\/wp-json\/wp\/v2\/comments?post=194368"}],"version-history":[{"count":0,"href":"https:\/\/www.flexofficeagency.com\/fr\/wp-json\/wp\/v2\/pages\/194368\/revisions"}],"wp:featuredmedia":[{"embeddable":true,"href":"https:\/\/www.flexofficeagency.com\/fr\/wp-json\/wp\/v2\/media\/272177"}],"wp:attachment":[{"href":"https:\/\/www.flexofficeagency.com\/fr\/wp-json\/wp\/v2\/media?parent=194368"}],"curies":[{"name":"wp","href":"https:\/\/api.w.org\/{rel}","templated":true}]}}