{"id":166170,"date":"2022-09-05T12:54:30","date_gmt":"2022-09-05T10:54:30","guid":{"rendered":"https:\/\/www.flexofficeagency.com\/frequently-asked-questions-2\/"},"modified":"2024-11-20T14:44:36","modified_gmt":"2024-11-20T13:44:36","slug":"foire-aux-questions","status":"publish","type":"page","link":"https:\/\/www.flexofficeagency.com\/fr\/foire-aux-questions\/","title":{"rendered":"Foire aux questions"},"content":{"rendered":"<div class=\"wpb-content-wrapper\"><p>[vc_section dhsv_show_get_in_touch=\u00a0\u00bb1&Prime;][vc_row][vc_column width=\u00a0\u00bb3\/4&Prime;][vc_column_text]<\/p>\n<h4 class=\"semibold\">Comment fonctionne FlexOfficeAgency?<\/h4>\n<p>FlexOfficeAgency est le plus grand cabinet-conseil en flex office d&rsquo;Europe. Notre \u00e9quipe se compose d&rsquo;experts immobiliers exp\u00e9riment\u00e9s qui ont pour mission d&rsquo;aider les entreprises \u00e0 trouver l&rsquo;espace de travail id\u00e9al.<\/p>\n<p>Proposant toute une gamme de services compl\u00e9mentaires, nous pouvons trouver des espaces de coworking cr\u00e9atifs pour les petites \u00e9quipes, n\u00e9gocier plusieurs centaines de postes de travail pour les grandes entreprises, g\u00e9rer des espaces commerciaux de plusieurs milliers de m\u00e8tres carr\u00e9s pour les op\u00e9rateurs de flex office, ou aider les propri\u00e9taires immobiliers \u00e0 int\u00e9grer de nouveaux concepts flexibles dans leur portefeuille.[\/vc_column_text][dhsv_vc_faq items=\u00a0\u00bb%5B%7B%22faq%22%3A%2290736%22%7D%2C%7B%22faq%22%3A%2290737%22%7D%2C%7B%22faq%22%3A%2290738%22%7D%2C%7B%22faq%22%3A%2290739%22%7D%2C%7B%22faq%22%3A%2290740%22%7D%2C%7B%22faq%22%3A%2290741%22%7D%5D\u00a0\u00bb][vc_empty_space dhsv_emptyspace=\u00a0\u00bbm-top-lg\u00a0\u00bb][vc_column_text]<\/p>\n<h4 class=\"semibold\"><strong>Flex office, centre d&rsquo;affaires, coworking : quelle est la diff\u00e9rence ?<\/strong><\/h4>\n<p>Ces concepts portent des noms vari\u00e9s, mais ils ont tous un point commun : ils offrent une flexibilit\u00e9 optimale, pour un minimum d&rsquo;efforts.<\/p>\n<p>Aussi baptis\u00e9s bureaux g\u00e9r\u00e9s, bureaux flexibles ou espaces de travail partag\u00e9s, ces types de solutions permettent aux entreprises de gagner du temps tout en \u00e9conomisant des ressources : les bureaux flexibles fournissent des environnements de travail d&rsquo;une qualit\u00e9 exceptionnelle et \u00e9voluent rapidement, au rythme du march\u00e9.[\/vc_column_text][dhsv_vc_faq items=\u00a0\u00bb%5B%7B%22faq%22%3A%2290746%22%7D%2C%7B%22faq%22%3A%2290747%22%7D%2C%7B%22faq%22%3A%2290748%22%7D%2C%7B%22faq%22%3A%2290749%22%7D%2C%7B%22faq%22%3A%2290750%22%7D%5D\u00a0\u00bb][vc_empty_space dhsv_emptyspace=\u00a0\u00bbm-top-lg\u00a0\u00bb][vc_column_text]<\/p>\n<h4 class=\"semibold\"><strong>Je suis un op\u00e9rateur ou un propri\u00e9taire immobilier : pourquoi est-il dans mon int\u00e9r\u00eat de travailler en partenariat avec FlexOfficeAgency ?<\/strong><\/h4>\n<p>FlexOfficeAgency est la seule agence immobili\u00e8re qui se consacre exclusivement \u00e0 la location de flex office : \u00e0 ce titre, nous occupons une position strat\u00e9gique sur le march\u00e9, au point d&rsquo;intersection entre l&rsquo;offre et la demande. Nous ne vous aiderons pas seulement \u00e0 vous implanter dans de nouvelles r\u00e9gions et \u00e0 acqu\u00e9rir les propri\u00e9t\u00e9s commerciales qui assureront votre croissance, mais nous travaillerons aussi en \u00e9troit partenariat avec vous pour vous mettre en contact avec des locataires fiables.[\/vc_column_text][dhsv_vc_faq items=\u00a0\u00bb%5B%7B%22faq%22%3A%2290752%22%7D%2C%7B%22faq%22%3A%2290753%22%7D%2C%7B%22faq%22%3A%2290754%22%7D%2C%7B%22faq%22%3A%2290755%22%7D%5D\u00a0\u00bb][\/vc_column][vc_column width=\u00a0\u00bb1\/4&Prime;][\/vc_column][\/vc_row][\/vc_section]<\/p>\n<\/div>","protected":false},"excerpt":{"rendered":"<p>[vc_section dhsv_show_get_in_touch=\u00a0\u00bb1&Prime;][vc_row][vc_column width=\u00a0\u00bb3\/4&Prime;][vc_column_text] Comment fonctionne FlexOfficeAgency? FlexOfficeAgency est le plus grand cabinet-conseil en flex office d&rsquo;Europe. Notre \u00e9quipe se compose d&rsquo;experts immobiliers exp\u00e9riment\u00e9s qui ont pour mission d&rsquo;aider les entreprises \u00e0 trouver l&rsquo;espace de travail id\u00e9al. Proposant toute une gamme de services compl\u00e9mentaires, nous pouvons trouver des espaces de coworking cr\u00e9atifs pour les petites \u00e9quipes, &hellip; <a href=\"https:\/\/www.flexofficeagency.com\/fr\/foire-aux-questions\/\">Continued<\/a><\/p>\n","protected":false},"author":3,"featured_media":139394,"parent":0,"menu_order":0,"comment_status":"closed","ping_status":"closed","template":"","meta":{"_acf_changed":false,"footnotes":""},"class_list":["post-166170","page","type-page","status-publish","has-post-thumbnail","hentry"],"acf":[],"_links":{"self":[{"href":"https:\/\/www.flexofficeagency.com\/fr\/wp-json\/wp\/v2\/pages\/166170","targetHints":{"allow":["GET"]}}],"collection":[{"href":"https:\/\/www.flexofficeagency.com\/fr\/wp-json\/wp\/v2\/pages"}],"about":[{"href":"https:\/\/www.flexofficeagency.com\/fr\/wp-json\/wp\/v2\/types\/page"}],"author":[{"embeddable":true,"href":"https:\/\/www.flexofficeagency.com\/fr\/wp-json\/wp\/v2\/users\/3"}],"replies":[{"embeddable":true,"href":"https:\/\/www.flexofficeagency.com\/fr\/wp-json\/wp\/v2\/comments?post=166170"}],"version-history":[{"count":0,"href":"https:\/\/www.flexofficeagency.com\/fr\/wp-json\/wp\/v2\/pages\/166170\/revisions"}],"wp:featuredmedia":[{"embeddable":true,"href":"https:\/\/www.flexofficeagency.com\/fr\/wp-json\/wp\/v2\/media\/139394"}],"wp:attachment":[{"href":"https:\/\/www.flexofficeagency.com\/fr\/wp-json\/wp\/v2\/media?parent=166170"}],"curies":[{"name":"wp","href":"https:\/\/api.w.org\/{rel}","templated":true}]}}