{"id":99678,"date":"2020-10-05T09:39:23","date_gmt":"2020-10-05T07:39:23","guid":{"rendered":"https:\/\/www.flexofficeagency.com\/?page_id=99678"},"modified":"2025-02-03T16:08:58","modified_gmt":"2025-02-03T15:08:58","slug":"grosses-buero-mieten-corporate-unternehmen","status":"publish","type":"page","link":"https:\/\/www.flexofficeagency.com\/de\/grosses-buero-mieten-corporate-unternehmen\/","title":{"rendered":"Gro\u00dfe B\u00fcros f\u00fcr Corporate-Unternehmen (Corporate Solutions)"},"content":{"rendered":"<div class=\"wpb-content-wrapper\"><p>[vc_section][vc_row][vc_column][vc_empty_space][vc_column_text el_class=&#8220;poppins&#8220;]<\/p>\n<h2 class=\"h2\" style=\"text-align: left;\">Was ist in den B\u00fcrowelten gerade los?<\/h2>\n<p>[\/vc_column_text][vc_column_text]Unsere Arbeitswelt \u00e4ndert sich rasant: B\u00fcropr\u00e4senz wird vermehrt mit Homeoffice &amp; Remote Work kombiniert. Die zunehmende Digitalisierung sorgt daf\u00fcr, dass sich immer mehr Prozesse dezentralisieren. Die klassische B\u00fcrosituation, in der sich Mitarbeitende f\u00fcnf Tage in der Woche von 9 Uhr bis 17 Uhr einfinden, wird den Anforderungen der Zeit nicht mehr gerecht. Insbesondere junge Talente lassen sich kaum noch auf ein station\u00e4res Arbeitsumfeld ein. So ziehen Arbeitgeber bewusst flexible Modelle in Betracht. Auch um die Produktivit\u00e4t zu erh\u00f6hen. Unternehmen, die sich auf diese Entwicklung nicht nur einlassen, sondern diese sogar pr\u00e4gen, er\u00f6ffnen sich konsequent neue Chancen am Markt.[\/vc_column_text][\/vc_column][\/vc_row][\/vc_section][vc_section][vc_row][vc_column width=&#8220;1\/12&#8243;][\/vc_column][vc_column width=&#8220;7\/12&#8243;][vc_empty_space][dhsv_vc_image_quote image=&#8220;137352&#8243; quote_align=&#8220;align-left&#8220; quote_color=&#8220;primary&#8220; quote=&#8220;Wir analysieren Ihren Bedarf, entwickeln eine zielgerichtete Strategie, wie Sie die agile Zusammenarbeit Ihrer Mitarbeiter professionell realisieren, und unterst\u00fctzen Sie intensiv bei der Anmietung geeigneter B\u00fcrofl\u00e4chen.&#8220;][vc_empty_space][\/vc_column][vc_column width=&#8220;1\/3&#8243;][vc_empty_space][vc_column_text]<\/p>\n<h3>Wir kennen uns aus<\/h3>\n<p>Um die passenden Optionen zu erkennen, braucht es eine gezielte Marktanalyse und ein besonders strukturiertes Vorgehen. Gut, wenn Unternehmen dabei auf eine versierte Beratung setzen k\u00f6nnen. Insbesondere bei einer Standortentscheidung sind Beratungsmandate im internationalen Umfeld sinnvoll. Seit vielen Jahren sind wir im Immobilienmarkt zu Hause. Wir beobachten intensiv die Dynamik, erkennen Muster und sind so in der Lage, Entwicklungen zu antizipieren.<\/p>\n<p>Wir arbeiten vertrauensvoll mit Eigent\u00fcmern und FlexOffice-Anbietern aus der internationalen Immobilienbranche zusammen. Wir behalten rund um die Uhr s\u00e4mtliche Verf\u00fcgbarkeiten und Konditionen im Blick und legen gro\u00dfen Wert auf die Pflege unseres hochkar\u00e4tigen Netzwerks. So bringen wir Transparenz in einen schnell wachsenden Markt. Eine Transparenz, von der Sie unmittelbar profitieren.[\/vc_column_text][vc_empty_space][\/vc_column][\/vc_row][\/vc_section][vc_section][vc_row dhsv_reverse_mobile_order=&#8220;1&#8243;][vc_column][vc_empty_space][\/vc_column][\/vc_row][vc_row dhsv_reverse_mobile_order=&#8220;1&#8243;][vc_column width=&#8220;1\/3&#8243;][vc_empty_space][vc_column_text]<\/p>\n<h3>Werden Sie Teil der neuen Flexibilit\u00e4t<\/h3>\n<p>Die hybride Arbeitswelt stellt Unternehmen vor enorme Herausforderungen: Wie organisiere ich die Zusammenarbeit meiner Mitarbeitenden an den verschiedenen Standorten, im Homeoffice und im B\u00fcro? Welchen Bedarf habe ich heute? Morgen? Und \u00fcbermorgen? Wie kann ich meine B\u00fcrokapazit\u00e4ten skalieren und so an die verschiedenen Anforderungen anpassen? Gerade jetzt haben Unternehmen noch mehr mit langfristigen Entscheidungen zu k\u00e4mpfen, sodass es notwendig ist, Mietstrategien in vielerlei Hinsicht zu \u00fcberdenken. Wir verstehen das sehr gut.<\/p>\n<p>In vielen intensiven Gespr\u00e4chen mit weltweit t\u00e4tigen Corporate-Unternehmen haben wir einen immensen Bedarf an professioneller Beratung erkannt. Genau hier setzen wir an und bieten Unternehmen B\u00fcrol\u00f6sungen, die ihnen die notwendige Flexibilit\u00e4t f\u00fcr ihren dynamischen Unternehmensalltag geben. Wir sind in der Lage, die attraktivsten Angebote zu verhandeln und sorgen als Schnittstelle zwischen Interessenten und Vermietern f\u00fcr eine professionelle und konfliktfreie Vertragsgestaltung.[\/vc_column_text][vc_empty_space][\/vc_column][vc_column width=&#8220;7\/12&#8243;][vc_empty_space][dhsv_vc_image_quote image=&#8220;137340&#8243; quote=&#8220;Es ist an der Zeit, unflexible Mietstrategien zu \u00fcberdenken. Wir nehmen eine konfliktfreie Position ein und unterst\u00fctzen Unternehmen als unabh\u00e4ngige Berater der neuen hybriden Arbeitswelt.&#8220;][vc_empty_space][\/vc_column][vc_column width=&#8220;1\/12&#8243;][\/vc_column][\/vc_row][\/vc_section][vc_section dhsv_no_padding=&#8220;1&#8243;][vc_row][vc_column][vc_empty_space][\/vc_column][\/vc_row][\/vc_section][vc_section full_width=&#8220;stretch_row&#8220;][vc_row][vc_column][dhsv_vc_vertical_slider slides=&#8220;%5B%7B%22icon%22%3A%22apartment%22%2C%22title%22%3A%22Individuelle%20Corporate-L%C3%B6sungen%22%2C%22headline%22%3A%22Individuelle%20Corporate-L%C3%B6sungen%22%2C%22text%22%3A%22Flexible%20B%C3%BCror%C3%A4ume%20erm%C3%B6glichen%20die%20individuelle%20Zusammenstellung%20von%20Teams%20%E2%80%93%20und%20das%20f%C3%BCr%20einen%20flexiblen%20Zeitraum.%20Sie%20k%C3%B6nnen%20etwa%20heute%20eine%20Fl%C3%A4che%20f%C3%BCr%20ein%2030-k%C3%B6pfiges%20Projektteam%20anmieten%20und%20dieses%20f%C3%BCr%20z.B.%20einen%20Zeitraum%20von%206%20Monaten%20auf%20100%20Arbeitspl%C3%A4tze%20aufstocken.%22%2C%22image%22%3A%2283820%22%7D%2C%7B%22icon%22%3A%22pin_drop%22%2C%22title%22%3A%22Repr%C3%A4sentative%20Adressen%22%2C%22headline%22%3A%22Repr%C3%A4sentative%20Adressen%22%2C%22text%22%3A%22Flex%20Spaces%20bieten%20wirtschaftlich%20vorteilhafte%20Adressen%20und%20eine%20ideale%20Ausgangsbasis%2C%20um%20neue%20Standorte%20aufzubauen.%20Gerade%20dort%2C%20wo%20konventionelle%20B%C3%BCros%20immer%20rarer%20werden%2C%20in%20florierenden%20Metropolen%20mit%20erstklassiger%20Infrastruktur%2C%20bieten%20Ihnen%20Office%20Center%20attraktive%20Mietoptionen.%22%2C%22image%22%3A%2283776%22%7D%2C%7B%22icon%22%3A%22vpn_key%22%2C%22title%22%3A%22Schl%C3%BCsselfertig%20und%20einsatzbereit%22%2C%22headline%22%3A%22Schl%C3%BCsselfertig%20und%20einsatzbereit%22%2C%22text%22%3A%22Maximaler%20Nutzen%2C%20minimaler%20Aufwand%20%E2%80%93%20wenn%20Sie%20ein%20flexibles%20B%C3%BCro%20anmieten%2C%20ist%20es%20trendig%20gestaltet%2C%20mit%20allem%20Notwendigen%20f%C3%BCr%20Ihre%20Arbeitskr%C3%A4fte%20ausgestattet%20und%20erf%C3%BCllt%20per%20se%20h%C3%B6chste%20Standards.%20Das%20Center-Personal%20k%C3%BCmmert%20sich%20um%20alle%20wichtigen%20Aufgaben.%22%2C%22image%22%3A%2283796%22%7D%2C%7B%22icon%22%3A%22people%22%2C%22title%22%3A%22Plus%20f%C3%BCrs%20Recruiting%22%2C%22headline%22%3A%22Plus%20f%C3%BCrs%20Recruiting%22%2C%22text%22%3A%22Fachkr%C3%A4fte%20zu%20werben%20und%20Top-Mitarbeiter%20zu%20halten%2C%20ist%20mit%20attraktiven%20B%C3%BCros%20leichter%20zu%20erreichen%3B%20Autonomie%2C%20Wahlfreiheit%2C%20Urbanit%C3%A4t%2C%20Lage%20und%20Atmosph%C3%A4re%20des%20B%C3%BCroplatzes%20sind%20f%C3%BCr%20Jobsuchende%20schlie%C3%9Flich%20wichtige%20Entscheidungskriterien.%20Flex-B%C3%BCros%20werten%20Ihre%20Marke%20auf%2C%20ohne%20dass%20Sie%20sich%20langfristig%20an%20nur%20einen%20Standort%20binden%20m%C3%BCssten.%22%2C%22image%22%3A%2283840%22%7D%2C%7B%22icon%22%3A%22trending_up%22%2C%22title%22%3A%22Wachstum%20und%20Flexibilit%C3%A4t%22%2C%22headline%22%3A%22Wachstum%20und%20Flexibilit%C3%A4t%22%2C%22text%22%3A%22Flexible%20B%C3%BCror%C3%A4ume%20erlauben%20es%20Ihnen%2C%20ohne%20Risiko%20(schnell)%20zu%20wachsen.%20Bei%20Bedarf%20k%C3%B6nnen%20unkompliziert%20zus%C3%A4tzliche%20B%C3%BCropl%C3%A4tze%20angemietet%20werden%2C%20wahlweise%20f%C3%BCr%20mehrere%20Monate%20oder%20wenige%20Jahre.%20Flex%20Spaces%20erm%C3%B6glichen%20es%20Ihnen%20also%2C%20dynamisch%20auf%20den%20Markt%20zu%20reagieren%2C%20ohne%20unn%C3%B6tig%20Kapazit%C3%A4ten%20vorzuhalten.%22%2C%22image%22%3A%2283852%22%7D%2C%7B%22icon%22%3A%22hardware%22%2C%22title%22%3A%22Steigende%20Produktivit%C3%A4t%22%2C%22headline%22%3A%22Steigende%20Produktivit%C3%A4t%22%2C%22text%22%3A%22FlexSpace%20erh%C3%B6ht%20die%20intellektuelle%20Produktivit%C3%A4t.%20Daf%C3%BCr%20ist%20zum%20einen%20die%20Mischung%20aus%20Freiraum%2C%20Offenheit%20und%20Konzentration%20verantwortlich%2C%20zum%20anderen%20die%20vielen%20Details%2C%20die%20die%20Center-Betreiber%20mit%20Blick%20auf%20das%20Mitarbeiterwohl%20umgesetzt%20haben%2C%20darunter%20die%20Raumaufteilung%2C%20IT%2C%20L%C3%BCftung%20und%20Lichtverh%C3%A4ltnisse%20oder%20Verk%C3%B6stigung.%22%2C%22image%22%3A%2283844%22%7D%2C%7B%22icon%22%3A%22tab_unselected%22%2C%22title%22%3A%22Effizientere%20Raumnutzung%22%2C%22headline%22%3A%22Effizientere%20Raumnutzung%22%2C%22text%22%3A%22Flexible%20Offices%20nutzen%20die%20knappen%20Fl%C3%A4chen%20der%20Innenst%C3%A4dte%20effizienter%20als%20konventionelle%20B%C3%BCros.%20W%C3%A4hrend%20dort%20Meetingr%C3%A4ume%2C%20K%C3%BCchen%20und%20Lounges%20die%20meiste%20Zeit%20leer%20stehen%2C%20werden%20diese%20in%20B%C3%BCrocentern%20von%20vielen%20Mitarbeitern%20geteilt%20und%20damit%20deutlich%20besser%20genutzt.%20Diese%20Shared%20Economy%20reduziert%20so%20Ihre%20Kosten.%22%2C%22image%22%3A%2283832%22%7D%2C%7B%22icon%22%3A%22star%22%2C%22title%22%3A%22Zeitgem%C3%A4%C3%9Fe%20Infrastruktur%22%2C%22headline%22%3A%22Zeitgem%C3%A4%C3%9Fe%20Infrastruktur%22%2C%22text%22%3A%22Beste%20Technik%20ist%20Standard.%20Moderne%20Konferenzsysteme%2C%20neueste%20Haustechnik%20und%20schnellste%20Internetverbindungen%2C%20alles%20ist%20auf%20die%20Bed%C3%BCrfnisse%20innovativer%20Enterprises%20und%20globaler%20Teams%20ausgelegt%3B%20ein%20eigener%20Server-Raum%2C%20firmeneigene%20R%C3%A4ume%20f%C3%BCr%20Scanner%20und%20Drucker%20sowie%20dedizierte%2C%20sichere%20Internetleitungen%20sind%20ein%20klares%20Statement.%22%2C%22image%22%3A%2283808%22%7D%2C%7B%22icon%22%3A%22done_all%22%2C%22title%22%3A%22Services%20auf%20Abruf%22%2C%22headline%22%3A%22Services%20auf%20Abruf%22%2C%22text%22%3A%22Sowohl%20die%20kurzfristig%20verf%C3%BCgbaren%20Pay-as-you-go-Optionen%20als%20auch%20monatliche%20Abonnements%20f%C3%BCr%20besser%20planbare%20Ma%C3%9Fnahmen%20k%C3%B6nnen%20Ihnen%20helfen%2C%20alles%20nach%20Ihren%20Bed%C3%BCrfnissen%20zu%20gestalten.%20Enterprise-Mitgliedschaften%20in%20Coworking%20Spaces%20k%C3%B6nnen%20neben%20dem%20Zugang%20zu%20einzelnen%20Desks%20und%20Besprechungsr%C3%A4umen%20etwa%20auch%20den%20Zugang%20zu%20Business-Lounges%20und%20privaten%20B%C3%BCror%C3%A4umen%20umfassen.%22%2C%22image%22%3A%2283856%22%7D%2C%7B%22icon%22%3A%22money_off%22%2C%22title%22%3A%22Vereinfachte%20Kostenverwaltung%22%2C%22headline%22%3A%22Vereinfachte%20Kostenverwaltung%22%2C%22text%22%3A%22Dank%20Office-as-a-Service%20profitieren%20Sie%20von%20weit%20mehr%20als%20nur%20von%20B%C3%BCro-%20und%20Facility-Management.%20Sie%20haben%20auch%20einen%20besseren%20%C3%9Cberblick%20und%20mehr%20Kontrolle%20%C3%BCber%20Ihre%20laufenden%20Kosten.%20Statt%20Vertr%C3%A4ge%2C%20Vereinbarungen%20und%20Rechnungen%20mit%20mehreren%20Anbietern%20zu%20koordinieren%2C%20haben%20Sie%20nur%20noch%20einen%2C%20der%20alle%20Ihre%20Gemeinkosten%20f%C3%BCr%20B%C3%BCror%C3%A4ume%20abdeckt.%22%2C%22image%22%3A%2283780%22%7D%2C%7B%22icon%22%3A%22dashboard_customize%22%2C%22title%22%3A%22Dynamische%20Arbeitsumgebung%22%2C%22headline%22%3A%22Dynamische%20Arbeitsumgebung%22%2C%22text%22%3A%22Geistige%20Arbeit%20ist%20nicht%20an%20einen%20bestimmten%20Ort%20gebunden.%20Flex%20Spaces%20bieten%20deshalb%20%C3%BCber%20eine%20professionelle%20B%C3%BCroumgebung%20hinaus%20eine%20Vielzahl%20an%20variantenreichen%20Arbeitspl%C3%A4tzen%20wie%20Kreativr%C3%A4ume%2C%20Telefon-Nischen%2C%20Lounges%20oder%20auch%20geschlossene%20R%C3%A4ume%20in%20verschiedenen%20Gr%C3%B6%C3%9Fen%2C%20die%20Angestellte%20f%C3%BCr%20ihre%20Aufgaben%20nutzen%20k%C3%B6nnen.%22%2C%22image%22%3A%2283831%22%7D%2C%7B%22icon%22%3A%22emoji_events%22%2C%22title%22%3A%22Erh%C3%B6hte%20Motivation%22%2C%22headline%22%3A%22Erh%C3%B6hte%20Motivation%22%2C%22text%22%3A%22Wahlfreiheit%20und%20Autonomie%20am%20Arbeitsplatz%20wirken%20sich%20positiv%20aufs%20Engagement%20und%20die%20Motivation%20Ihrer%20Mitarbeiter%20aus%20%E2%80%93%20gut%20f%C3%BCr%20die%20Produktivit%C3%A4t%2C%20Kreativit%C3%A4t%20und%20Innovation.%20Flex%20Spaces%20verbinden%20diese%20Elemente%20und%20schaffen%20Orte%20f%C3%BCr%20selbstbestimmtes%20und%20zielgerichtetes%20Arbeiten.%22%2C%22image%22%3A%2283803%22%7D%2C%7B%22icon%22%3A%22emoji_transportation%22%2C%22title%22%3A%22Perfekte%20Anbindung%22%2C%22headline%22%3A%22Perfekte%20Anbindung%22%2C%22text%22%3A%22Dank%20der%20zumeist%20zentralen%20Lage%20flexibler%20B%C3%BCros%20in%20Ballungszentren%20k%C3%B6nnen%20Ihre%20Mitarbeiter%20die%20%C3%B6ffentlichen%20Verkehrsmittel%20oder%20das%20Rad%20nutzen%2C%20um%20zur%20Arbeit%20zu%20gelangen.%20Bus%2C%20Tram%20und%20Bahn%20sind%20in%20Laufweite%2C%20hinzu%20kommen%20die%20vielen%20Vorteile%20der%20Innenstadt%3A%20Caf%C3%A9s%2C%20Restaurants%20und%20Bars%2C%20Einkaufs-%20und%20Shopping-M%C3%B6glichkeiten.%22%2C%22image%22%3A%2283787%22%7D%5D&#8220;][\/vc_column][\/vc_row][\/vc_section][vc_section dhsv_no_padding=&#8220;1&#8243;][vc_row][vc_column][vc_empty_space dhsv_emptyspace=&#8220;m-top-lg&#8220;][\/vc_column][\/vc_row][\/vc_section][vc_section][vc_row dhsv_reverse_mobile_order=&#8220;1&#8243;][vc_column width=&#8220;1\/12&#8243;][\/vc_column][vc_column width=&#8220;7\/12&#8243;][vc_empty_space][dhsv_vc_image_quote image=&#8220;137360&#8243; quote_align=&#8220;align-left&#8220; quote=&#8220;Es sind unsere kompromisslose Professionalit\u00e4t in allem was wir tun, unser hoher Serviceanspruch und das uns entgegengebrachte Vertrauen, die unseren guten Ruf ausmachen.&#8220;][vc_empty_space][\/vc_column][vc_column width=&#8220;1\/3&#8243;][vc_empty_space][vc_column_text]<\/p>\n<h3>Wir sind an Ihrer Seite<\/h3>\n<p>In einem hochgradig dynamischen Umfeld tut es gut, einen verl\u00e4sslichen Anker zu haben. Wir haben es uns zur Aufgabe gemacht, Unternehmen auf ihrem Weg in die hybride Arbeitswelt zu unterst\u00fctzen. Ein Weg, der wichtig und richtig ist. Ein Weg, der Sie entscheidungs- und handlungsf\u00e4hig macht und am Markt punkten l\u00e4sst.<\/p>\n<p>Uns ist bewusst, dass Sie an sich die h\u00f6chsten Anspr\u00fcche stellen. Seien Sie sich sicher: Wir tun es auch. Schnelligkeit, Qualit\u00e4t und Transparenz stehen bei uns nicht ohne Grund an erster Stelle. Verlassen Sie sich darauf.[\/vc_column_text][vc_empty_space][\/vc_column][\/vc_row][\/vc_section][vc_section][vc_row][vc_column width=&#8220;1\/3&#8243;][vc_empty_space][vc_column_text]<\/p>\n<h3>Ihr FlexOffice-Experte Nr. 1<\/h3>\n<p>Verlassen Sie sich auf FlexOfficeAgency, Ihren <a href=\"https:\/\/www.flexofficeagency.com\/de\/flexofficeagency-gmbh-die-branchenexperten\/\" target=\"_blank\" rel=\"noopener\">Experten rund um die Beratung und Vermittlung von B\u00fcrofl\u00e4chen<\/a> in mehr als 40 L\u00e4ndern weltweit. Seien es deutsche Metropolen wie <a href=\"https:\/\/www.flexofficeagency.com\/de\/buero-mieten\/berlin\/\">Berlin<\/a>, <a href=\"https:\/\/www.flexofficeagency.com\/de\/buero-mieten\/frankfurt-am-main\/\">Frankfurt<\/a> und <a href=\"https:\/\/www.flexofficeagency.com\/de\/buero-mieten\/muenchen\/\">M\u00fcnchen<\/a> oder internationale Spitzenstandorte wie <a href=\"https:\/\/www.flexofficeagency.com\/de\/buero-mieten\/paris\/\">Paris<\/a>, <a href=\"https:\/\/www.flexofficeagency.com\/de\/buero-mieten\/london\/\">London<\/a>, <a href=\"https:\/\/www.flexofficeagency.com\/de\/buero-mieten\/amsterdam\/\">Amsterdam<\/a> oder <a href=\"https:\/\/www.flexofficeagency.com\/de\/buero-mieten\/barcelona\/\">Barcelona<\/a>.<\/p>\n<p>Ob Sie Ihre Fl\u00e4che zum Beispiel auf separate B\u00fcros aufteilen wollen oder spezifische technische W\u00fcnsche mitbringen \u2013 Corporate-Mietvertr\u00e4ge in Office Centern sind \u00e4u\u00dferst flexibel und erlauben Vertragslaufzeiten schon ab 1 Monat. Wir achten darauf, dass Ihre R\u00e4ume die notwendige Fl\u00e4chengr\u00f6\u00dfe, Infrastruktur und Professionalit\u00e4t anbieten, die Sie als Gro\u00dfunternehmen ben\u00f6tigen. Dieser Service ist f\u00fcr Sie vollkommen kostenfrei.<\/p>\n<p><strong>Das Corporate-Team von FlexOfficeAgency <a href=\"https:\/\/www.flexofficeagency.com\/de\/kontakt\/\" target=\"_blank\" rel=\"noopener\">tauscht sich jederzeit gerne mit Ihnen aus<\/a>.<\/strong>[\/vc_column_text][\/vc_column][vc_column width=&#8220;7\/12&#8243;][vc_empty_space][dhsv_vc_image_quote image=&#8220;137336&#8243; quote_color=&#8220;primary&#8220; quote=&#8220;Sprechen Sie uns an. Das Team von FlexOfficeAgency findet das f\u00fcr Ihr Business ideale B\u00fcro an einem Ort Ihrer Wahl.&#8220;][vc_empty_space][\/vc_column][vc_column width=&#8220;1\/12&#8243;][\/vc_column][\/vc_row][\/vc_section][vc_section][vc_row][vc_column][dhsv_vc_property_slider color_scheme=&#8220;grayscale&#8220; slides=&#8220;%5B%7B%22property%22%3A%2262887%22%7D%2C%7B%22property%22%3A%22106754%22%7D%2C%7B%22property%22%3A%2298340%22%7D%2C%7B%22property%22%3A%2262655%22%7D%2C%7B%22property%22%3A%22100543%22%7D%2C%7B%22property%22%3A%2262762%22%7D%5D&#8220;][\/vc_column][\/vc_row][\/vc_section][vc_section dhsv_margin=&#8220;m-bottom-md&#8220; dhsv_no_padding=&#8220;1&#8243;][vc_row][vc_column][dhsv_vc_template_element template_id=&#8220;66799&#8243;][\/vc_column][\/vc_row][\/vc_section]<\/p>\n<\/div>","protected":false},"excerpt":{"rendered":"<p>[vc_section][vc_row][vc_column][vc_empty_space][vc_column_text el_class=&#8220;poppins&#8220;] Was ist in den B\u00fcrowelten gerade los? [\/vc_column_text][vc_column_text]Unsere Arbeitswelt \u00e4ndert sich rasant: B\u00fcropr\u00e4senz wird vermehrt mit Homeoffice &amp; Remote Work kombiniert. Die zunehmende Digitalisierung sorgt daf\u00fcr, dass sich immer mehr Prozesse dezentralisieren. Die klassische B\u00fcrosituation, in der sich Mitarbeitende f\u00fcnf Tage in der Woche von 9 Uhr bis 17 Uhr einfinden, wird den &hellip; <a href=\"https:\/\/www.flexofficeagency.com\/de\/grosses-buero-mieten-corporate-unternehmen\/\">Continued<\/a><\/p>\n","protected":false},"author":4,"featured_media":268398,"parent":0,"menu_order":0,"comment_status":"closed","ping_status":"closed","template":"","meta":{"_acf_changed":false,"footnotes":""},"class_list":["post-99678","page","type-page","status-publish","has-post-thumbnail","hentry"],"acf":[],"_links":{"self":[{"href":"https:\/\/www.flexofficeagency.com\/de\/wp-json\/wp\/v2\/pages\/99678","targetHints":{"allow":["GET"]}}],"collection":[{"href":"https:\/\/www.flexofficeagency.com\/de\/wp-json\/wp\/v2\/pages"}],"about":[{"href":"https:\/\/www.flexofficeagency.com\/de\/wp-json\/wp\/v2\/types\/page"}],"author":[{"embeddable":true,"href":"https:\/\/www.flexofficeagency.com\/de\/wp-json\/wp\/v2\/users\/4"}],"replies":[{"embeddable":true,"href":"https:\/\/www.flexofficeagency.com\/de\/wp-json\/wp\/v2\/comments?post=99678"}],"version-history":[{"count":0,"href":"https:\/\/www.flexofficeagency.com\/de\/wp-json\/wp\/v2\/pages\/99678\/revisions"}],"wp:featuredmedia":[{"embeddable":true,"href":"https:\/\/www.flexofficeagency.com\/de\/wp-json\/wp\/v2\/media\/268398"}],"wp:attachment":[{"href":"https:\/\/www.flexofficeagency.com\/de\/wp-json\/wp\/v2\/media?parent=99678"}],"curies":[{"name":"wp","href":"https:\/\/api.w.org\/{rel}","templated":true}]}}