{"id":84108,"date":"2020-06-23T21:48:28","date_gmt":"2020-06-23T19:48:28","guid":{"rendered":"https:\/\/www.flexofficeagency.com\/virtual-office-rental\/"},"modified":"2025-02-03T16:13:51","modified_gmt":"2025-02-03T15:13:51","slug":"virtuelles-buero","status":"publish","type":"page","link":"https:\/\/www.flexofficeagency.com\/de\/virtuelles-buero\/","title":{"rendered":"Virtuelle B\u00fcros"},"content":{"rendered":"<div class=\"wpb-content-wrapper\"><p>[vc_section dhsv_show_get_in_touch=&#8220;1&#8243;][vc_row][vc_column width=&#8220;11\/12&#8243;][vc_empty_space][vc_column_text]<\/p>\n<p class=\"h2\" style=\"text-align: left;\"><span style=\"font-weight: bold;\">Virtuelles B\u00fcro mieten: g\u00fcnstig &amp; effektiv<\/span><\/p>\n<p>Ein Virtual Office bietet Ihnen eine Gesch\u00e4ftsadresse, ohne dass Sie einen physischen B\u00fcroraum mieten m\u00fcssen. Wenn Sie sich f\u00fcr ein entsprechendes Paket entscheiden, profitieren Sie sogar von einem vollen B\u00fcro-Service \u2013 ohne teure Raumkosten.<\/p>\n<p>So haben Sie die M\u00f6glichkeit, kosteng\u00fcnstig eine Firmenadresse in bester Lage zu nutzen und damit gegen\u00fcber Ihren Kunden besonders professionell aufzutreten.[\/vc_column_text][vc_empty_space dhsv_emptyspace=&#8220;m-top-md&#8220;][vc_column_text]<\/p>\n<h3 class=\"h3\">10 entscheidende Vorteile von virtuellen B\u00fcros:<\/h3>\n<p>[\/vc_column_text][vc_column_text]<\/p>\n<ul>\n<li><span style=\"color: #677f70;\"><strong>Geringe Fixkosten,<\/strong><\/span> keine langfristigen Verbindlichkeiten.<\/li>\n<li>Jederzeit <span style=\"color: #677f70;\"><strong>sofort startklar<\/strong><\/span> \u2013 in der Regel bereits innerhalb 24h.<\/li>\n<li>Standort im f\u00fcr Sie repr\u00e4sentativsten oder rechtlich notwendigen Land.<\/li>\n<li>Ihre <strong><span style=\"color: #677f70;\">vorzeigbare Gesch\u00e4ftsadress<\/span>e<\/strong> f\u00fcr Ihren seri\u00f6sen Firmenauftritt.<\/li>\n<li>Rund um die Uhr erreichbar dank professionellem Telefonservice.<\/li>\n<li>Post-Service \u2013 Weiterleitung Ihrer gesch\u00e4ftlichen Briefe und Pakete.<\/li>\n<li><span style=\"color: #677f70;\"><strong>Sekretariatsservice<\/strong><\/span> f\u00fcr administrative T\u00e4tigkeiten.<\/li>\n<li>Flexibel arbeiten, auch vor Ort \u2013 <span style=\"color: #677f70;\"><strong>Tagesb\u00fcros, <a href=\"https:\/\/www.flexofficeagency.com\/de\/coworking-space-finden\/\">Coworking Desks<\/a> und Besprechungszimmer<\/strong><\/span> verf\u00fcgbar.<\/li>\n<li>Ihr Imagegewinn dank renommierter Postanschrift in zentraler Gro\u00dfstadtlage.<\/li>\n<li>Schutz der Privatsph\u00e4re aufgrund klarer <span style=\"color: #677f70;\"><strong>Trennung von Firmen- und Privatadresse<\/strong><\/span>.<\/li>\n<\/ul>\n<p>[\/vc_column_text][vc_empty_space dhsv_emptyspace=&#8220;m-top-lg&#8220;][\/vc_column][vc_column width=&#8220;1\/12&#8243;][\/vc_column][\/vc_row][\/vc_section][vc_section][vc_row][vc_column][dhsv_vc_icon_blocks image_align=&#8220;center&#8220; blocks=&#8220;%5B%7B%22type%22%3A%22image%22%2C%22icon%22%3A%2210k%22%2C%22image%22%3A%22271592%22%2C%22title%22%3A%22Ihre%20Premium-Anschrift%22%2C%22text%22%3A%22Verwenden%20Sie%20die%20Adresse%20einer%20Top-Location%20f%C3%BCr%20Ihre%20gesch%C3%A4ftliche%20Korrespondenz%2C%20ohne%20die%20daf%C3%BCr%20%C3%BCblichen%20Mietkosten%20zu%20zahlen.%20%22%2C%22bgcolor%22%3A%22secondary_10%22%7D%2C%7B%22type%22%3A%22image%22%2C%22icon%22%3A%2210k%22%2C%22image%22%3A%22271597%22%2C%22title%22%3A%22Adressen%20weltweit%22%2C%22text%22%3A%22Ob%20in%20Berlin%2C%20M%C3%BCnchen%20oder%20D%C3%BCsseldorf%2C%20ob%20in%20Deutschland%20oder%20im%20Ausland%3A%20Buchen%20Sie%20Ihre%20Gesch%C3%A4ftsadresse%20einfach%20in%20Ihrer%20N%C3%A4he.%22%2C%22bgcolor%22%3A%22secondary_10%22%7D%2C%7B%22type%22%3A%22image%22%2C%22icon%22%3A%2210k%22%2C%22image%22%3A%22271602%22%2C%22title%22%3A%22Schnell%2C%20einfach%2C%20zielorientiert%22%2C%22text%22%3A%22Adressensuche%20leicht%20gemacht%20%E2%80%93%20Sie%20nennen%20uns%20Ihre%20Anforderungen%2C%20konzentrieren%20sich%20weiter%20auf%20Ihr%20Business%2C%20wir%20suchen%20den%20perfekten%20Standort%20f%C3%BCr%20Sie.%22%2C%22bgcolor%22%3A%22secondary_10%22%7D%5D&#8220;][\/vc_column][\/vc_row][\/vc_section][vc_section][vc_row][vc_column width=&#8220;2\/3&#8243;][dhsv_vc_quote text=&#8220;Ein \u201eunsichtbares\u201c B\u00fcro ist eine spezifische B\u00fcrol\u00f6sung, die Sie flexibel buchen k\u00f6nnen und die zudem repr\u00e4sentativen Zwecken dient.&#8220;][vc_empty_space dhsv_emptyspace=&#8220;m-top-md&#8220;][vc_column_text]<\/p>\n<h2>Gesch\u00e4ftsadresse mieten: Setzen Sie Ihr Business auf die Karte<\/h2>\n<p>Mit \u00fcber den wirtschaftlichen Erfolg eines Unternehmens entscheidet l\u00e4ngst auch die richtige Au\u00dfenwirkung. Eine renommierte Gesch\u00e4ftsadresse in Top-Lage verschafft Ihrem Unternehmen einen Imagegewinn und dadurch Wettbewerbsvorteile.<\/p>\n<h3>Was ein \u201eVirtual Office\u201c ist? Die Definitition eines virtuellen B\u00fcros:<\/h3>\n<p>Um m\u00f6glichst kosteng\u00fcnstig \u00fcber solche Top-Adressen zu verf\u00fcgen, setzen etwa Ein-Mann-Unternehmen und Startups auf ein virtuelles B\u00fcro. Mieten auch Sie eine Gesch\u00e4ftsadresse, an der Sie nicht \u2013 zumindest nicht dauerhaft \u2013 arbeiten.<\/p>\n<p>Es handelt sich weniger um einen physischen B\u00fcroraum als um eine \u201esimulierte\u201c Gesch\u00e4ftspr\u00e4senz. Ein \u201eunsichtbares\u201c B\u00fcro als spezifische B\u00fcrol\u00f6sung, die Sie flexibel buchen k\u00f6nnen und die zudem repr\u00e4sentativen Zwecken dient.[\/vc_column_text][vc_empty_space][\/vc_column][vc_column width=&#8220;1\/3&#8243;][dhsv_vc_image_quote image=&#8220;84366&#8243; quote_color=&#8220;primary&#8220; quote=&#8220;Ihre renommierte Gesch\u00e4ftsadresse in Top-Lage.&#8220;][\/vc_column][\/vc_row][\/vc_section][vc_section full_width=&#8220;stretch_row&#8220; dhsv_background_color=&#8220;bg_shadow&#8220;][vc_row][vc_column][vc_column_text]<\/p>\n<p class=\"h3 semibold\">Mehr als nur \u201eeine Briefkastenadresse mieten\u201c \u2013\u00a0 Ihre Vorteile &amp; Extras auf Wunsch:<\/p>\n<p>[\/vc_column_text][dhsv_vc_icon_slider slides=&#8220;%5B%7B%22type%22%3A%22image%22%2C%22icon%22%3A%22speed%22%2C%22image%22%3A%22271377%22%2C%22title%22%3A%22Sofort%20bezugsfertige%20R%C3%A4ume%22%7D%2C%7B%22type%22%3A%22image%22%2C%22icon%22%3A%22expand%22%2C%22image%22%3A%22271242%22%2C%22title%22%3A%22Flexibel%20anpassbare%20Vertr%C3%A4ge%22%7D%2C%7B%22type%22%3A%22image%22%2C%22icon%22%3A%2210k%22%2C%22image%22%3A%22271659%22%2C%22title%22%3A%22Eintragung%20ins%20Handelsregister%22%7D%2C%7B%22type%22%3A%22image%22%2C%22icon%22%3A%22meeting_room%22%2C%22image%22%3A%22271211%22%2C%22title%22%3A%22Vollausgestattete%20Konferenzr%C3%A4ume%22%7D%2C%7B%22type%22%3A%22image%22%2C%22icon%22%3A%22headset_mic%22%2C%22image%22%3A%22271281%22%2C%22title%22%3A%22Rufannahme-Service%22%7D%2C%7B%22type%22%3A%22image%22%2C%22icon%22%3A%22local_post_office%22%2C%22image%22%3A%22271674%22%2C%22title%22%3A%22Postannahme-Service%22%7D%2C%7B%22type%22%3A%22image%22%2C%22icon%22%3A%22person_pin_circle%22%2C%22image%22%3A%22271679%22%2C%22title%22%3A%22Admin-Support%22%7D%2C%7B%22type%22%3A%22image%22%2C%22icon%22%3A%2210k%22%2C%22image%22%3A%22271684%22%2C%22title%22%3A%22Firmenschild%22%7D%2C%7B%22type%22%3A%22image%22%2C%22icon%22%3A%2210k%22%2C%22image%22%3A%22271362%22%2C%22title%22%3A%22Besetzter%20Empfang%22%7D%2C%7B%22type%22%3A%22image%22%2C%22icon%22%3A%2210k%22%2C%22image%22%3A%22271664%22%2C%22title%22%3A%22Business-Lounge%22%7D%2C%7B%22type%22%3A%22image%22%2C%22icon%22%3A%2210k%22%2C%22image%22%3A%22271649%22%2C%22title%22%3A%22Repr%C3%A4sentative%20Adresse%22%7D%2C%7B%22type%22%3A%22image%22%2C%22icon%22%3A%2210k%22%2C%22image%22%3A%22271227%22%2C%22title%22%3A%22Pers%C3%B6nliche%20Telefon-%20und%20Faxnummer%22%7D%2C%7B%22type%22%3A%22image%22%2C%22icon%22%3A%2210k%22%2C%22image%22%3A%22271654%22%2C%22title%22%3A%22G%C3%BCnstige%20Preise%22%7D%5D&#8220;][\/vc_column][\/vc_row][\/vc_section][vc_section][vc_row][vc_column width=&#8220;2\/3&#8243;][vc_empty_space][vc_column_text]<\/p>\n<h2>6 Szenarien, in denen es sich lohnt, eine Postadresse zu mieten<\/h2>\n<ol>\n<li>\n<p style=\"line-height: 150%;\">\u00c4mter und Kunden fordern von Ihnen eine Gesch\u00e4ftsadresse. Sie sind Gr\u00fcnder oder Freelancer. F\u00fcr die Eintragung ins Handelsregister und den anstehenden Notarbesuch brauchen Sie eine gesch\u00e4ftliche Meldeadresse oder es wird eine sog. \u201eladungsf\u00e4hige Anschrift\u201c gefordert. In einem solchen Fall ist die Anmietung einer virtuellen Gesch\u00e4ftsadresse die ideale Sofort-L\u00f6sung. Schnell k\u00f6nnen Sie Ihr frisch gegr\u00fcndetes Business dank Virtual Offices an einem Ort Ihrer Wahl repr\u00e4sentieren.<\/p>\n<\/li>\n<li>\n<p style=\"line-height: 150%;\">Wenn Ihre Kunden eine nicht-private Adresse bevorzugen, an die sie sich offiziell wenden k\u00f6nnen. Schlie\u00dflich geht es bei gesch\u00e4ftlicher Korrespondenz nicht selten um sensible Daten und vertrauliche Informationen.<\/p>\n<\/li>\n<li>\n<p style=\"line-height: 150%;\">Sie brauchen eine lukrative Postadresse f\u00fcr Ihre Wunschkunden. Als Freelancer oder Ein-Mann-Unternehmen scheuen Sie aus Kostengr\u00fcnden die Anmietung eines auf Dauer kostenintensiven physischen B\u00fcros. Dennoch wollen Sie Ihre Post sowie Ihre Anrufe an eine offizielle, &#8222;gut klingende&#8220; Gesch\u00e4ftsadresse weiterleiten.<\/p>\n<\/li>\n<li>\n<p style=\"line-height: 150%;\">Sie brauchen einen wertigen Standort f\u00fcr Ihr Impressum. Sie wollen Ihr Business im Netz wertig darstellen und brauchen daf\u00fcr einen renommierten Firmensitz \u2013 ohne diesen physisch zu nutzen. Eine virtuelle Gesch\u00e4ftsdresse bietet diesen Wow-Effekt ohne hohe Fixkosten.<\/p>\n<\/li>\n<li>\n<p style=\"line-height: 150%;\">Als Au\u00dfendienst-Mitarbeiter brauchen Sie einen seri\u00f6sen Standort. Im Vertrieb sind Sie nahezu rund um die Uhr unterwegs. \u201eUnterwegs\u201c macht sich als Firmensitz jedoch nicht besonders gut. Besser Sie nutzen eine seri\u00f6se Gesch\u00e4ftsdresse, die Sie in Ihrem Kundenkontakt angeben k\u00f6nnen.<\/p>\n<\/li>\n<li>\n<p style=\"line-height: 150%;\">Sie sind Arbeitgeber und wollen ein Talent von au\u00dferhalb anheuern, ohne dass ein Umzug n\u00f6tig wird. Ein Virtual Office kann hier als externe &#8222;Abteilungsadresse&#8220; dienen, w\u00e4hrend Pendeln, Reisekosten oder teure Mietkosten entfallen.<\/p>\n<\/li>\n<\/ol>\n<p>[\/vc_column_text][vc_empty_space dhsv_emptyspace=&#8220;m-top-md&#8220;][\/vc_column][vc_column width=&#8220;1\/3&#8243;][vc_empty_space][dhsv_vc_image_quote image=&#8220;126715&#8243; quote_color=&#8220;primary&#8220; quote=&#8220;FlexOfficeAgency vermittelt Ihnen schnell, einfach und bequem ein Virtual Office an einem Ort Ihrer Wahl.&#8220;][vc_empty_space][\/vc_column][\/vc_row][\/vc_section][vc_section full_width=&#8220;stretch_row&#8220;][vc_row][vc_column][dhsv_vc_vertical_slider element_type=&#8220;small&#8220; slides=&#8220;%5B%7B%22type%22%3A%22font%22%2C%22icon%22%3A%22add_ic_call%22%2C%22title%22%3A%22Telefonservice%22%2C%22headline%22%3A%22Keinen%20wichtigen%20Anruf%20verpassen%22%2C%22text%22%3A%22Ihre%20Anrufe%20werden%20professionell%20im%20Namen%20Ihrer%20Firma%20angenommen%20und%20je%20nach%20Wunsch%20sofort%20an%20Sie%20weitergeleitet%20oder%20aufgezeichnet.%20Geschulte%20Telefonistinnen%20mit%20angenehmer%20Anruferstimme%20nehmen%20f%C3%BCr%20Sie%20Ihre%20Gesch%C3%A4ftsanrufe%20entgegen.So%20sind%20Sie%20rund%20um%20die%20Uhr%20professionell%20f%C3%BCr%20Ihre%20Kunden%20erreichbar.%22%2C%22image%22%3A%2283839%22%7D%2C%7B%22type%22%3A%22font%22%2C%22icon%22%3A%22markunread_mailbox%22%2C%22title%22%3A%22Postannahme-Service%22%2C%22headline%22%3A%22Ihre%20Briefe%20in%20besten%20H%C3%A4nden%22%2C%22text%22%3A%22Das%20Office-Personal%20nimmt%20Ihre%20gesamte%20Gesch%C3%A4ftskorrespondenz%20entgegen%2C%20verwaltet%20diese%20und%20leitet%20sie%20an%20Sie%20weiter.%22%2C%22image%22%3A%2283847%22%7D%2C%7B%22type%22%3A%22font%22%2C%22icon%22%3A%22headset_mic%22%2C%22title%22%3A%22Sekretariatsservice%22%2C%22headline%22%3A%22Verwaltungsaufgaben%20einfach%20abgeben%22%2C%22text%22%3A%22Mitarbeiter%20des%20Office-Centers%20%C3%BCbernehmen%20f%C3%BCr%20Sie%20alle%20anfallenden%20Sekretariatsaufgaben.%20Sie%20k%C3%BCmmern%20sich%20beispielsweise%20um%20Verwaltungsaufgaben%2C%20um%20den%20Versand%20und%20die%20Weiterleitung%20Ihrer%20Gesch%C3%A4ftskorrespondenz%20oder%20begr%C3%BC%C3%9Fen%20Ihre%20Kunden%20am%20Empfang.%22%2C%22image%22%3A%2283815%22%7D%2C%7B%22type%22%3A%22font%22%2C%22icon%22%3A%22meeting_room%22%2C%22title%22%3A%22Physische%20R%C3%A4ume%22%2C%22headline%22%3A%22Tagesb%C3%BCros%20und%20Meetingr%C3%A4ume%22%2C%22text%22%3A%22Das%20Business-Center-Konzept%20bietet%20stets%20die%20M%C3%B6glichkeit%2C%20kurzfristig%20auch%20physische%20Tagungsr%C3%A4ume%20zu%20buchen%20%E2%80%93%20beispielsweise%20f%C3%BCr%20Gesch%C3%A4ftstreffen%20oder%20Meetings%20mit%20potenziellen%20Mitarbeitern.%20Zudem%20k%C3%B6nnen%20Sie%20tage-%20oder%20sogar%20stundenweise%20B%C3%BCror%C3%A4ume%20anmieten%2C%20um%20bei%20Bedarf%20auch%20vor%20Ort%20zu%20arbeiten.%22%2C%22image%22%3A%2283823%22%7D%2C%7B%22type%22%3A%22font%22%2C%22icon%22%3A%22person_pin%22%2C%22title%22%3A%22Concierge%22%2C%22headline%22%3A%22Entlastung%20bei%20der%20Organisation%22%2C%22text%22%3A%22Auf%20Wunsch%20besorgt%20ein%20Concierge-Service%20Karten%20f%C3%BCr%20exklusive%20Veranstaltungen%2C%20organisiert%20f%C3%BCr%20Sie%20einen%20Catering-Service%20oder%20reserviert%20f%C3%BCr%20Ihr%20Gesch%C3%A4ftstreffen%20einen%20Tisch%20in%20einem%20exklusiven%20Restaurant.%22%2C%22image%22%3A%2283831%22%7D%2C%7B%22type%22%3A%22font%22%2C%22icon%22%3A%22vignette%22%2C%22title%22%3A%22Ihr%20Firmenschild%22%2C%22headline%22%3A%22Machen%20Sie%20Ihre%20Marke%20sichtbar%22%2C%22text%22%3A%22Ein%20firmeneigenes%20Namensschild%20an%20der%20Eingangst%C3%BCr%20oder%20eine%20Namensplakette%20an%20einer%20B%C3%BCrot%C3%BCr%20ist%20oft%20im%20Preis%20inbegriffen%20%E2%80%93%20perfekt%2C%20falls%20Sie%20einen%20Kunden%20pers%C3%B6nlich%20vor%20Ort%20empfangen%20wollen.%22%2C%22image%22%3A%2283779%22%7D%5D&#8220;][\/vc_column][\/vc_row][\/vc_section][vc_section][vc_row][vc_column width=&#8220;2\/3&#8243;][vc_empty_space][vc_column_text]<\/p>\n<h2>Jetzt schnell &amp; einfach ein virtuelles B\u00fcro mieten und Gesch\u00e4ftsstandort anmelden<\/h2>\n<p>Mit FlexOfficeAgency, Ihrem Experten rund um die Beratung und Vermittlung von flexiblen B\u00fcrol\u00f6sungen, haben Sie Zugriff auf Top-Adressen mit Signalwirkung \u2013 und das in mehr als 40 L\u00e4ndern weltweit.<\/p>\n<p>Sei es eine virtuelle Adresse in Deutschland, etwa in Metropolen wie Berlin, Frankfurt oder M\u00fcnchen, oder seien es internationale Spitzenstandorte wie Paris, London, Amsterdam oder Barcelona \u2013 in Business Centern lassen sich verschiedenste virtuelle B\u00fcros an Top-Adressen anmieten.<\/p>\n<p>FlexOfficeAgency sorgt im Vorfeld daf\u00fcr, dass der Vertrag so transparent und vorteilhaft f\u00fcr Sie wie m\u00f6glich gestaltet wird.[\/vc_column_text][vc_column_text]<\/p>\n<h2>Jetzt mit FlexOfficeAgency Ihr virtuelles B\u00fcro mieten<\/h2>\n<p><span style=\"color: #677f70;\"><strong>Nutzen Sie unsere Marktkenntnis und sparen Sie Zeit und Kosten.<\/strong><\/span> Wir vermitteln Ihnen ohne Umwege Ihre virtuelle Gesch\u00e4ftsadresse mit repr\u00e4sentativem Charakter<\/p>\n<p><span style=\"color: #677f70;\"><strong>Wir kl\u00e4ren gemeinsam Ihren Bedarf.<\/strong><\/span> An welchem Ort wollen Sie Ihr virtuelles B\u00fcro nutzen? W\u00fcnschen Sie Zugriff auf einen Besprechungsraum vor Ort? Wollen Sie zumindest zeitweilig Office-Leistungen an dem Standort nutzen? Steht das Profil, finden wir schnell genau die Gesch\u00e4ftsadresse, die zu Ihnen und Ihrem Unternehmen passt.<\/p>\n<p><span style=\"color: #677f70;\"><strong>Zusammen machen wir den Deal perfekt.<\/strong><\/span> Unsere Experten unterst\u00fctzen Sie bei der Buchung und Vertragsgestaltung. Welche Leistungen sind sinnvoll? Worauf sollten Sie achten?[\/vc_column_text][\/vc_column][vc_column width=&#8220;1\/3&#8243;][vc_empty_space][dhsv_vc_image_quote image=&#8220;83586&#8243; quote_align=&#8220;align-left&#8220; quote=&#8220;Mit FlexOfficeAgency haben Sie Zugriff auf Top-Adressen mit Signalwirkung in mehr als 40 L\u00e4ndern weltweit.&#8220;][vc_empty_space][\/vc_column][\/vc_row][\/vc_section][vc_section][vc_row][vc_column width=&#8220;1\/3&#8243;][vc_column_text]<\/p>\n<p class=\"h4\"><strong>H\u00e4ufig gestellte Fragen<\/strong><\/p>\n<p>Hier finden Sie Antworten zu FlexOffice-Themen, auf die wir oft von Unternehmen angesprochen werden.<\/p>\n<p>Sollten Sie Ihre Frage auf unserer Website nicht finden, k\u00f6nnen Sie gerne jederzeit pers\u00f6nlich mit uns sprechen.[\/vc_column_text][dhsv_vc_button title=&#8220;Alle Fragen und Antworten anzeigen&#8220; link=&#8220;url:https%3A%2F%2Fwww.flexofficeagency.com%2Fde%2Ffaq%2F|title:H%C3%A4ufig%20gestellte%20Fragen%20(FAQ)&#8220; type=&#8220;secondary&#8220; alignment=&#8220;left&#8220;][\/vc_column][vc_column width=&#8220;1\/3&#8243;][dhsv_vc_faq items=&#8220;%5B%7B%22faq%22%3A%22174254%22%7D%2C%7B%22faq%22%3A%22174255%22%7D%2C%7B%22faq%22%3A%22174256%22%7D%5D&#8220;][\/vc_column][vc_column width=&#8220;1\/3&#8243;][dhsv_vc_faq items=&#8220;%5B%7B%22faq%22%3A%22174258%22%7D%2C%7B%22faq%22%3A%22174259%22%7D%2C%7B%22faq%22%3A%22168700%22%7D%5D&#8220;][\/vc_column][\/vc_row][\/vc_section][vc_section][vc_row][vc_column][dhsv_vc_consultation_request][\/vc_column][\/vc_row][\/vc_section]<\/p>\n<\/div>","protected":false},"excerpt":{"rendered":"<p>[vc_section dhsv_show_get_in_touch=&#8220;1&#8243;][vc_row][vc_column width=&#8220;11\/12&#8243;][vc_empty_space][vc_column_text] Virtuelles B\u00fcro mieten: g\u00fcnstig &amp; effektiv Ein Virtual Office bietet Ihnen eine Gesch\u00e4ftsadresse, ohne dass Sie einen physischen B\u00fcroraum mieten m\u00fcssen. Wenn Sie sich f\u00fcr ein entsprechendes Paket entscheiden, profitieren Sie sogar von einem vollen B\u00fcro-Service \u2013 ohne teure Raumkosten. So haben Sie die M\u00f6glichkeit, kosteng\u00fcnstig eine Firmenadresse in bester Lage zu &hellip; <a href=\"https:\/\/www.flexofficeagency.com\/de\/virtuelles-buero\/\">Continued<\/a><\/p>\n","protected":false},"author":4,"featured_media":268591,"parent":0,"menu_order":0,"comment_status":"closed","ping_status":"closed","template":"","meta":{"_acf_changed":false,"footnotes":""},"class_list":["post-84108","page","type-page","status-publish","has-post-thumbnail","hentry"],"acf":[],"_links":{"self":[{"href":"https:\/\/www.flexofficeagency.com\/de\/wp-json\/wp\/v2\/pages\/84108","targetHints":{"allow":["GET"]}}],"collection":[{"href":"https:\/\/www.flexofficeagency.com\/de\/wp-json\/wp\/v2\/pages"}],"about":[{"href":"https:\/\/www.flexofficeagency.com\/de\/wp-json\/wp\/v2\/types\/page"}],"author":[{"embeddable":true,"href":"https:\/\/www.flexofficeagency.com\/de\/wp-json\/wp\/v2\/users\/4"}],"replies":[{"embeddable":true,"href":"https:\/\/www.flexofficeagency.com\/de\/wp-json\/wp\/v2\/comments?post=84108"}],"version-history":[{"count":0,"href":"https:\/\/www.flexofficeagency.com\/de\/wp-json\/wp\/v2\/pages\/84108\/revisions"}],"wp:featuredmedia":[{"embeddable":true,"href":"https:\/\/www.flexofficeagency.com\/de\/wp-json\/wp\/v2\/media\/268591"}],"wp:attachment":[{"href":"https:\/\/www.flexofficeagency.com\/de\/wp-json\/wp\/v2\/media?parent=84108"}],"curies":[{"name":"wp","href":"https:\/\/api.w.org\/{rel}","templated":true}]}}