{"id":19,"date":"2017-05-29T10:50:05","date_gmt":"2017-05-29T08:50:05","guid":{"rendered":"https:\/\/aoc001.dev.360vier.net\/?page_id=19"},"modified":"2025-11-26T15:15:46","modified_gmt":"2025-11-26T14:15:46","slug":"startseite-2-2","status":"publish","type":"page","link":"https:\/\/www.flexofficeagency.com\/de\/","title":{"rendered":"Home"},"content":{"rendered":"<div class=\"wpb-content-wrapper\"><p>[vc_section][vc_row][vc_column][vc_empty_space][\/vc_column][\/vc_row][vc_row][vc_column][vc_column_text el_class=&#8220;poppins&#8220;]<\/p>\n<h2 style=\"text-align: center;\">Ihre Vorteile mit FlexOfficeAgency<\/h2>\n<p>[\/vc_column_text][vc_empty_space dhsv_emptyspace=&#8220;m-top-md&#8220;][dhsv_vc_icon_blocks image_align=&#8220;center&#8220; blocks=&#8220;%5B%7B%22type%22%3A%22image%22%2C%22icon%22%3A%2210k%22%2C%22image%22%3A%22271454%22%2C%22title%22%3A%22100%25%20provisionsfrei%22%2C%22text%22%3A%22Wir%20beraten%20Sie%20v%C3%B6llig%20kostenlos%20und%20unverbindlich.%20Auch%20bei%20einer%20erfolgreichen%20Vermittlung%20werden%20f%C3%BCr%20Sie%20keinerlei%20Geb%C3%BChren%20f%C3%A4llig.%22%2C%22bgcolor%22%3A%22secondary_10%22%7D%2C%7B%22type%22%3A%22image%22%2C%22icon%22%3A%2210k%22%2C%22image%22%3A%22271449%22%2C%22title%22%3A%22Schnell%2C%20einfach%2C%20zielorientiert%22%2C%22text%22%3A%22B%C3%BCrosuche%20leicht%20gemacht%20%E2%80%93%20Sie%20nennen%20uns%20Ihre%20Anforderungen%2C%20konzentrieren%20sich%20weiter%20auf%20Ihr%20Business%2C%20wir%20k%C3%BCmmern%20uns%20um%20die%20Suche.%22%2C%22bgcolor%22%3A%22secondary_10%22%7D%2C%7B%22type%22%3A%22image%22%2C%22icon%22%3A%2210k%22%2C%22image%22%3A%22271463%22%2C%22title%22%3A%22Passgenaue%20Mietvertr%C3%A4ge%22%2C%22text%22%3A%22Wir%20vermitteln%20flexible%20B%C3%BCros%3B%20Fl%C3%A4chen-Aufteilung%2C%20Laufzeit%20des%20Vertrags%2C%20Services%20vor%20Ort%20und%20vieles%20mehr%20ganz%20nach%20Ihrem%20Bedarf.%22%2C%22bgcolor%22%3A%22secondary_10%22%7D%5D&#8220;][\/vc_column][\/vc_row][\/vc_section][vc_section dhsv_background_color=&#8220;bg_primary-navy&#8220;][vc_row][vc_column][vc_empty_space][\/vc_column][\/vc_row][vc_row][vc_column][vc_column_text el_class=&#8220;poppins&#8220;]<\/p>\n<h2 style=\"text-align: center;\">FlexOfficeAgency bietet L\u00f6sungen f\u00fcr jedes Business<\/h2>\n<p>[\/vc_column_text][dhsv_vc_text_image_row button=&#8220;url:https%3A%2F%2Fwww.flexofficeagency.com%2Fde%2Fbueroraeume-mieten%2F|title:Mehr%20%C3%BCber%20unsere%20B%C3%BCroberatung%20erfahren&#8220; image=&#8220;272361&#8243;]<\/p>\n<h2>Flexible B\u00fcrofl\u00e4chen<\/h2>\n<h3>Ma\u00dfgeschneiderte Business-L\u00f6sungen<\/h3>\n<p>Sie suchen ein neues B\u00fcro f\u00fcr sich oder Ihr Team? Unsere Experten zeigen Ihnen die passenden M\u00f6glichkeiten auf und begleiten Sie bis zum Einzug. Unsere flexiblen B\u00fcrol\u00f6sungen sind so dynamisch wie Sie: Ausstattung, Quadratmeterzahl und Platzaufteilung richten sich ganz nach Ihren W\u00fcnschen. Gerne unterst\u00fctzen wir Sie in den Vertragsverhandlungen und sorgen f\u00fcr einen unkomplizierten Ablauf Ihrer B\u00fcrosuche.[\/dhsv_vc_text_image_row][dhsv_vc_text_image_row button=&#8220;url:https%3A%2F%2Fwww.flexofficeagency.com%2Fde%2Fcoworking-space-finden%2F|title:Finden%20Sie%20Ihre%20perfekte%20Coworking-Fl%C3%A4che&#8220; image=&#8220;272008&#8243; position=&#8220;img_right&#8220;]<\/p>\n<h2>Coworking Space<\/h2>\n<h3>Kreative Arbeitspl\u00e4tze f\u00fcr alle<\/h3>\n<p>Ob Sie Arbeitspl\u00e4tze als Freelancer, Start-Up oder ganzes Team ben\u00f6tigen: Mit FlexOfficeAgency finden Sie den optimalen Coworking Space weltweit. Der Begriff \u201eCoworking\u201c steht nicht mehr nur f\u00fcr Arbeitspl\u00e4tze in einem Gro\u00dfraumb\u00fcro, sondern umfasst nun ein breites Spektrum von Arbeitsm\u00f6glichkeiten \u2013 gerne beraten wir Sie bei Ihrer Suche.[\/dhsv_vc_text_image_row][dhsv_vc_text_image_row button=&#8220;url:https%3A%2F%2Fwww.flexofficeagency.com%2Fde%2Fgrosses-buero-mieten-corporate-unternehmen%2F|title:Mehr%20%C3%BCber%20Corporate-L%C3%B6sungen%20erfahren&#8220; image=&#8220;272356&#8243;]<\/p>\n<h2>Corporate-L\u00f6sungen<\/h2>\n<h3>B\u00fcrofl\u00e4chen f\u00fcr 100, 500 und mehr Mitarbeiter<\/h3>\n<p>Konzerne und Gro\u00dfunternehmen haben besondere Anforderungen an ihre B\u00fcror\u00e4ume. Das betrifft nicht nur den erh\u00f6hten Platzbedarf, sondern auch Aspekte wie die Raumaufteilung und technologische Anpassungen. FlexOfficeAgency ist Ihr erfahrener Experte f\u00fcr B\u00fcrol\u00f6sungen jeder Gr\u00f6\u00dfenordnung, selbst wenn sich Ihr Fl\u00e4chenbedarf in Bereichen von 500, 2.000 oder weit mehr Quadratmetern bewegt.[\/dhsv_vc_text_image_row][dhsv_vc_text_image_row button=&#8220;url:https%3A%2F%2Fwww.flexofficeagency.com%2Fde%2Fbusiness-center-deutschland%2F|title:Mehr%20%C3%BCber%20Business%20Center%20erfahren&#8220; image=&#8220;271997&#8243; position=&#8220;img_right&#8220;]<\/p>\n<h2>Business Center<\/h2>\n<h3>Fl\u00e4chen f\u00fcr Unternehmen jeden Typs<\/h3>\n<p>Ein Business Center bietet bezugsfertige B\u00fcror\u00e4ume mit erstklassiger Ausstattung und Infrastruktur und zus\u00e4tzlichen Servicem\u00f6glichkeiten, geeignet f\u00fcr Teams jeder Gr\u00f6\u00dfe. Die Mietdauer, das Raumlayout und gebuchte Extra-Leistungen sind sehr variabel. Hinzu kommt der All-inclusive-Ansatz: Nebenkosten und viele Services sind direkt eingepreist \u2013 100% Preistransparenz von Anfang an.[\/dhsv_vc_text_image_row][dhsv_vc_text_image_row button=&#8220;url:https%3A%2F%2Fwww.flexofficeagency.com%2Fde%2Fvirtuelles-buero%2F|title:Mehr%20%C3%BCber%20virtuelle%20B%C3%BCros%20erfahren&#8220; image=&#8220;272025&#8243;]<\/p>\n<h2>Virtuelle B\u00fcros<\/h2>\n<h3>Repr\u00e4sentative Gesch\u00e4ftsadressen<\/h3>\n<p>Ein \u201eVirtual Office\u201c bezeichnet die Anmietung einer Gesch\u00e4ftsadresse, ohne dass Sie daf\u00fcr an den physischen Standort gebunden sind. Besonders f\u00fcr Au\u00dfendienstler und Business-Gr\u00fcnder, oder wenn Sie die private Adresse nicht als Firmenadresse angeben m\u00f6chten, sind virtuelle B\u00fcros sinnvoll. Auf Wunsch lassen sich diverse Extras hinzubuchen.[\/dhsv_vc_text_image_row][dhsv_vc_text_image_row button=&#8220;url:https%3A%2F%2Fwww.flexofficeagency.com%2Fde%2Fallofficecenters-gmbh-die-branchenexperten%2F|title:Mehr%20%C3%BCber%20unser%20Leistungsspektrum%20erfahren&#8220; image=&#8220;272094&#8243; position=&#8220;img_right&#8220;]<\/p>\n<h2>Immobilienberatung<\/h2>\n<h3>Real Estate Consulting<\/h3>\n<p>Wir bieten Expertenberatung zur Vermietung und Vermarktung von B\u00fcros und informieren Kunden und Partner \u00fcber aktuelle FlexOffice-Branchentrends. Wir begleiten Anbieter und Eigent\u00fcmer bei der Expansion, von der Auswahl geeigneter Objekte bis zur Konzeptionierung der Fl\u00e4chennutzung. Als FlexSpace-Pionier und Anbieter einer komfortablen Business-Center-Suche f\u00fchren wir Mietinteressenten und Anbieter erfolgreich zueinander.[\/dhsv_vc_text_image_row][\/vc_column][\/vc_row][\/vc_section][vc_section full_width=&#8220;stretch_row&#8220; dhsv_margin=&#8220;m-top-md&#8220; dhsv_no_padding=&#8220;1&#8243; el_id=&#8220;lineRow&#8220;][vc_row][vc_column][vc_empty_space dhsv_emptyspace=&#8220;m-top-xl&#8220;][\/vc_column][\/vc_row][vc_row][vc_column width=&#8220;1\/3&#8243;][vc_column_text el_class=&#8220;poppins map-title&#8220;]<\/p>\n<h3>FlexOfficeAgency vermittelt B\u00fcrol\u00f6sungen weltweit<\/h3>\n<p>[\/vc_column_text][\/vc_column][vc_column width=&#8220;2\/3&#8243;][vc_row_inner el_class=&#8220;global_reach_mobile&#8220;][vc_column_inner el_class=&#8220;map-info&#8220; width=&#8220;1\/3&#8243;][vc_column_text]<strong>8275<\/strong> Locations[\/vc_column_text][\/vc_column_inner][vc_column_inner el_class=&#8220;map-info&#8220; width=&#8220;1\/3&#8243;][vc_column_text]<strong>466<\/strong>\u00a0St\u00e4dte[\/vc_column_text][\/vc_column_inner][vc_column_inner el_class=&#8220;map-info&#8220; width=&#8220;1\/3&#8243;][vc_column_text]<strong>43<\/strong>\u00a0L\u00e4nder[\/vc_column_text][\/vc_column_inner][\/vc_row_inner][\/vc_column][\/vc_row][vc_row][vc_column][dhsv_vc_country_map map=&#8220;66795&#8243;][\/vc_column][\/vc_row][\/vc_section][vc_section][vc_row][vc_column][vc_empty_space][dhsv_vc_property_slider slides=&#8220;%5B%7B%22property%22%3A%2262690%22%7D%2C%7B%22property%22%3A%2262655%22%7D%2C%7B%22property%22%3A%2262656%22%7D%2C%7B%22property%22%3A%2262929%22%7D%2C%7B%22property%22%3A%2262957%22%7D%2C%7B%22property%22%3A%2262525%22%7D%2C%7B%22property%22%3A%2262781%22%7D%2C%7B%22property%22%3A%2262673%22%7D%2C%7B%22property%22%3A%22130608%22%7D%5D&#8220;][\/vc_column][\/vc_row][vc_row][vc_column][vc_empty_space][\/vc_column][\/vc_row][\/vc_section][vc_row][vc_column][dhsv_vc_template_element template_id=&#8220;66799&#8243;][\/vc_column][\/vc_row]<\/p>\n<\/div>","protected":false},"excerpt":{"rendered":"<p>[vc_section][vc_row][vc_column][vc_empty_space][\/vc_column][\/vc_row][vc_row][vc_column][vc_column_text el_class=&#8220;poppins&#8220;] Ihre Vorteile mit FlexOfficeAgency [\/vc_column_text][vc_empty_space dhsv_emptyspace=&#8220;m-top-md&#8220;][dhsv_vc_icon_blocks image_align=&#8220;center&#8220; blocks=&#8220;%5B%7B%22type%22%3A%22image%22%2C%22icon%22%3A%2210k%22%2C%22image%22%3A%22271454%22%2C%22title%22%3A%22100%25%20provisionsfrei%22%2C%22text%22%3A%22Wir%20beraten%20Sie%20v%C3%B6llig%20kostenlos%20und%20unverbindlich.%20Auch%20bei%20einer%20erfolgreichen%20Vermittlung%20werden%20f%C3%BCr%20Sie%20keinerlei%20Geb%C3%BChren%20f%C3%A4llig.%22%2C%22bgcolor%22%3A%22secondary_10%22%7D%2C%7B%22type%22%3A%22image%22%2C%22icon%22%3A%2210k%22%2C%22image%22%3A%22271449%22%2C%22title%22%3A%22Schnell%2C%20einfach%2C%20zielorientiert%22%2C%22text%22%3A%22B%C3%BCrosuche%20leicht%20gemacht%20%E2%80%93%20Sie%20nennen%20uns%20Ihre%20Anforderungen%2C%20konzentrieren%20sich%20weiter%20auf%20Ihr%20Business%2C%20wir%20k%C3%BCmmern%20uns%20um%20die%20Suche.%22%2C%22bgcolor%22%3A%22secondary_10%22%7D%2C%7B%22type%22%3A%22image%22%2C%22icon%22%3A%2210k%22%2C%22image%22%3A%22271463%22%2C%22title%22%3A%22Passgenaue%20Mietvertr%C3%A4ge%22%2C%22text%22%3A%22Wir%20vermitteln%20flexible%20B%C3%BCros%3B%20Fl%C3%A4chen-Aufteilung%2C%20Laufzeit%20des%20Vertrags%2C%20Services%20vor%20Ort%20und%20vieles%20mehr%20ganz%20nach%20Ihrem%20Bedarf.%22%2C%22bgcolor%22%3A%22secondary_10%22%7D%5D&#8220;][\/vc_column][\/vc_row][\/vc_section][vc_section dhsv_background_color=&#8220;bg_primary-navy&#8220;][vc_row][vc_column][vc_empty_space][\/vc_column][\/vc_row][vc_row][vc_column][vc_column_text el_class=&#8220;poppins&#8220;] FlexOfficeAgency bietet L\u00f6sungen f\u00fcr jedes Business [\/vc_column_text][dhsv_vc_text_image_row button=&#8220;url:https%3A%2F%2Fwww.flexofficeagency.com%2Fde%2Fbueroraeume-mieten%2F|title:Mehr%20%C3%BCber%20unsere%20B%C3%BCroberatung%20erfahren&#8220; image=&#8220;272361&#8243;] Flexible B\u00fcrofl\u00e4chen Ma\u00dfgeschneiderte Business-L\u00f6sungen Sie suchen ein neues B\u00fcro f\u00fcr sich oder Ihr Team? Unsere Experten zeigen Ihnen die passenden M\u00f6glichkeiten auf und begleiten Sie bis zum Einzug. Unsere flexiblen B\u00fcrol\u00f6sungen sind so dynamisch &hellip; <a href=\"https:\/\/www.flexofficeagency.com\/de\/\">Continued<\/a><\/p>\n","protected":false},"author":3,"featured_media":272112,"parent":0,"menu_order":0,"comment_status":"closed","ping_status":"closed","template":"","meta":{"_acf_changed":false,"footnotes":""},"class_list":["post-19","page","type-page","status-publish","has-post-thumbnail","hentry"],"acf":[],"_links":{"self":[{"href":"https:\/\/www.flexofficeagency.com\/de\/wp-json\/wp\/v2\/pages\/19","targetHints":{"allow":["GET"]}}],"collection":[{"href":"https:\/\/www.flexofficeagency.com\/de\/wp-json\/wp\/v2\/pages"}],"about":[{"href":"https:\/\/www.flexofficeagency.com\/de\/wp-json\/wp\/v2\/types\/page"}],"author":[{"embeddable":true,"href":"https:\/\/www.flexofficeagency.com\/de\/wp-json\/wp\/v2\/users\/3"}],"replies":[{"embeddable":true,"href":"https:\/\/www.flexofficeagency.com\/de\/wp-json\/wp\/v2\/comments?post=19"}],"version-history":[{"count":0,"href":"https:\/\/www.flexofficeagency.com\/de\/wp-json\/wp\/v2\/pages\/19\/revisions"}],"wp:featuredmedia":[{"embeddable":true,"href":"https:\/\/www.flexofficeagency.com\/de\/wp-json\/wp\/v2\/media\/272112"}],"wp:attachment":[{"href":"https:\/\/www.flexofficeagency.com\/de\/wp-json\/wp\/v2\/media?parent=19"}],"curies":[{"name":"wp","href":"https:\/\/api.w.org\/{rel}","templated":true}]}}