{"id":166269,"date":"2022-09-05T15:06:55","date_gmt":"2022-09-05T13:06:55","guid":{"rendered":"https:\/\/www.flexofficeagency.com\/contact-3\/"},"modified":"2026-04-17T08:48:31","modified_gmt":"2026-04-17T06:48:31","slug":"kontakt-2","status":"publish","type":"page","link":"https:\/\/www.flexofficeagency.com\/de\/kontakt-2\/","title":{"rendered":"Kontakt"},"content":{"rendered":"<div class=\"wpb-content-wrapper\"><p>[vc_section dhsv_no_padding=&#8220;1&#8243;][vc_row][vc_column][dhsv_vc_contact heading=&#8220;Let&#8217;s Connect&#8220;]Wir sind jederzeit gerne f\u00fcr Sie da, um Ihnen bei Ihrer B\u00fcrosuche zu helfen und alle Fragen rund um flexible B\u00fcrofl\u00e4chen zu beantworten.<\/p>\n<p>Senden Sie uns einfach eine unverbindliche Anfrage und wir werden uns so schnell wie m\u00f6glich mit Ihnen in Verbindung setzen. Gerne k\u00f6nnen Sie uns nat\u00fcrlich auch direkt \u00fcber das untenstehende Kontaktformular oder \u00fcber eine der unten angegebenen Telefonnummern erreichen.<\/p>\n<p><strong>Wir freuen uns auf Ihre Anfrage!<\/strong>[\/dhsv_vc_contact][\/vc_column][\/vc_row][\/vc_section][vc_section][vc_row][vc_column][vc_column_text]<\/p>\n<h2 class=\"h4 semibold\">FlexOfficeAgency \u2013 Kontakte weltweit<\/h2>\n<p>[\/vc_column_text][vc_empty_space dhsv_emptyspace=&#8220;m-top-md&#8220;][dhsv_vc_global_contacts items=&#8220;%5B%7B%22image%22%3A%2275298%22%2C%22title%22%3A%22Deutschland%22%2C%22phone%22%3A%22%2B49%2069%20588%20043%20100%22%2C%22mail%22%3A%22germany%40www.flexofficeagency.com%22%7D%2C%7B%22image%22%3A%2275278%22%2C%22title%22%3A%22%C3%96sterreich%22%2C%22phone%22%3A%22%2B43%201%20358%2002%2041%22%2C%22mail%22%3A%22austria%40www.flexofficeagency.com%22%7D%2C%7B%22image%22%3A%2275362%22%2C%22title%22%3A%22Schweiz%22%2C%22phone%22%3A%22%2B41%2043%20508%2047%2018%22%2C%22mail%22%3A%22switzerland%40www.flexofficeagency.com%22%7D%2C%7B%22image%22%3A%2275370%22%2C%22title%22%3A%22Vereinigtes%20K%C3%B6nigreich%22%2C%22phone%22%3A%22%2B44%2020%208017%203160%22%2C%22mail%22%3A%22uk%40www.flexofficeagency.com%22%7D%2C%7B%22image%22%3A%2275294%22%2C%22title%22%3A%22Frankreich%22%2C%22phone%22%3A%22%2B49%2069%20588%20043%20100%22%2C%22mail%22%3A%22france%40www.flexofficeagency.com%22%7D%2C%7B%22image%22%3A%2296691%22%2C%22title%22%3A%22Schweden%22%2C%22phone%22%3A%22%2B49%2069%20588%20043%20100%22%2C%22mail%22%3A%22sweden%40www.flexofficeagency.com%22%7D%2C%7B%22image%22%3A%2275310%22%2C%22title%22%3A%22Italien%22%2C%22phone%22%3A%22%2B49%2069%20588%20043%20100%22%2C%22mail%22%3A%22italy%40www.flexofficeagency.com%22%7D%2C%7B%22image%22%3A%2275386%22%2C%22title%22%3A%22Luxemburg%22%2C%22phone%22%3A%22%2B352%2027%20862%20069%22%2C%22mail%22%3A%22luxembourg%40www.flexofficeagency.com%22%7D%2C%7B%22image%22%3A%2275329%22%2C%22title%22%3A%22Niederlande%22%2C%22phone%22%3A%22%2B31%2020%20208%2021%2019%22%2C%22mail%22%3A%22netherlands%40www.flexofficeagency.com%22%7D%2C%7B%22image%22%3A%2275289%22%2C%22title%22%3A%22Belgien%22%2C%22phone%22%3A%22%2B49%2069%20588%20043%20100%22%2C%22mail%22%3A%22belgium%40www.flexofficeagency.com%22%7D%5D&#8220;][\/vc_column][\/vc_row][\/vc_section]<\/p>\n<\/div>","protected":false},"excerpt":{"rendered":"<p>[vc_section dhsv_no_padding=&#8220;1&#8243;][vc_row][vc_column][dhsv_vc_contact heading=&#8220;Let&#8217;s Connect&#8220;]Wir sind jederzeit gerne f\u00fcr Sie da, um Ihnen bei Ihrer B\u00fcrosuche zu helfen und alle Fragen rund um flexible B\u00fcrofl\u00e4chen zu beantworten. Senden Sie uns einfach eine unverbindliche Anfrage und wir werden uns so schnell wie m\u00f6glich mit Ihnen in Verbindung setzen. Gerne k\u00f6nnen Sie uns nat\u00fcrlich auch direkt \u00fcber das &hellip; <a href=\"https:\/\/www.flexofficeagency.com\/de\/kontakt-2\/\">Continued<\/a><\/p>\n","protected":false},"author":3,"featured_media":268506,"parent":0,"menu_order":0,"comment_status":"closed","ping_status":"closed","template":"","meta":{"_acf_changed":false,"footnotes":""},"class_list":["post-166269","page","type-page","status-publish","has-post-thumbnail","hentry"],"acf":[],"_links":{"self":[{"href":"https:\/\/www.flexofficeagency.com\/de\/wp-json\/wp\/v2\/pages\/166269","targetHints":{"allow":["GET"]}}],"collection":[{"href":"https:\/\/www.flexofficeagency.com\/de\/wp-json\/wp\/v2\/pages"}],"about":[{"href":"https:\/\/www.flexofficeagency.com\/de\/wp-json\/wp\/v2\/types\/page"}],"author":[{"embeddable":true,"href":"https:\/\/www.flexofficeagency.com\/de\/wp-json\/wp\/v2\/users\/3"}],"replies":[{"embeddable":true,"href":"https:\/\/www.flexofficeagency.com\/de\/wp-json\/wp\/v2\/comments?post=166269"}],"version-history":[{"count":0,"href":"https:\/\/www.flexofficeagency.com\/de\/wp-json\/wp\/v2\/pages\/166269\/revisions"}],"wp:featuredmedia":[{"embeddable":true,"href":"https:\/\/www.flexofficeagency.com\/de\/wp-json\/wp\/v2\/media\/268506"}],"wp:attachment":[{"href":"https:\/\/www.flexofficeagency.com\/de\/wp-json\/wp\/v2\/media?parent=166269"}],"curies":[{"name":"wp","href":"https:\/\/api.w.org\/{rel}","templated":true}]}}