{"id":166225,"date":"2022-09-05T14:18:41","date_gmt":"2022-09-05T12:18:41","guid":{"rendered":"https:\/\/www.flexofficeagency.com\/about-us-2\/"},"modified":"2026-04-15T15:10:18","modified_gmt":"2026-04-15T13:10:18","slug":"flexofficeagency-gmbh-die-branchenexperten","status":"publish","type":"page","link":"https:\/\/www.flexofficeagency.com\/de\/flexofficeagency-gmbh-die-branchenexperten\/","title":{"rendered":"\u00dcber uns"},"content":{"rendered":"<div class=\"wpb-content-wrapper\"><p>[vc_section][vc_row][vc_column][vc_empty_space][vc_column_text]<\/p>\n<h2>Unser einzigartiges Leistungsspektrum<\/h2>\n<p>[\/vc_column_text][vc_empty_space dhsv_emptyspace=&#8220;m-top-md&#8220;][dhsv_vc_icon_blocks image_align=&#8220;center&#8220; text_align=&#8220;center&#8220; blocks=&#8220;%5B%7B%22type%22%3A%22image%22%2C%22icon%22%3A%22share%22%2C%22image%22%3A%22271567%22%2C%22title%22%3A%22Flexible%20B%C3%BCrol%C3%B6sungen%22%2C%22bgcolor%22%3A%22secondary_10%22%7D%2C%7B%22type%22%3A%22image%22%2C%22icon%22%3A%22crop_square%22%2C%22image%22%3A%22271572%22%2C%22title%22%3A%22Real%20Estate%20Consulting%22%2C%22bgcolor%22%3A%22secondary_10%22%7D%2C%7B%22type%22%3A%22image%22%2C%22icon%22%3A%22share%22%2C%22image%22%3A%22271477%22%2C%22title%22%3A%22Expansionsstrategien%22%2C%22bgcolor%22%3A%22secondary_10%22%7D%5D&#8220;][\/vc_column][\/vc_row][\/vc_section][vc_section][vc_row][vc_column width=&#8220;1\/12&#8243;][\/vc_column][vc_column width=&#8220;4\/12&#8243;][vc_row_inner css=&#8220;.vc_custom_1595272570626{margin-bottom: 2rem !important;}&#8220;][vc_column_inner][dhsv_vc_media image=&#8220;85435&#8243;][\/vc_column_inner][\/vc_row_inner][\/vc_column][vc_column width=&#8220;1\/12&#8243;][\/vc_column][vc_column width=&#8220;5\/12&#8243;][vc_column_text]<\/p>\n<h2>Unsere Vision:<br \/>\nDen B\u00fcromarkt revolutionieren<\/h2>\n<p>Wir sind ein dynamisches Unternehmen, das in \u00fcber 40 L\u00e4ndern flexible B\u00fcrofl\u00e4chen vermittelt. Dank unseres umfassenden 360-Grad-\u00dcberblicks \u00fcber den B\u00fcromarkt und seiner sich st\u00e4ndig wandelnden Trends, profitieren alle Beteiligten von unserer Expertise.<\/p>\n<p>FlexOfficeAgency ist kein klassischer Player im Immobiliensektor. Wir haben uns auf den Nischenmarkt flexible B\u00fcrol\u00f6sungen spezialisiert \u2013 hierf\u00fcr schl\u00e4gt unser Herz. Einen Markt, den wir nicht nur verstehen und erkl\u00e4ren, sondern aktiv gestalten. Mit Leidenschaft und klarer Vision arbeiten wir daran, die B\u00fcrowelt f\u00fcr immer zu ver\u00e4ndern und zu verbessern.[\/vc_column_text][\/vc_column][vc_column width=&#8220;1\/12&#8243;][\/vc_column][\/vc_row][\/vc_section][vc_section][vc_row][vc_column width=&#8220;1\/12&#8243;][\/vc_column][vc_column width=&#8220;5\/12&#8243;][vc_column_text]<\/p>\n<h2>Unsere Mission:<br \/>\nB\u00fcrol\u00f6sungen neu denken<\/h2>\n<p>Wir denken innovativ und handeln schnell. So beraten wir unsere anspruchsvollen Mietinteressenten \u2013 von Startups bis hin zu internationalen Konzernen \u2013 ma\u00dfgeschneidert und flexibel bei der Suche nach modernen B\u00fcrofl\u00e4chen mit kurzen Mietlaufzeiten und state-of-the-art Ausstattung.<\/p>\n<p>Dynamik ist wichtig, aber nicht alles. Wenn es um unser globales Partnernetzwerk geht, setzen wir auf langfristige und stabile partnerschaftliche Beziehungen. Wir arbeiten eng mit Immobilieneigent\u00fcmern, Projektentwicklern und Investoren zusammen. Das bedeutet f\u00fcr unsere Kunden ma\u00dfgeschneiderte FlexOffice-L\u00f6sungen, die ihren nachhaltigen Erfolg sichern.[\/vc_column_text][\/vc_column][vc_column width=&#8220;1\/12&#8243;][\/vc_column][vc_column width=&#8220;4\/12&#8243;][vc_row_inner css=&#8220;.vc_custom_1595272579456{margin-bottom: 2rem !important;}&#8220;][vc_column_inner][dhsv_vc_media image=&#8220;85431&#8243;][\/vc_column_inner][\/vc_row_inner][\/vc_column][vc_column width=&#8220;1\/12&#8243;][\/vc_column][\/vc_row][\/vc_section][vc_section full_width=&#8220;stretch_row&#8220; dhsv_background_color=&#8220;bg_shadow&#8220; el_id=&#8220;team-section&#8220;][vc_row][vc_column][vc_column_text]<\/p>\n<h2>Das Team von FlexOfficeAgency<\/h2>\n<p>[\/vc_column_text][\/vc_column][vc_column width=&#8220;1\/4&#8243;][dhsv_vc_image_text_boxes link=&#8220;url:https%3A%2F%2Fwww.linkedin.com%2Fin%2Fwais-wardak-6193b1b6%2F||target:%20_blank|&#8220; image=&#8220;272287&#8243; title=&#8220;Wais Wardak&#8220; subtitle=&#8220;Founder &amp; Managing Director&#8220; text=&#8220;Mit langj\u00e4hriger Erfahrung in der Immobilienbranche steht Wais Wardak seinen Kunden und Partnern mit fundierter Expertise und umfassendem Know-how im FlexSpace-Segment zur Seite. Seit 2014 ber\u00e4t er Immobilienfonds und -investoren sowie Projektentwickler mit strategischem Weitblick im Bereich flexibler B\u00fcrol\u00f6sungen und hat durch seine Fachkompetenz wegweisende Meilensteine in der Branche gesetzt. Als Gr\u00fcnder und Managing Director f\u00fchrt er den n\u00e4chsten Innovationsschritt an: Mit einer Full-Service-Agency f\u00fcr FlexOffice-Spaces bietet er seinen Kunden und Partner einen entscheidenden Wissensvorsprung und eine ganzheitliche Betreuung.&#8220;][\/vc_column][vc_column width=&#8220;1\/4&#8243;][dhsv_vc_image_text_boxes link=&#8220;url:https%3A%2F%2Fwww.linkedin.com%2Fin%2Fsvenjabenzm%25C3%25BCller%2F|target:_blank&#8220; image=&#8220;272304&#8243; title=&#8220;Svenja Benzm\u00fcller&#8220; subtitle=&#8220;Managing Director&#8220; text=&#8220;Mit einem klaren Fokus auf operative Exzellenz und strategisches Wachstum treibt Svenja Benzm\u00fcller die digitale Transformation des Unternehmens durch den gezielten Einsatz von KI und Automatisierung voran und schafft damit schnellere, schlankere Prozesse entlang der gesamten Wertsch\u00f6pfungskette. Ihr Schwerpunkt liegt auf dem Ausbau strategischer Partnerschaften, der Optimierung von Vertragsstrukturen und der datengetriebenen Steuerung aller Gesch\u00e4ftsbereiche. Dar\u00fcber hinaus entwickelt sie das Team und baut skalierbare Strukturen auf, die nachhaltiges Wachstum erm\u00f6glichen. Ihr Anspruch: Strategie in messbare Ergebnisse \u00fcbersetzen.&#8220;][\/vc_column][vc_column width=&#8220;1\/4&#8243;][dhsv_vc_image_text_boxes link=&#8220;url:https%3A%2F%2Fwww.linkedin.com%2Fin%2Frichard-louis-gross%2F|target:_blank&#8220; image=&#8220;272292&#8243; title=&#8220;Richard Gross&#8220; subtitle=&#8220;Director Agency&#8220; text=&#8220;Mit mehr als 15 Jahren Erfahrung in der Immobilienbranche ber\u00e4t Richard Gross mittelst\u00e4ndische wie auch b\u00f6rsennotierte Unternehmen weltweit bei der Suche nach ma\u00dfgeschneiderten B\u00fcro- und flexiblen Arbeitsplatzl\u00f6sungen. Kunden und Partner unterst\u00fctzt er dabei als Experte mit fundiertem Marktverst\u00e4ndnis, Transparenz und Engagement, stets die beste L\u00f6sung zu realisieren. Dabei betreut er erfolgreich namhafte Enterprise-Kunden, die von seinem starken globalen Netzwerk in der Flex-Office-Branche profitieren. Gemeinsam mit seinem Berater-Team ist er zentraler Ansprechpartner f\u00fcr Mietinteressenten und Flex-Space-Anbieter.&#8220;][\/vc_column][vc_column width=&#8220;1\/4&#8243;][dhsv_vc_image_text_boxes link=&#8220;url:https%3A%2F%2Fwww.linkedin.com%2Fin%2Fheidrun-solmsdorff-290337298%2F|target:_blank&#8220; image=&#8220;272297&#8243; title=&#8220;Heidrun Solmsdorff&#8220; subtitle=&#8220;Senior Financial Accountant&#8220; text=&#8220;Mit \u00fcber 20 Jahren Erfahrung verantwortet Heidrun Solmsdorff die Bereiche Accounting und Finance. Dabei ist sie verantwortlich f\u00fcr die Aufbereitung relevanter Daten, die f\u00fcr strategische Unternehmensentscheidungen von entscheidender Bedeutung sind, und unterst\u00fctzt so aktiv die Gesch\u00e4ftsf\u00fchrung und -partner. Als Ansprechpartnerin f\u00fcr die Finanzen spielt sie eine entscheidende Rolle bei der Gestaltung der Unternehmens-strategie, die das Wachstum und die Weiterentwicklung des Unternehmens erm\u00f6glicht. Mit ihrer fundierten Fachkompetenz gew\u00e4hrleistet sie die reibungslose Durchf\u00fchrung betriebsinterner Prozesse und ist eine verl\u00e4ssliche Kontaktperson f\u00fcr Kunden und Partner.&#8220;][\/vc_column][\/vc_row][\/vc_section][vc_section][vc_row][vc_column][vc_column_text]<\/p>\n<h2>FlexOfficeAgency in Zahlen<\/h2>\n<p>[\/vc_column_text][vc_empty_space][\/vc_column][\/vc_row][vc_row][vc_column width=&#8220;1\/3&#8243;][dhsv_vc_number number=&#8220;8275&#8243; title=&#8220;Objekte&#8220; icon=&#8220;place&#8220; image=&#8220;67740&#8243;][\/vc_column][vc_column width=&#8220;1\/3&#8243;][dhsv_vc_number number=&#8220;465&#8243; title=&#8220;St\u00e4dte&#8220; icon=&#8220;location_city&#8220; image=&#8220;73516&#8243;][\/vc_column][vc_column width=&#8220;1\/3&#8243;][dhsv_vc_number number=&#8220;43&#8243; title=&#8220;L\u00e4nder&#8220; icon=&#8220;flag&#8220; image=&#8220;73511&#8243;][\/vc_column][\/vc_row][vc_row][vc_column][vc_empty_space dhsv_emptyspace=&#8220;m-top-md&#8220;][\/vc_column][\/vc_row][\/vc_section][vc_section full_width=&#8220;stretch_row&#8220; dhsv_background_color=&#8220;bg_grey-white&#8220;][vc_row][vc_column width=&#8220;1\/12&#8243;][\/vc_column][vc_column width=&#8220;4\/12&#8243;][vc_row_inner css=&#8220;.vc_custom_1595272570626{margin-bottom: 2rem !important;}&#8220;][vc_column_inner][dhsv_vc_media image=&#8220;85469&#8243;][\/vc_column_inner][\/vc_row_inner][\/vc_column][vc_column width=&#8220;1\/12&#8243;][\/vc_column][vc_column width=&#8220;5\/12&#8243;][vc_column_text]<\/p>\n<h2>Das Fundament: Ein starkes Team aus echten Experten<\/h2>\n<p>FlexOfficeAgency ist Ihr erster Ansprechpartner, wenn es um die ideale B\u00fcrol\u00f6sung geht. Wir sind Real-Estate-Experten, die sich voll und ganz darauf konzentrieren, die Bed\u00fcrfnisse Ihres Unternehmens zu verstehen und umzusetzen.<\/p>\n<p>Wir verstehen, wie entscheidend der richtige B\u00fcroraum f\u00fcr die Gesch\u00e4ftsstrategie eines Unternehmens ist. Deshalb sehen wir unsere Aufgabe als FlexOffice-Berater nicht nur darin, eine beliebige flexible B\u00fcrofl\u00e4che zu finden, sondern vor allem darin, das Wachstum unserer Kunden zu f\u00f6rdern. Durch ein agiles, kreatives Arbeitsumfeld schaffen wir die Grundlage f\u00fcr den langfristigen Erfolg und helfen, die Visionen unserer Kunden Realit\u00e4t werden zu lassen.<\/p>\n<p>Mit Ihnen an unserer Seite analysieren wir genau, welcher Immobilienbedarf f\u00fcr Ihr Unternehmen besteht, und entwickeln eine ma\u00dfgeschneiderte FlexOffice-L\u00f6sung, die perfekt mit Ihrer Strategie harmoniert \u2013 damit Ihr Team produktiver und erfolgreicher arbeiten kann. Unsere Expertise basiert auf tiefgreifendem Wissen im Bereich gewerblicher B\u00fcroimmobilien und langj\u00e4hriger Erfahrung in der Vermittlung von FlexOffice L\u00f6sungen.[\/vc_column_text][vc_empty_space][dhsv_vc_button title=&#8220;Sie wollen Teil unseres Teams werden?&#8220; link=&#8220;url:https%3A%2F%2Fwww.flexofficeagency.com%2Fde%2Fkarriere%2F|title:Ihre%20Karrierechancen%20bei%20FlexOfficeAgency|target:_blank&#8220; type=&#8220;secondary&#8220; alignment=&#8220;left&#8220;][\/vc_column][vc_column width=&#8220;1\/12&#8243;][\/vc_column][\/vc_row][\/vc_section][vc_section][vc_row][vc_column width=&#8220;1\/12&#8243;][\/vc_column][vc_column width=&#8220;5\/12&#8243;][vc_column_text]<\/p>\n<h2>Unser Motto: The Sky&#8217;s the Limit!<\/h2>\n<p>Wir sind stolz darauf, in Sachen Branchenexpertise und -erfahrung unerreicht zu sein \u2013 und das haben wir vor allem dadurch erreicht, dass wir stets im besten Interesse aller Akteure der Flex-Office-Branche handeln.<\/p>\n<p>Unser Ziel l\u00e4sst sich ganz einfach zusammenfassen: Wir m\u00f6chten die Komplexit\u00e4t der B\u00fcrovermietung weltweit reduzieren. Egal, ob Sie einen Arbeitsplatz f\u00fcr Ihr Team suchen, die ideale Fl\u00e4che f\u00fcr die Expansion Ihrer Business-Center-Marke ben\u00f6tigen oder einen FlexOffice Space zur Wertsteigerung Ihres Immobilienportfolios finden wollen \u2013 FlexOfficeAgency bietet Ihnen genau das, was Sie brauchen.[\/vc_column_text][\/vc_column][vc_column width=&#8220;1\/12&#8243;][\/vc_column][vc_column width=&#8220;4\/12&#8243;][vc_row_inner css=&#8220;.vc_custom_1595272611768{margin-bottom: 2rem !important;}&#8220;][vc_column_inner][dhsv_vc_media image=&#8220;85439&#8243;][\/vc_column_inner][\/vc_row_inner][\/vc_column][vc_column width=&#8220;1\/12&#8243;][\/vc_column][\/vc_row][\/vc_section][vc_row][vc_column][dhsv_vc_template_element template_id=&#8220;66799&#8243;][\/vc_column][\/vc_row]<\/p>\n<\/div>","protected":false},"excerpt":{"rendered":"<p>[vc_section][vc_row][vc_column][vc_empty_space][vc_column_text] Unser einzigartiges Leistungsspektrum [\/vc_column_text][vc_empty_space dhsv_emptyspace=&#8220;m-top-md&#8220;][dhsv_vc_icon_blocks image_align=&#8220;center&#8220; text_align=&#8220;center&#8220; blocks=&#8220;%5B%7B%22type%22%3A%22image%22%2C%22icon%22%3A%22share%22%2C%22image%22%3A%22271567%22%2C%22title%22%3A%22Flexible%20B%C3%BCrol%C3%B6sungen%22%2C%22bgcolor%22%3A%22secondary_10%22%7D%2C%7B%22type%22%3A%22image%22%2C%22icon%22%3A%22crop_square%22%2C%22image%22%3A%22271572%22%2C%22title%22%3A%22Real%20Estate%20Consulting%22%2C%22bgcolor%22%3A%22secondary_10%22%7D%2C%7B%22type%22%3A%22image%22%2C%22icon%22%3A%22share%22%2C%22image%22%3A%22271477%22%2C%22title%22%3A%22Expansionsstrategien%22%2C%22bgcolor%22%3A%22secondary_10%22%7D%5D&#8220;][\/vc_column][\/vc_row][\/vc_section][vc_section][vc_row][vc_column width=&#8220;1\/12&#8243;][\/vc_column][vc_column width=&#8220;4\/12&#8243;][vc_row_inner css=&#8220;.vc_custom_1595272570626{margin-bottom: 2rem !important;}&#8220;][vc_column_inner][dhsv_vc_media image=&#8220;85435&#8243;][\/vc_column_inner][\/vc_row_inner][\/vc_column][vc_column width=&#8220;1\/12&#8243;][\/vc_column][vc_column width=&#8220;5\/12&#8243;][vc_column_text] Unsere Vision: Den B\u00fcromarkt revolutionieren Wir sind ein dynamisches Unternehmen, das in \u00fcber 40 L\u00e4ndern flexible B\u00fcrofl\u00e4chen vermittelt. Dank unseres umfassenden 360-Grad-\u00dcberblicks \u00fcber den B\u00fcromarkt und seiner sich st\u00e4ndig wandelnden Trends, profitieren alle Beteiligten von unserer Expertise. FlexOfficeAgency &hellip; <a href=\"https:\/\/www.flexofficeagency.com\/de\/flexofficeagency-gmbh-die-branchenexperten\/\">Continued<\/a><\/p>\n","protected":false},"author":3,"featured_media":268556,"parent":0,"menu_order":0,"comment_status":"closed","ping_status":"closed","template":"","meta":{"_acf_changed":false,"footnotes":""},"class_list":["post-166225","page","type-page","status-publish","has-post-thumbnail","hentry"],"acf":[],"_links":{"self":[{"href":"https:\/\/www.flexofficeagency.com\/de\/wp-json\/wp\/v2\/pages\/166225","targetHints":{"allow":["GET"]}}],"collection":[{"href":"https:\/\/www.flexofficeagency.com\/de\/wp-json\/wp\/v2\/pages"}],"about":[{"href":"https:\/\/www.flexofficeagency.com\/de\/wp-json\/wp\/v2\/types\/page"}],"author":[{"embeddable":true,"href":"https:\/\/www.flexofficeagency.com\/de\/wp-json\/wp\/v2\/users\/3"}],"replies":[{"embeddable":true,"href":"https:\/\/www.flexofficeagency.com\/de\/wp-json\/wp\/v2\/comments?post=166225"}],"version-history":[{"count":0,"href":"https:\/\/www.flexofficeagency.com\/de\/wp-json\/wp\/v2\/pages\/166225\/revisions"}],"wp:featuredmedia":[{"embeddable":true,"href":"https:\/\/www.flexofficeagency.com\/de\/wp-json\/wp\/v2\/media\/268556"}],"wp:attachment":[{"href":"https:\/\/www.flexofficeagency.com\/de\/wp-json\/wp\/v2\/media?parent=166225"}],"curies":[{"name":"wp","href":"https:\/\/api.w.org\/{rel}","templated":true}]}}