{"id":166174,"date":"2022-09-05T12:54:30","date_gmt":"2022-09-05T10:54:30","guid":{"rendered":"https:\/\/www.flexofficeagency.com\/frequently-asked-questions-2\/"},"modified":"2025-02-03T16:09:12","modified_gmt":"2025-02-03T15:09:12","slug":"faq","status":"publish","type":"page","link":"https:\/\/www.flexofficeagency.com\/de\/faq\/","title":{"rendered":"H\u00e4ufig gestellte Fragen (FAQ)"},"content":{"rendered":"<div class=\"wpb-content-wrapper\"><p>[vc_section dhsv_show_get_in_touch=&#8220;1&#8243;][vc_row][vc_column width=&#8220;3\/4&#8243;][vc_column_text]Nachstehend finden Sie eine Auflistung h\u00e4ufig gestellter <strong>Fragen und Antworten rund um FlexOfficeAgency<\/strong>\u00a0sowie wichtige Hinweise zu unseren Dienstleistungen. Selbstverst\u00e4ndlich stehen wir Ihnen jederzeit gerne auch pers\u00f6nlich zur Verf\u00fcgung, um Sie \u00fcber unser Angebot und flexible B\u00fcrol\u00f6sungen zu informieren.[\/vc_column_text][vc_empty_space dhsv_emptyspace=&#8220;m-top-md&#8220;][\/vc_column][vc_column width=&#8220;1\/4&#8243;][\/vc_column][\/vc_row][vc_row][vc_column width=&#8220;3\/4&#8243;][vc_column_text]<\/p>\n<h2>Allgemeine Fragen<\/h2>\n<p>[\/vc_column_text][vc_empty_space][\/vc_column][vc_column width=&#8220;1\/4&#8243;][\/vc_column][\/vc_row][vc_row][vc_column width=&#8220;3\/4&#8243;][vc_column_text]<\/p>\n<h4 class=\"semibold\">Worin bestehen die Dienstleistungen von FlexOfficeAgency?<\/h4>\n<p>FlexOfficeAgency bietet seinen Kunden die kostenfreie, vollumf\u00e4ngliche Expertenberatung rund um flexible B\u00fcrol\u00f6sungen. Dies beinhaltet eine umfassende \u00dcbersicht aller vorhandenen Business Center sowie einen kostenlosen Beratungs- und Vermittlungsservice rund um B\u00fcrofl\u00e4chen in \u00fcber 40 L\u00e4ndern weltweit.<\/p>\n<p><strong>Wir finden ideale B\u00fcrol\u00f6sungen f\u00fcr Unternehmen jeder Gr\u00f6\u00dfe \u2013 dieser Service ist schnell, kostenfrei und unverbindlich.<\/strong>[\/vc_column_text][vc_empty_space dhsv_emptyspace=&#8220;m-top-md&#8220;][vc_column_text]<\/p>\n<h4 class=\"semibold\">&#8230; also <em>wie genau<\/em> unterst\u00fctzt FlexOfficeAgency mich?<\/h4>\n<p><strong>Wir begleiten Ihr Unternehmen ganzheitlich und kostenlos bei der Suche nach der optimalen B\u00fcrol\u00f6sung.<\/strong> Wir stellen Ihnen etwa einen \u00dcberblick \u00fcber freie Fl\u00e4chen in Ihrer Wunschregion zusammen, sprechen f\u00fcr Sie mit den Anbietern und helfen Ihnen dar\u00fcber hinaus bei den Preisverhandlungen.<\/p>\n<p>Bitte folgen Sie dem nachstehenden Link f\u00fcr weitere Details zu unserem <a href=\"https:\/\/www.flexofficeagency.com\/de\/bueroraeume-mieten\/\" target=\"_blank\" rel=\"noopener noreferrer\">Service f\u00fcr Unternehmen auf B\u00fcrosuche<\/a>.[\/vc_column_text][vc_empty_space dhsv_emptyspace=&#8220;m-top-md&#8220;][vc_column_text]<\/p>\n<h4 class=\"semibold\">Was bietet mir die Website www.flexofficeagency.com?<\/h4>\n<p>Unsere Plattform bietet Ihnen eine umfangreiche \u00dcbersicht aller Business Center weltweit. Unternehmen, die auf B\u00fcrosuche sind, k\u00f6nnen auf www.flexofficeagency.com kostenlos ausf\u00fchrliche Informationen zu Business Centern in St\u00e4dten aus \u00fcber 40 L\u00e4ndern einsehen.<\/p>\n<p>Hierzu gen\u00fcgt es bereits, die gew\u00fcnschte Stadt in unserer Location-Suche auszuw\u00e4hlen, woraufhin Sie zu einer \u00dcbersicht der dort befindlichen Office Center samt Kartenansicht gelangen. Hier sehen Sie nicht nur die wichtigsten Daten der Center, sondern k\u00f6nnen \u00fcber unsere Direktanfrage (Blitzsymbol) auch sofort Ihr Interesse an einem Center Ihrer Wahl mitteilen.<\/p>\n<p>Alternativ k\u00f6nnen Sie \u00fcber den Button \u201ePreise &amp; Informationen anfordern\u201c (B\u00fcroklammer-Symbol) einzelne Center zun\u00e4chst zu Ihrer Liste hinzuf\u00fcgen, um sp\u00e4ter eine gesammelte B\u00fcro-Anfrage an uns zu \u00fcbersenden.<\/p>\n<p><strong>www.flexofficeagency.com ist die zentrale Anlaufstelle f\u00fcr Unternehmen auf B\u00fcrosuche. Hier finden Sie garantiert eine Fl\u00e4che nach Ihrem Bedarf \u2013 und falls nicht, unterst\u00fctzen unsere Experten Sie gerne pers\u00f6nlich bei der Suche.<\/strong>[\/vc_column_text][vc_empty_space dhsv_emptyspace=&#8220;m-top-lg&#8220;][\/vc_column][vc_column width=&#8220;1\/4&#8243;][\/vc_column][\/vc_row][vc_row][vc_column width=&#8220;3\/4&#8243;][vc_column_text]<\/p>\n<h2>Fragen zu Business Centern<\/h2>\n<p>[\/vc_column_text][vc_empty_space][\/vc_column][vc_column width=&#8220;1\/4&#8243;][\/vc_column][\/vc_row][vc_row][vc_column width=&#8220;3\/4&#8243;][vc_column_text]<\/p>\n<h4 class=\"semibold\">Was ist ein Business Center?<\/h4>\n<p>Business Center (auch Office Center genannt) bieten anmietbare gewerbliche Fl\u00e4chen, die sich zumeist aus abgetrennten einzelnen B\u00fcros und gemeinsam genutzten, offenen Bereichen zusammensetzen.<\/p>\n<p>Wesentlich ist hierbei das Plug \u2019n Play-Konzept: Die B\u00fcros sind m\u00f6bliert und technisch voll ausgestattet, sodass Mieter jederzeit einziehen und sofort die Arbeit aufnehmen k\u00f6nnen.<\/p>\n<p>Ein weiterer Vorteil gegen\u00fcber konventionellen B\u00fcros sind Zusatz-Services, die vor Ort angeboten werden und im Mietpreis meist inbegriffen sind. Hierzu geh\u00f6ren etwa Catering, Barista-Kaffee, Meeting-R\u00e4ume, ein besetzter Empfang oder ein Sekretariatsservice.<\/p>\n<p><strong>Office Center bieten individuelle und schnell verf\u00fcgbare B\u00fcro-L\u00f6sungen f\u00fcr Freelancer, Startups und Unternehmen jeder Gr\u00f6\u00dfe.<\/strong>[\/vc_column_text][vc_empty_space dhsv_emptyspace=&#8220;m-top-md&#8220;][vc_column_text]<\/p>\n<h4 class=\"semibold\">Welche Vorteile bieten Business Center?<\/h4>\n<ul>\n<li>Bei der Anmietung von bis zu 20 Arbeitspl\u00e4tzen sind Office Center grunds\u00e4tzlich preiswerter als ein klassischer B\u00fcroraum.<\/li>\n<li>Die Preisvorteile reichen je nach Anzahl der angemieteten Arbeitspl\u00e4tze von 24 &#8211; 200%.<\/li>\n<li>Business Center erm\u00f6glichen zeit- und fl\u00e4chenflexible Mietvertr\u00e4ge und reduzieren damit das Risiko der Bindung an langfristige Mietvertr\u00e4ge. Sie tragen damit wesentlich zur Senkung des Fixkostenrisikos bei, bieten aber bei Bedarf das notwendige fl\u00e4chenm\u00e4\u00dfige Erweiterungspotenzial.<\/li>\n<li>Business Center erm\u00f6glichen den sofortigen Markteintritt und sparen damit Zeit und Kosten erheblich.<\/li>\n<li>Auch kleinere Teams haben hier die M\u00f6glichkeit, sich in besonders repr\u00e4sentativen Immobilien in Top-Lagen einzumieten. Das tr\u00e4gt wesentlich zur Imagef\u00f6rderung bei.<\/li>\n<li>Business Center erm\u00f6glichen eine sichere und \u00fcbersichtliche Planung s\u00e4mtlicher mit der B\u00fcroanmietung verbundenen Kosten.<br \/>\nBusiness Center erm\u00f6glichen die Konzentration auf das Kerngesch\u00e4ft.<\/li>\n<li>Business Center tragen zur Liquidit\u00e4tsschonung bei, da keine Investitionen in Mobiliar und Infrastruktur anfallen.<\/li>\n<li>Virtual Offices in Business Centern stellen eine sehr attraktive Alternative zur klassischen Anmietung von B\u00fcror\u00e4umen dar, da das Fixkostenrisiko auf ein Minimum reduziert wird, das \u00e4u\u00dfere Erscheinungsbild jedoch vollkommen repr\u00e4sentativ ist.<\/li>\n<li>Besteht Bedarf nach Konferenz- und Tagungsm\u00f6glichkeiten, so bieten die Center gegen\u00fcber Hotels und Konferenzzentren wesentliche Vorteile, da sie erheblich kosteng\u00fcnstiger sind und keine Verpflichtung zur Buchung von \u00dcbernachtungen oder Catering besteht.<\/li>\n<\/ul>\n<p>[\/vc_column_text][vc_empty_space][vc_column_text]Diese Liste erhebt keinen Anspruch auf Vollst\u00e4ndigkeit. Wenn Sie Weiteres hierzu erfahren m\u00f6chten, erl\u00e4utern Ihnen unsere Experten gerne mehr Details im pers\u00f6nlichen Gespr\u00e4ch \u2013 Sie erreichen uns werktags von 08:00 bis 20:00 Uhr unter <a href=\"tel:+4969-588-043-100\">+49 69 9999 890 00<\/a> und jederzeit via <a href=\"mailto:info@flexofficeagency.de\">E-Mail<\/a>.[\/vc_column_text][vc_empty_space dhsv_emptyspace=&#8220;m-top-md&#8220;][vc_column_text]<\/p>\n<h4 class=\"semibold\">Flexibles B\u00fcro, Business Center, Coworking \u2013 was ist der Unterschied?<\/h4>\n<p>Im Kern haben alle drei Konzepte das gleiche Ziel: gr\u00f6\u00dftm\u00f6gliche Flexibilit\u00e4t. Damit sind sie die richtige Antwort auf ein globales wirtschaftliches Geschehen, das von allen Marktteilnehmern immer mehr Digitalit\u00e4t, Mut zu Innovationen und vor allem schnellere Reaktionen einfordert.<\/p>\n<p>Wie wird die Flexibilit\u00e4t gew\u00e4hrleistet? In allen F\u00e4llen handelt es sich um Plug \u2019n Play-L\u00f6sungen, die den Mietern sofort zur Verf\u00fcgung stehen \u2013 komplett m\u00f6bliert, technisch top ausgestattet und mit vielen Inklusiv-Services vor Ort. Entrepreneure und Teams jeder Gr\u00f6\u00dfe k\u00f6nnen ihre Fl\u00e4chen so jederzeit \u201a\u00fcber Nacht\u2018 beziehen und durchstarten.<\/p>\n<p>Im Detail gibt es allerdings Unterschiede. Das <a href=\"https:\/\/www.flexofficeagency.com\/de\/coworking-space-finden\/\" target=\"_blank\" rel=\"noopener noreferrer\">Angebot von Coworking Spaces<\/a> richtet sich eher an Freelancer und kleinere Teams und ist dem Community-Gedanken verpflichtet, w\u00e4hrend <a href=\"https:\/\/www.flexofficeagency.com\/de\/bueroraeume-mieten\/\" target=\"_blank\" rel=\"noopener noreferrer\">flexible B\u00fcros<\/a> das \u201aklassische\u2018 Modell mit den oben genannten Vorteilen verkn\u00fcpfen. In <a href=\"https:\/\/www.flexofficeagency.com\/de\/business-center-deutschland\/\" target=\"_blank\" rel=\"noopener noreferrer\">Business Centern<\/a> existieren oft beide Modelle nebeneinander.<\/p>\n<p><strong>Flexible Office Space hei\u00dft: Alles ist professionell und fertig f\u00fcr Sie eingerichtet. F\u00fcr genauere Infos zu den einzelnen Modellen folgen Sie bitte den Links im Text.<\/strong>[\/vc_column_text][vc_empty_space dhsv_emptyspace=&#8220;m-top-md&#8220;][vc_column_text]<\/p>\n<h4 class=\"semibold\">Business Center \u2013 ebenfalls wissenswert:<\/h4>\n<p>[\/vc_column_text][dhsv_vc_faq items=&#8220;%5B%7B%22faq%22%3A%2275202%22%7D%2C%7B%22faq%22%3A%2275198%22%7D%2C%7B%22faq%22%3A%2275200%22%7D%2C%7B%22faq%22%3A%2275201%22%7D%2C%7B%22faq%22%3A%2275212%22%7D%2C%7B%22faq%22%3A%2275213%22%7D%5D&#8220;][vc_empty_space dhsv_emptyspace=&#8220;m-top-lg&#8220;][\/vc_column][vc_column width=&#8220;1\/4&#8243;][\/vc_column][\/vc_row][vc_row][vc_column width=&#8220;3\/4&#8243;][vc_column_text]<\/p>\n<h2>H\u00e4ufige Fragen von Kunden<\/h2>\n<p>[\/vc_column_text][vc_empty_space][\/vc_column][vc_column width=&#8220;1\/4&#8243;][\/vc_column][\/vc_row][vc_row][vc_column width=&#8220;3\/4&#8243;][vc_column_text]<\/p>\n<h4 class=\"semibold\">Was kostet mich der Service von FlexOfficeAgency?<\/h4>\n<p><strong>Unsere Leistungen sind f\u00fcr Sie mit <u>keinen Kosten<\/u> oder Verpflichtungen verbunden.<\/strong> Ihre Anfrage, die Beratung durch unsere Experten sowie die erfolgreiche Vermittlung jedes B\u00fcros von unserer Plattform sind f\u00fcr Sie als Mieter absolut kostenfrei.[\/vc_column_text][vc_empty_space dhsv_emptyspace=&#8220;m-top-md&#8220;][vc_column_text]<\/p>\n<h4 class=\"semibold\">Warum finde ich zu den B\u00fcros keine Preisangaben?<\/h4>\n<p>Im Unterschied zu beispielsweise Consumer-Produkten lassen sich die Preise von flexiblen B\u00fcros im Vorfeld nur schwer pauschal berechnen. Die tats\u00e4chliche Monatsmiete h\u00e4ngt von vielen Parametern ab, darunter Teamgr\u00f6\u00dfe, Vertragsdauer, Center-Betreiber, hinzugebuchte Extras etc.<\/p>\n<p>Beim Preis gibt es anders gesagt gro\u00dfe Spielr\u00e4ume. Konkrete Angaben w\u00e4ren in vielen F\u00e4llen wenig realistisch oder oft nach kurzer Zeit nicht mehr aktuell.<\/p>\n<p>Unabh\u00e4ngig davon ist es unser Anspruch, Ihnen jede gew\u00fcnschte Fl\u00e4che zum bestm\u00f6glichen Mietpreis zu vermitteln. Daf\u00fcr helfen wir Ihnen gern beim Aushandeln der Konditionen.<\/p>\n<p><strong>Die Preise im FlexSpace-Segment sind sehr flexibel und richten sich nach Ihrem tats\u00e4chlichen Bedarf. \u00dcber den preislichen Rahmen, besondere Angebote und Ihre individuellen Einsparm\u00f6glichkeiten informieren wir Sie gerne im Zuge der Beratung.<\/strong>[\/vc_column_text][vc_empty_space dhsv_emptyspace=&#8220;m-top-md&#8220;][vc_column_text]<\/p>\n<h4 class=\"semibold\">Wie kann ich FlexOfficeAgency kontaktieren?<\/h4>\n<p>Unsere Experten sind werktags von 08:00 bis 20:00 Uhr unter <a href=\"tel:+4969-588043100\">+49 69 9999 890 00<\/a> sowie via E-Mail an <a href=\"mailto:info@flexofficeagency.de\">info@flexofficeagency.de<\/a> pers\u00f6nlich f\u00fcr Sie zu erreichen. Sie k\u00f6nnen Ihre Anfrage zudem jederzeit \u00fcber unser Kontaktformular an uns richten.<\/p>\n<p><strong>Wir sind jederzeit gerne f\u00fcr Sie da und freuen uns auf Ihre Anfrage.<\/strong>[\/vc_column_text][vc_empty_space dhsv_emptyspace=&#8220;m-top-md&#8220;][vc_column_text]<\/p>\n<h4 class=\"semibold\">Weitere wichtige Infos f\u00fcr unsere Kunden:<\/h4>\n<p>[\/vc_column_text][dhsv_vc_faq items=&#8220;%5B%7B%22faq%22%3A%2275221%22%7D%2C%7B%22faq%22%3A%2275222%22%7D%2C%7B%22faq%22%3A%2275223%22%7D%2C%7B%22faq%22%3A%2275224%22%7D%2C%7B%22faq%22%3A%2275225%22%7D%2C%7B%22faq%22%3A%2275226%22%7D%2C%7B%22faq%22%3A%2275228%22%7D%5D&#8220;][vc_empty_space dhsv_emptyspace=&#8220;m-top-lg&#8220;][\/vc_column][vc_column width=&#8220;1\/4&#8243;][\/vc_column][\/vc_row][vc_row][vc_column width=&#8220;3\/4&#8243;][vc_column_text]<\/p>\n<h2>Antworten f\u00fcr Provider &amp; Eigent\u00fcmer<\/h2>\n<p>[\/vc_column_text][vc_empty_space][\/vc_column][vc_column width=&#8220;1\/4&#8243;][\/vc_column][\/vc_row][vc_row][vc_column width=&#8220;3\/4&#8243;][vc_column_text]<\/p>\n<h4 class=\"semibold\">Wie unterst\u00fctzt FlexOfficeAgency Coworking-Anbieter und Business-Center-Betreiber?<\/h4>\n<p>Wer einen Coworking Space oder ein Business Center betreibt, steht vor der Aufgabe der bestm\u00f6glichen Belegung aller Fl\u00e4chen. Diese Aufgabe l\u00f6sen wir f\u00fcr Sie: Zu Ihnen als Anbieter f\u00fchrt FlexOfficeAgency die passenden gewerblichen Mietinteressenten. Dar\u00fcber hinaus stehen wir Ihnen als vielseitiger Berater und Analyst des Flex-Office-Markts aktiv zur Seite.[\/vc_column_text][vc_empty_space dhsv_emptyspace=&#8220;m-top-md&#8220;][vc_column_text]<\/p>\n<h4 class=\"semibold\">Wie unterst\u00fctzt FlexOfficeAgency Immobilieneigent\u00fcmer?<\/h4>\n<p>Die Flex-Office-Nutzung gewerblicher Mietfl\u00e4chen er\u00f6ffnet Eigent\u00fcmern neue wirtschaftliche Chancen und stellt zugleich eine Aufwertung von Immobilien dar. Wir beraten Sie als Eigent\u00fcmer dazu, welche Optionen es gibt, und zum Beispiel auch dazu, welche FlexSpace-Anbieter auf der Suche nach neuen anmietbaren Fl\u00e4chen sind.[\/vc_column_text][vc_empty_space dhsv_emptyspace=&#8220;m-top-md&#8220;][\/vc_column][vc_column width=&#8220;1\/4&#8243;][\/vc_column][\/vc_row][\/vc_section]<\/p>\n<\/div>","protected":false},"excerpt":{"rendered":"<p>[vc_section dhsv_show_get_in_touch=&#8220;1&#8243;][vc_row][vc_column width=&#8220;3\/4&#8243;][vc_column_text]Nachstehend finden Sie eine Auflistung h\u00e4ufig gestellter Fragen und Antworten rund um FlexOfficeAgency\u00a0sowie wichtige Hinweise zu unseren Dienstleistungen. Selbstverst\u00e4ndlich stehen wir Ihnen jederzeit gerne auch pers\u00f6nlich zur Verf\u00fcgung, um Sie \u00fcber unser Angebot und flexible B\u00fcrol\u00f6sungen zu informieren.[\/vc_column_text][vc_empty_space dhsv_emptyspace=&#8220;m-top-md&#8220;][\/vc_column][vc_column width=&#8220;1\/4&#8243;][\/vc_column][\/vc_row][vc_row][vc_column width=&#8220;3\/4&#8243;][vc_column_text] Allgemeine Fragen [\/vc_column_text][vc_empty_space][\/vc_column][vc_column width=&#8220;1\/4&#8243;][\/vc_column][\/vc_row][vc_row][vc_column width=&#8220;3\/4&#8243;][vc_column_text] Worin bestehen die Dienstleistungen von FlexOfficeAgency? FlexOfficeAgency &hellip; <a href=\"https:\/\/www.flexofficeagency.com\/de\/faq\/\">Continued<\/a><\/p>\n","protected":false},"author":3,"featured_media":268466,"parent":0,"menu_order":0,"comment_status":"closed","ping_status":"closed","template":"","meta":{"_acf_changed":false,"footnotes":""},"class_list":["post-166174","page","type-page","status-publish","has-post-thumbnail","hentry"],"acf":[],"_links":{"self":[{"href":"https:\/\/www.flexofficeagency.com\/de\/wp-json\/wp\/v2\/pages\/166174","targetHints":{"allow":["GET"]}}],"collection":[{"href":"https:\/\/www.flexofficeagency.com\/de\/wp-json\/wp\/v2\/pages"}],"about":[{"href":"https:\/\/www.flexofficeagency.com\/de\/wp-json\/wp\/v2\/types\/page"}],"author":[{"embeddable":true,"href":"https:\/\/www.flexofficeagency.com\/de\/wp-json\/wp\/v2\/users\/3"}],"replies":[{"embeddable":true,"href":"https:\/\/www.flexofficeagency.com\/de\/wp-json\/wp\/v2\/comments?post=166174"}],"version-history":[{"count":0,"href":"https:\/\/www.flexofficeagency.com\/de\/wp-json\/wp\/v2\/pages\/166174\/revisions"}],"wp:featuredmedia":[{"embeddable":true,"href":"https:\/\/www.flexofficeagency.com\/de\/wp-json\/wp\/v2\/media\/268466"}],"wp:attachment":[{"href":"https:\/\/www.flexofficeagency.com\/de\/wp-json\/wp\/v2\/media?parent=166174"}],"curies":[{"name":"wp","href":"https:\/\/api.w.org\/{rel}","templated":true}]}}