{"id":109572,"date":"2021-01-22T08:43:23","date_gmt":"2021-01-22T07:43:23","guid":{"rendered":"https:\/\/www.flexofficeagency.com\/career\/"},"modified":"2025-02-03T16:12:06","modified_gmt":"2025-02-03T15:12:06","slug":"karriere","status":"publish","type":"page","link":"https:\/\/www.flexofficeagency.com\/de\/karriere\/","title":{"rendered":"Karriere bei FlexOfficeAgency"},"content":{"rendered":"<div class=\"wpb-content-wrapper\"><p>[vc_section][vc_row][vc_column][vc_empty_space dhsv_emptyspace=&#8220;m-top-md&#8220;][\/vc_column][\/vc_row][vc_row][vc_column][dhsv_vc_icon_blocks image_align=&#8220;center&#8220; text_align=&#8220;center&#8220; blocks=&#8220;%5B%7B%22type%22%3A%22image%22%2C%22icon%22%3A%22drag_handle%22%2C%22image%22%3A%22271477%22%2C%22title%22%3A%22Ein%20sicherer%20Arbeitsgeber%22%2C%22text%22%3A%22Ein%20unbe%C2%ADfris%C2%ADtetes%20Arbeits%C2%ADver%C2%ADh%C3%A4lt%C2%ADnis%20in%20einem%20zukunftsorientierten%20Unter%C2%ADnehmen%22%2C%22bgcolor%22%3A%22none%22%7D%2C%7B%22type%22%3A%22image%22%2C%22icon%22%3A%22graphic_eq%22%2C%22image%22%3A%22271472%22%2C%22title%22%3A%22Raum%20f%C3%BCr%20Weiterentwicklung%22%2C%22text%22%3A%22Interessante%20berufliche%20Perspektiven%20mit%20hervorragenden%20Entwicklungs-%20und%20Aufstiegsm%C3%B6glichkeiten%22%2C%22bgcolor%22%3A%22none%22%7D%2C%7B%22type%22%3A%22image%22%2C%22icon%22%3A%22terrain%22%2C%22image%22%3A%22271482%22%2C%22title%22%3A%22Teamspirit%22%2C%22text%22%3A%22Du%20wirst%20Mitglied%20in%20einem%20motivierten%2C%20engagierten%20und%20internationalen%20Team%22%2C%22bgcolor%22%3A%22none%22%7D%5D&#8220;][\/vc_column][\/vc_row][\/vc_section][vc_section el_id=&#8220;jobs&#8220;][vc_row][vc_column][dhsv_vc_job_teaser title=&#8220;Aktuelle Stellenausschreibungen&#8220;][\/vc_column][\/vc_row][\/vc_section][vc_section][vc_row][vc_column width=&#8220;1\/2&#8243; offset=&#8220;vc_hidden-md vc_hidden-sm vc_hidden-xs&#8220;][dhsv_vc_media image=&#8220;117212&#8243;][vc_row_inner][vc_column_inner offset=&#8220;vc_hidden-lg&#8220;][vc_empty_space][\/vc_column_inner][\/vc_row_inner][\/vc_column][vc_column width=&#8220;1\/2&#8243;][vc_column_text]<\/p>\n<h2 class=\"h2\"><strong>Die Nr. 1 f\u00fcr flexible B\u00fcros<\/strong><\/h2>\n<p>FlexOfficeAgency ist exklusiv auf die Vermietung, Expansion und Entwicklung von Business Centern, Coworking-Fl\u00e4chen und flexiblen Arbeitspl\u00e4tzen spezialisiert \u2013 das ist deutschlandweit einmalig.<\/p>\n<p>Das sind wir: Teamwork, Innovation, Leidenschaft f\u00fcr Immobilien.<\/p>\n<h3>Wir machen uns stark f\u00fcr B\u00fcros und stark f\u00fcr dich<\/h3>\n<p><span style=\"color: #677f70;\"><strong>Lies jetzt weiter und erfahre, welche Vorteile dich bei uns neben einer attraktiven Verg\u00fctung und einer erstklassigen B\u00fcroausstattung erwarten.<\/strong><\/span>[\/vc_column_text][\/vc_column][\/vc_row][\/vc_section][vc_section][vc_row][vc_column][dhsv_vc_image_quote_slider slides=&#8220;%5B%7B%22image%22%3A%22117184%22%2C%22quote%22%3A%22Man%20unterst%C3%BCtzt%20sich%20gegenseitig%20und%20arbeitet%20f%C3%BCr%20gemeinsame%20Erfolge.%22%7D%2C%7B%22image%22%3A%22117228%22%2C%22quote%22%3A%22One%20of%20the%20things%20I%20love%20most%20about%20my%20job%20is%20the%20vibe%20I%20feel%20when%20I%20walk%20into%20work.%22%7D%2C%7B%22image%22%3A%22117232%22%2C%22quote%22%3A%22Top%20Arbeitsatmosph%C3%A4re%2C%20sehr%20nette%20Kollegen%2C%20gutes%20Arbeitsklima%20in%20einem%20super%20modern%20eingerichteten%20B%C3%BCro.%22%7D%2C%7B%22image%22%3A%22117208%22%2C%22quote%22%3A%22Durch%20den%20respektvollen%20Umgang%20miteinander%20und%20einem%20repr%C3%A4sentativen%20B%C3%BCro%2C%20f%C3%BChlt%20sich%20die%20Arbeit%20nicht%20wie%20Arbeit%20an!%22%7D%2C%7B%22image%22%3A%22117236%22%2C%22quote%22%3A%22Gute%20Laune%20ist%20garantiert%2C%20sobald%20man%20dieses%20sch%C3%B6ne%20moderne%20Office%20betritt!%22%7D%2C%7B%22image%22%3A%22117216%22%2C%22quote%22%3A%22Professionalit%C3%A4t%2C%20Ehrlichkeit%2C%20Disziplin%20und%20Ehrgeiz%20werden%20hier%20sehr%20stark%20widergespielt%20-%20t%C3%A4glich%22%7D%5D&#8220;][\/vc_column][\/vc_row][vc_row][vc_column][vc_empty_space dhsv_emptyspace=&#8220;m-top-md&#8220;][\/vc_column][\/vc_row][\/vc_section][vc_section full_width=&#8220;stretch_row&#8220; dhsv_background_color=&#8220;bg_primary-shaded&#8220;][vc_row][vc_column][dhsv_vc_reasons][\/vc_column][\/vc_row][\/vc_section][vc_section disable_element=&#8220;yes&#8220;][vc_row][vc_column][vc_empty_space dhsv_emptyspace=&#8220;m-top-md&#8220;][dhsv_vc_kununu_review rating=&#8220;4,7&#8243;][vc_empty_space dhsv_emptyspace=&#8220;m-top-md&#8220;][\/vc_column][\/vc_row][\/vc_section][vc_section full_width=&#8220;stretch_row&#8220; dhsv_background_color=&#8220;bg_image&#8220; dhsv_bgimage=&#8220;116705&#8243;][vc_row][vc_column][vc_empty_space dhsv_emptyspace=&#8220;m-top-md&#8220;][\/vc_column][\/vc_row][vc_row][vc_column width=&#8220;1\/2&#8243;][\/vc_column][vc_column width=&#8220;1\/2&#8243;][vc_column_text]<\/p>\n<p class=\"h2 semibold\" style=\"line-height: 1.2;\">Du willst es wissen?<br \/>\nDann kontaktiere uns<br \/>\ngerne pers\u00f6nlich.<\/p>\n<p>[\/vc_column_text][dhsv_vc_contact_cta][\/vc_column][\/vc_row][vc_row][vc_column][vc_empty_space][\/vc_column][\/vc_row][\/vc_section]<\/p>\n<\/div>","protected":false},"excerpt":{"rendered":"<p>[vc_section][vc_row][vc_column][vc_empty_space dhsv_emptyspace=&#8220;m-top-md&#8220;][\/vc_column][\/vc_row][vc_row][vc_column][dhsv_vc_icon_blocks image_align=&#8220;center&#8220; text_align=&#8220;center&#8220; blocks=&#8220;%5B%7B%22type%22%3A%22image%22%2C%22icon%22%3A%22drag_handle%22%2C%22image%22%3A%22271477%22%2C%22title%22%3A%22Ein%20sicherer%20Arbeitsgeber%22%2C%22text%22%3A%22Ein%20unbe%C2%ADfris%C2%ADtetes%20Arbeits%C2%ADver%C2%ADh%C3%A4lt%C2%ADnis%20in%20einem%20zukunftsorientierten%20Unter%C2%ADnehmen%22%2C%22bgcolor%22%3A%22none%22%7D%2C%7B%22type%22%3A%22image%22%2C%22icon%22%3A%22graphic_eq%22%2C%22image%22%3A%22271472%22%2C%22title%22%3A%22Raum%20f%C3%BCr%20Weiterentwicklung%22%2C%22text%22%3A%22Interessante%20berufliche%20Perspektiven%20mit%20hervorragenden%20Entwicklungs-%20und%20Aufstiegsm%C3%B6glichkeiten%22%2C%22bgcolor%22%3A%22none%22%7D%2C%7B%22type%22%3A%22image%22%2C%22icon%22%3A%22terrain%22%2C%22image%22%3A%22271482%22%2C%22title%22%3A%22Teamspirit%22%2C%22text%22%3A%22Du%20wirst%20Mitglied%20in%20einem%20motivierten%2C%20engagierten%20und%20internationalen%20Team%22%2C%22bgcolor%22%3A%22none%22%7D%5D&#8220;][\/vc_column][\/vc_row][\/vc_section][vc_section el_id=&#8220;jobs&#8220;][vc_row][vc_column][dhsv_vc_job_teaser title=&#8220;Aktuelle Stellenausschreibungen&#8220;][\/vc_column][\/vc_row][\/vc_section][vc_section][vc_row][vc_column width=&#8220;1\/2&#8243; offset=&#8220;vc_hidden-md vc_hidden-sm vc_hidden-xs&#8220;][dhsv_vc_media image=&#8220;117212&#8243;][vc_row_inner][vc_column_inner offset=&#8220;vc_hidden-lg&#8220;][vc_empty_space][\/vc_column_inner][\/vc_row_inner][\/vc_column][vc_column width=&#8220;1\/2&#8243;][vc_column_text] Die Nr. 1 f\u00fcr flexible B\u00fcros FlexOfficeAgency ist exklusiv auf die Vermietung, Expansion und Entwicklung von Business Centern, Coworking-Fl\u00e4chen und flexiblen Arbeitspl\u00e4tzen spezialisiert \u2013 das ist deutschlandweit einmalig. Das sind wir: Teamwork, Innovation, Leidenschaft f\u00fcr Immobilien. Wir machen uns stark &hellip; <a href=\"https:\/\/www.flexofficeagency.com\/de\/karriere\/\">Continued<\/a><\/p>\n","protected":false},"author":3,"featured_media":268498,"parent":0,"menu_order":0,"comment_status":"closed","ping_status":"closed","template":"","meta":{"_acf_changed":false,"footnotes":""},"class_list":["post-109572","page","type-page","status-publish","has-post-thumbnail","hentry"],"acf":[],"_links":{"self":[{"href":"https:\/\/www.flexofficeagency.com\/de\/wp-json\/wp\/v2\/pages\/109572","targetHints":{"allow":["GET"]}}],"collection":[{"href":"https:\/\/www.flexofficeagency.com\/de\/wp-json\/wp\/v2\/pages"}],"about":[{"href":"https:\/\/www.flexofficeagency.com\/de\/wp-json\/wp\/v2\/types\/page"}],"author":[{"embeddable":true,"href":"https:\/\/www.flexofficeagency.com\/de\/wp-json\/wp\/v2\/users\/3"}],"replies":[{"embeddable":true,"href":"https:\/\/www.flexofficeagency.com\/de\/wp-json\/wp\/v2\/comments?post=109572"}],"version-history":[{"count":0,"href":"https:\/\/www.flexofficeagency.com\/de\/wp-json\/wp\/v2\/pages\/109572\/revisions"}],"wp:featuredmedia":[{"embeddable":true,"href":"https:\/\/www.flexofficeagency.com\/de\/wp-json\/wp\/v2\/media\/268498"}],"wp:attachment":[{"href":"https:\/\/www.flexofficeagency.com\/de\/wp-json\/wp\/v2\/media?parent=109572"}],"curies":[{"name":"wp","href":"https:\/\/api.w.org\/{rel}","templated":true}]}}