{"id":103063,"date":"2020-11-05T18:46:34","date_gmt":"2020-11-05T17:46:34","guid":{"rendered":"https:\/\/www.flexofficeagency.com\/office-market-reports\/"},"modified":"2025-02-03T16:08:20","modified_gmt":"2025-02-03T15:08:20","slug":"bueromarkt-marktberichte","status":"publish","type":"page","link":"https:\/\/www.flexofficeagency.com\/de\/bueromarkt-marktberichte\/","title":{"rendered":"FlexOffice-Analysen &#038; B\u00fcromarktberichte"},"content":{"rendered":"<div class=\"wpb-content-wrapper\"><p>[vc_section dhsv_no_padding=&#8220;1&#8243;][vc_row][vc_column][dhsv_vc_market_reports title=&#8220;FlexOffice-B\u00fcromarkt Deutschland: Daten &amp; Insights aus erster Hand&#8220;]Unser Trackrecord bei der weltweiten Vermietung und Entwicklung flexibler B\u00fcror\u00e4ume spricht f\u00fcr sich: Durch unsere t\u00e4glichen Gespr\u00e4che mit internationalen Unternehmen jeder Gr\u00f6\u00dfe erhalten wir direkte Einblicke, was die W\u00fcnsche der Mieter und Trends auf dem B\u00fcromarktsektor betrifft.<\/p>\n<p>Diese Erkenntnisse, zusammen mit umfassenden Marktdaten aus unserem weltweiten FlexOffice-Netzwerk, bilden die Grundlage unserer FlexOffice-Analysen und B\u00fcromarktberichte. FlexOfficeAgency steht f\u00fcr belastbare Analysen und Statistiken, die wir Ihnen auf Wunsch gerne zur Verf\u00fcgung stellen.[\/dhsv_vc_market_reports][\/vc_column][\/vc_row][\/vc_section]<\/p>\n<\/div>","protected":false},"excerpt":{"rendered":"<p>[vc_section dhsv_no_padding=&#8220;1&#8243;][vc_row][vc_column][dhsv_vc_market_reports title=&#8220;FlexOffice-B\u00fcromarkt Deutschland: Daten &amp; Insights aus erster Hand&#8220;]Unser Trackrecord bei der weltweiten Vermietung und Entwicklung flexibler B\u00fcror\u00e4ume spricht f\u00fcr sich: Durch unsere t\u00e4glichen Gespr\u00e4che mit internationalen Unternehmen jeder Gr\u00f6\u00dfe erhalten wir direkte Einblicke, was die W\u00fcnsche der Mieter und Trends auf dem B\u00fcromarktsektor betrifft. Diese Erkenntnisse, zusammen mit umfassenden Marktdaten aus unserem weltweiten &hellip; <a href=\"https:\/\/www.flexofficeagency.com\/de\/bueromarkt-marktberichte\/\">Continued<\/a><\/p>\n","protected":false},"author":4,"featured_media":267518,"parent":0,"menu_order":0,"comment_status":"closed","ping_status":"closed","template":"","meta":{"_acf_changed":false,"footnotes":""},"class_list":["post-103063","page","type-page","status-publish","has-post-thumbnail","hentry"],"acf":[],"_links":{"self":[{"href":"https:\/\/www.flexofficeagency.com\/de\/wp-json\/wp\/v2\/pages\/103063","targetHints":{"allow":["GET"]}}],"collection":[{"href":"https:\/\/www.flexofficeagency.com\/de\/wp-json\/wp\/v2\/pages"}],"about":[{"href":"https:\/\/www.flexofficeagency.com\/de\/wp-json\/wp\/v2\/types\/page"}],"author":[{"embeddable":true,"href":"https:\/\/www.flexofficeagency.com\/de\/wp-json\/wp\/v2\/users\/4"}],"replies":[{"embeddable":true,"href":"https:\/\/www.flexofficeagency.com\/de\/wp-json\/wp\/v2\/comments?post=103063"}],"version-history":[{"count":0,"href":"https:\/\/www.flexofficeagency.com\/de\/wp-json\/wp\/v2\/pages\/103063\/revisions"}],"wp:featuredmedia":[{"embeddable":true,"href":"https:\/\/www.flexofficeagency.com\/de\/wp-json\/wp\/v2\/media\/267518"}],"wp:attachment":[{"href":"https:\/\/www.flexofficeagency.com\/de\/wp-json\/wp\/v2\/media?parent=103063"}],"curies":[{"name":"wp","href":"https:\/\/api.w.org\/{rel}","templated":true}]}}